{"id":5525,"date":"2023-05-08T21:11:03","date_gmt":"2023-05-08T21:11:03","guid":{"rendered":"https:\/\/npmin.org\/?post_type=product&#038;p=5525"},"modified":"2026-04-12T08:41:37","modified_gmt":"2026-04-12T02:41:37","slug":"la-ley-de-la-vida","status":"publish","type":"product","link":"https:\/\/npmin.org\/zh\/product\/la-ley-de-la-vida\/","title":{"rendered":"\u751f\u547d\u4e4b\u9053"},"content":{"rendered":"<p style=\"font-weight: 400;\">\u7c73\u6b47\u5c14\u00b7\u7ef4\u8bfa (Michelle Vino) \u662f\u4e00\u4f4d\u60a3\u6709\u8179\u90e8\u764c\u75c7\u7684\u4eba\uff0c\u5979\u5e0c\u671b\u5979\u80fd\u591f\u5ef6\u957f\u5e76\u62b5\u6297\u5e38\u89c4\u63a7\u5236\u7684\u610f\u56fe\u3002\u5979\u7528\u8461\u8404\u9152\u548c\u8bbe\u5907\u6765\u60c5\u611f\u5316\u521b\u4f24\u5173\u7cfb\u3002\u4e0e\u201c\u751f\u547d\u7684\u6cd5\u5219\u201d\u4e2d\u7684\u539f\u5219\u76f8\u6bd4\u8f83\uff0c\u5728\u751f\u6d3b\u4e2d\u5e94\u7528\u8fd9\u4e9b\u539f\u5219\uff0c\u5728\u764c\u75c7\u4e2d\u6062\u590d\u3002 Obtuvo el gozo y la esperanza que hab\u00eda perdido, y tuvo una Mayor apreciaci\u00f3n de su prop\u00f3sito en la vida.\u7c73\u6b47\u5c14\u7684\u5386\u53f2\u5e76\u975e\u5982\u6b64\u3002\u6211\u4eec\u5c06\u6062\u590d\u5b66\u751f\u4e4b\u95f4\u7684\u5173\u7cfb\u3001\u7cbe\u795e\u751f\u6d3b\u548c\u7cbe\u795e\u5065\u5eb7\u7684\u6700\u4f73\u72b6\u6001\uff0c\u5e76\u4ee5\u8fd9\u4e9b\u539f\u5219\u4e3a\u57fa\u7840\u3002\u4f60\u53ef\u4ee5\u8fd9\u4e48\u505a\u3002 Lee y relee \u201cLa Ley de la Vida\u201d hasta que la entiendas y la a pliques a tu vida\u3002 \u00a1\u4e0d\u72af\u9519\u8bef\uff01<\/p>\n<p><span style=\"font-weight: 400;\">282\u9875<\/span><\/p>","protected":false},"excerpt":{"rendered":"<p>\u00bfQuiere curarse de una enfermedad, restaurar relaciones da\u00f1adas and recuperarse de su ansiedad y depresi\u00f3n, todo al Mismo tiempo\uff1f La Ley de la Vida es el libro que necesitas\u3002\u4e66\u4e2d\u63cf\u8ff0\u7684\u539f\u5219\u5305\u62ec\u8bb8\u591a\u4eba\u7269\u4e0e\u81ea\u7531\u548c\u4e3b\u5f20\u3002<\/p>","protected":false},"featured_media":5526,"template":"","meta":{"_acf_changed":false},"product_brand":[],"product_cat":[38],"product_tag":[],"class_list":{"0":"post-5525","1":"product","2":"type-product","3":"status-publish","4":"has-post-thumbnail","6":"product_cat-books","8":"first","9":"instock","10":"purchasable","11":"product-type-simple"},"acf":[],"_links":{"self":[{"href":"https:\/\/npmin.org\/zh\/wp-json\/wp\/v2\/product\/5525","targetHints":{"allow":["GET"]}}],"collection":[{"href":"https:\/\/npmin.org\/zh\/wp-json\/wp\/v2\/product"}],"about":[{"href":"https:\/\/npmin.org\/zh\/wp-json\/wp\/v2\/types\/product"}],"wp:featuredmedia":[{"embeddable":true,"href":"https:\/\/npmin.org\/zh\/wp-json\/wp\/v2\/media\/5526"}],"wp:attachment":[{"href":"https:\/\/npmin.org\/zh\/wp-json\/wp\/v2\/media?parent=5525"}],"wp:term":[{"taxonomy":"product_brand","embeddable":true,"href":"https:\/\/npmin.org\/zh\/wp-json\/wp\/v2\/product_brand?post=5525"},{"taxonomy":"product_cat","embeddable":true,"href":"https:\/\/npmin.org\/zh\/wp-json\/wp\/v2\/product_cat?post=5525"},{"taxonomy":"product_tag","embeddable":true,"href":"https:\/\/npmin.org\/zh\/wp-json\/wp\/v2\/product_tag?post=5525"}],"curies":[{"name":"\u53ef\u6e7f\u6027\u7c89\u5242","href":"https:\/\/api.w.org\/{rel}","templated":true}]}}