{"id":9893,"date":"2026-04-16T05:56:38","date_gmt":"2026-04-15T23:56:38","guid":{"rendered":"https:\/\/npmin.org\/?post_type=product&#038;p=9893"},"modified":"2026-04-16T05:56:39","modified_gmt":"2026-04-15T23:56:39","slug":"there-is-a-solution-111-daily-messages-of-hope","status":"publish","type":"product","link":"https:\/\/npmin.org\/tr\/urun\/there-is-a-solution-111-daily-messages-of-hope\/","title":{"rendered":"Bir \u00c7\u00f6z\u00fcm Var: 111 G\u00fcnl\u00fck Umut Mesaj\u0131"},"content":{"rendered":"<p>Bu sayfalar, Tanr\u0131&#039;n\u0131n sevgili bir \u00e7ocu\u011fu olarak ya\u015faman\u0131n getirdi\u011fi g\u00fcven ve huzur i\u00e7inde y\u00fcr\u00fcmenize yard\u0131mc\u0131 olmak i\u00e7in yaz\u0131lm\u0131\u015ft\u0131r. S\u0131radan insanlar\u0131n ger\u00e7ek hikayeleri arac\u0131l\u0131\u011f\u0131yla, Tanr\u0131&#039;n\u0131n l\u00fctfunu, iyile\u015ftirmesini, rehberli\u011fini ve ac\u0131 i\u00e7inde bile getirdi\u011fi amac\u0131 g\u00f6receksiniz. O&#039;nun vaatlerine nas\u0131l tutunaca\u011f\u0131n\u0131z\u0131 ve bunlar\u0131 g\u00fcnl\u00fck ya\u015fam i\u00e7in nas\u0131l g\u00fcce d\u00f6n\u00fc\u015ft\u00fcrece\u011finizi \u00f6\u011frenin. Her g\u00fcn bir ad\u0131m atarak, Tanr\u0131 sizin kayna\u011f\u0131n\u0131z oldu\u011funda hayat\u0131n nas\u0131l ger\u00e7ekten geli\u015fti\u011fini ke\u015ffedeceksiniz.<\/p>\n<p>232 sayfa<\/p>","protected":false},"excerpt":{"rendered":"<p>Bu sayfalar, Tanr\u0131&#039;n\u0131n sevgili bir \u00e7ocu\u011fu olarak ya\u015faman\u0131n getirdi\u011fi \u00f6zg\u00fcven ve huzur i\u00e7inde y\u00fcr\u00fcmenize yard\u0131mc\u0131 olmak i\u00e7in yaz\u0131lm\u0131\u015ft\u0131r.<\/p>","protected":false},"featured_media":9895,"template":"","meta":{"_acf_changed":false},"product_brand":[],"product_cat":[38],"product_tag":[210,178,176,213,211,212],"class_list":{"0":"post-9893","1":"product","2":"type-product","3":"status-publish","4":"has-post-thumbnail","6":"product_cat-books","7":"product_tag-devotional","8":"product_tag-healing","9":"product_tag-law-of-life","10":"product_tag-pain","11":"product_tag-stories","12":"product_tag-testimonies","14":"first","15":"instock","16":"shipping-taxable","17":"purchasable","18":"product-type-simple"},"acf":[],"_links":{"self":[{"href":"https:\/\/npmin.org\/tr\/wp-json\/wp\/v2\/product\/9893","targetHints":{"allow":["GET"]}}],"collection":[{"href":"https:\/\/npmin.org\/tr\/wp-json\/wp\/v2\/product"}],"about":[{"href":"https:\/\/npmin.org\/tr\/wp-json\/wp\/v2\/types\/product"}],"wp:featuredmedia":[{"embeddable":true,"href":"https:\/\/npmin.org\/tr\/wp-json\/wp\/v2\/media\/9895"}],"wp:attachment":[{"href":"https:\/\/npmin.org\/tr\/wp-json\/wp\/v2\/media?parent=9893"}],"wp:term":[{"taxonomy":"product_brand","embeddable":true,"href":"https:\/\/npmin.org\/tr\/wp-json\/wp\/v2\/product_brand?post=9893"},{"taxonomy":"product_cat","embeddable":true,"href":"https:\/\/npmin.org\/tr\/wp-json\/wp\/v2\/product_cat?post=9893"},{"taxonomy":"product_tag","embeddable":true,"href":"https:\/\/npmin.org\/tr\/wp-json\/wp\/v2\/product_tag?post=9893"}],"curies":[{"name":"wp","href":"https:\/\/api.w.org\/{rel}","templated":true}]}}