{"id":9890,"date":"2026-04-16T05:46:01","date_gmt":"2026-04-15T23:46:01","guid":{"rendered":"https:\/\/npmin.org\/?post_type=product&#038;p=9890"},"modified":"2026-04-16T05:46:02","modified_gmt":"2026-04-15T23:46:02","slug":"am-i-precious","status":"publish","type":"product","link":"https:\/\/npmin.org\/tr\/urun\/am-i-precious\/","title":{"rendered":"Ben k\u0131ymetli miyim?"},"content":{"rendered":"<p>Her gen\u00e7 k\u0131z\u0131n akl\u0131n\u0131 kurcalayan bir soru vard\u0131r: &quot;De\u011ferli miyim?&quot; Bu sorunun i\u00e7inde gizli umutlar\u0131 ve korkular\u0131 sakl\u0131d\u0131r. Bu soruyu ailesine, arkada\u015flar\u0131na, \u00f6\u011fretmenine sorar ve her zaman istedi\u011fi cevab\u0131 alamaz. Ama sorusunu Tanr\u0131&#039;ya g\u00f6t\u00fcrd\u00fc\u011f\u00fcnde, O&#039;nun cevab\u0131 her zaman ayn\u0131d\u0131r: &quot;Evet, de\u011ferlisin ve seni seviyorum.&quot;\u201c<\/p>\n<p>&nbsp;<\/p>\n<p>28 sayfa<\/p>","protected":false},"excerpt":{"rendered":"<p>Her gen\u00e7 k\u0131z\u0131n akl\u0131n\u0131 kurcalayan bir soru vard\u0131r: &quot;Ben de\u011ferli miyim?&quot;\u201c<\/p>","protected":false},"featured_media":9891,"template":"","meta":{"_acf_changed":false},"product_brand":[],"product_cat":[38],"product_tag":[],"class_list":{"0":"post-9890","1":"product","2":"type-product","3":"status-publish","4":"has-post-thumbnail","6":"product_cat-books","8":"first","9":"instock","10":"shipping-taxable","11":"purchasable","12":"product-type-simple"},"acf":[],"_links":{"self":[{"href":"https:\/\/npmin.org\/tr\/wp-json\/wp\/v2\/product\/9890","targetHints":{"allow":["GET"]}}],"collection":[{"href":"https:\/\/npmin.org\/tr\/wp-json\/wp\/v2\/product"}],"about":[{"href":"https:\/\/npmin.org\/tr\/wp-json\/wp\/v2\/types\/product"}],"wp:featuredmedia":[{"embeddable":true,"href":"https:\/\/npmin.org\/tr\/wp-json\/wp\/v2\/media\/9891"}],"wp:attachment":[{"href":"https:\/\/npmin.org\/tr\/wp-json\/wp\/v2\/media?parent=9890"}],"wp:term":[{"taxonomy":"product_brand","embeddable":true,"href":"https:\/\/npmin.org\/tr\/wp-json\/wp\/v2\/product_brand?post=9890"},{"taxonomy":"product_cat","embeddable":true,"href":"https:\/\/npmin.org\/tr\/wp-json\/wp\/v2\/product_cat?post=9890"},{"taxonomy":"product_tag","embeddable":true,"href":"https:\/\/npmin.org\/tr\/wp-json\/wp\/v2\/product_tag?post=9890"}],"curies":[{"name":"wp","href":"https:\/\/api.w.org\/{rel}","templated":true}]}}