{"id":9749,"date":"2026-03-12T09:46:17","date_gmt":"2026-03-12T03:46:17","guid":{"rendered":"https:\/\/npmin.org\/?post_type=product&#038;p=9749"},"modified":"2026-03-12T09:48:48","modified_gmt":"2026-03-12T03:48:48","slug":"truth-for-life-flash-drive","status":"publish","type":"product","link":"https:\/\/npmin.org\/tr\/urun\/truth-for-life-flash-drive\/","title":{"rendered":"Hayat Boyu Ger\u00e7ek (USB Bellek)"},"content":{"rendered":"<p>Profesyonelce kaydedilmi\u015f bu 24 b\u00f6l\u00fcml\u00fck seri, \u00f6zellikle sizin ve sevdiklerinizin ger\u00e7e\u011fin arac\u0131l\u0131\u011f\u0131yla \u00f6zg\u00fcrl\u00fc\u011f\u00fc deneyimlemenize yard\u0131mc\u0131 olmak i\u00e7in olu\u015fturulmu\u015ftur. \u0130sa, \u201cGer\u00e7ek sizi \u00f6zg\u00fcr k\u0131lacakt\u0131r.\u201d (Yuhanna 8:32) ve \u201cBen yol, ger\u00e7ek ve hayat\u0131m.\u201d (Yuhanna 14:6) demi\u015ftir. Bu seri, sorunlar\u0131n\u0131z\u0131n ard\u0131ndaki nedeni, Tanr\u0131&#039;n\u0131n sizi \u00f6zg\u00fcr k\u0131lmak i\u00e7in sundu\u011fu \u00e7\u00f6z\u00fcm\u00fc, ger\u00e7ek kimli\u011finizi ve de\u011ferinizi ve ya\u015fam amac\u0131n\u0131z\u0131 anlaman\u0131za yard\u0131mc\u0131 olur. Bu seride tasvir edilen Tanr\u0131&#039;ya a\u015f\u0131k olacak ve ilkeleri arac\u0131l\u0131\u011f\u0131yla umut ve \u015fifa bulacaks\u0131n\u0131z.<\/p>\n<p>&nbsp;<\/p>\n<p>1 \u2013 Hayat Boyu Ger\u00e7ek<\/p>\n<p>2 \u2013 T\u0131p Fak\u00fcltesinde \u00d6\u011frenmediklerim<\/p>\n<p>3 \u2013 D\u00fc\u015f\u00fcnceler Nelerdir?<\/p>\n<p>4 \u2013 Tanr\u0131&#039;y\u0131 Tan\u0131mak<\/p>\n<p>5 \u2013 Ger\u00e7ek Kimli\u011finizi ve De\u011ferinizi Bulmak<\/p>\n<p>6 \u2013 \u0130\u015flev Bozuklu\u011funun 5 Nedeni<\/p>\n<p>7 \u2013 En B\u00fcy\u00fck Sorun 1<\/p>\n<p>8 \u2013 En B\u00fcy\u00fck Sorun 2<\/p>\n<p>9 \u2013 Kurtulu\u015f Plan\u0131<\/p>\n<p>10 \u2013 Kabul ve Teslimiyet<\/p>\n<p>11 \u2013 \u0130tiraf, Pi\u015fmanl\u0131k ve Tazminat<\/p>\n<p>12 \u2013 Asmaya Ba\u011flanmak ve Asmada B\u00fcy\u00fcmek<\/p>\n<p>13 \u2013 Olumsuz D\u00fc\u015f\u00fcncelerin \u00dcstesinden Gelmek<\/p>\n<p>14 \u2013 Ba\u015ftan \u00c7\u0131karma ve Ba\u011f\u0131ml\u0131l\u0131klarla Ba\u015fa \u00c7\u0131kma<\/p>\n<p>15 \u2013 Ger\u00e7ek Kimlik<\/p>\n<p>16 \u2013 Sevmekte \u00d6zg\u00fcr Olmak<\/p>\n<p>17 \u2013 Evlilik<\/p>\n<p>18 \u2013 Ebeveynli\u011fin Temelleri<\/p>\n<p>19 \u2013 Eylem Alan\u0131 ve Sa\u011fl\u0131kl\u0131 S\u0131n\u0131rlar<\/p>\n<p>20 \u2013 \u0130nan\u00e7 Yoluyla Sa\u011fl\u0131k<\/p>\n<p>21 \u2013 Sorumluluk ve Sahiplik Aras\u0131ndaki Fark<\/p>\n<p>22 \u2013 Zor \u0130li\u015fkilerle Ba\u015fa \u00c7\u0131kmak<\/p>\n<p>23 \u2013 \u00c7at\u0131\u015fmay\u0131 \u00c7\u00f6zme<\/p>\n<p>24 \u2013 Sonsuz Bir \u00c7a\u011fr\u0131<\/p>","protected":false},"excerpt":{"rendered":"<p>Profesyonelce kaydedilmi\u015f bu 24 b\u00f6l\u00fcml\u00fck seri, sizin ve sevdiklerinizin ger\u00e7e\u011fin yoluyla \u00f6zg\u00fcrl\u00fc\u011f\u00fc deneyimlemenize yard\u0131mc\u0131 olmak i\u00e7in \u00f6zel olarak olu\u015fturulmu\u015ftur.<\/p>","protected":false},"featured_media":9750,"template":"","meta":{"_acf_changed":false},"product_brand":[],"product_cat":[39],"product_tag":[40,177,176,208,151,207,209,206],"class_list":{"0":"post-9749","1":"product","2":"type-product","3":"status-publish","4":"has-post-thumbnail","6":"product_cat-videos","7":"product_tag-flash-drive","8":"product_tag-health","9":"product_tag-law-of-life","10":"product_tag-physical-health","11":"product_tag-relationships","12":"product_tag-spiritual-health","13":"product_tag-truth","14":"product_tag-truth-for-life","16":"first","17":"instock","18":"shipping-taxable","19":"purchasable","20":"product-type-simple"},"acf":[],"_links":{"self":[{"href":"https:\/\/npmin.org\/tr\/wp-json\/wp\/v2\/product\/9749","targetHints":{"allow":["GET"]}}],"collection":[{"href":"https:\/\/npmin.org\/tr\/wp-json\/wp\/v2\/product"}],"about":[{"href":"https:\/\/npmin.org\/tr\/wp-json\/wp\/v2\/types\/product"}],"wp:featuredmedia":[{"embeddable":true,"href":"https:\/\/npmin.org\/tr\/wp-json\/wp\/v2\/media\/9750"}],"wp:attachment":[{"href":"https:\/\/npmin.org\/tr\/wp-json\/wp\/v2\/media?parent=9749"}],"wp:term":[{"taxonomy":"product_brand","embeddable":true,"href":"https:\/\/npmin.org\/tr\/wp-json\/wp\/v2\/product_brand?post=9749"},{"taxonomy":"product_cat","embeddable":true,"href":"https:\/\/npmin.org\/tr\/wp-json\/wp\/v2\/product_cat?post=9749"},{"taxonomy":"product_tag","embeddable":true,"href":"https:\/\/npmin.org\/tr\/wp-json\/wp\/v2\/product_tag?post=9749"}],"curies":[{"name":"wp","href":"https:\/\/api.w.org\/{rel}","templated":true}]}}