{"id":9714,"date":"2026-02-11T21:41:41","date_gmt":"2026-02-11T15:41:41","guid":{"rendered":"https:\/\/npmin.org\/?post_type=product&#038;p=9714"},"modified":"2026-02-11T21:42:31","modified_gmt":"2026-02-11T15:42:31","slug":"understanding-us-pdf","status":"publish","type":"product","link":"https:\/\/npmin.org\/tr\/urun\/understanding-us-pdf\/","title":{"rendered":"Bizi Anlamak \u2013 \u00c7ocuklar \u0130\u00e7in Ders Planlar\u0131 (PDF)"},"content":{"rendered":"<p>&quot;Bizi Anlamak&quot;, Dr. Horst Muller&#039;in &quot;Neden Hastalan\u0131r\u0131z?&quot; adl\u0131 kitab\u0131n\u0131n ana hatlar\u0131n\u0131 takip etmeyi ama\u00e7layan, \u00e7ocuklar i\u00e7in haz\u0131rlanm\u0131\u015f 20 b\u00f6l\u00fcml\u00fck bir ders plan\u0131d\u0131r. Ders planlar\u0131 7-10 ya\u015f aras\u0131 \u00e7ocuklar i\u00e7in tasarlanm\u0131\u015ft\u0131r, ancak daha k\u00fc\u00e7\u00fck \u00e7ocuklar i\u00e7in de uygundur. PDF format\u0131ndad\u0131r; kendiniz veya \u00e7ocuklar\u0131n\u0131z i\u00e7in indirip yazd\u0131rabilir veya bir cihazda kullanabilirsiniz.<\/p>","protected":false},"excerpt":{"rendered":"<p>&quot;Bizi Anlamak&quot;, 10 ya\u015f\u0131na kadar olan \u00e7ocuklar i\u00e7in haz\u0131rlanm\u0131\u015f 20 b\u00f6l\u00fcmden olu\u015fan bir ders plan\u0131d\u0131r. \u0130ndirilebilir bir PDF dosyas\u0131d\u0131r.<\/p>","protected":false},"featured_media":9716,"template":"","meta":{"_acf_changed":false},"product_brand":[],"product_cat":[125,30],"product_tag":[200,201,128,177,176,202,129,151],"class_list":{"0":"post-9714","1":"product","2":"type-product","3":"status-publish","4":"has-post-thumbnail","6":"product_cat-downloadable-products","7":"product_cat-uncategorized","8":"product_tag-children","9":"product_tag-childrens-materials","10":"product_tag-download","11":"product_tag-health","12":"product_tag-law-of-life","13":"product_tag-mental-health","14":"product_tag-pdf","15":"product_tag-relationships","17":"first","18":"instock","19":"downloadable","20":"shipping-taxable","21":"purchasable","22":"product-type-simple"},"acf":[],"_links":{"self":[{"href":"https:\/\/npmin.org\/tr\/wp-json\/wp\/v2\/product\/9714","targetHints":{"allow":["GET"]}}],"collection":[{"href":"https:\/\/npmin.org\/tr\/wp-json\/wp\/v2\/product"}],"about":[{"href":"https:\/\/npmin.org\/tr\/wp-json\/wp\/v2\/types\/product"}],"wp:featuredmedia":[{"embeddable":true,"href":"https:\/\/npmin.org\/tr\/wp-json\/wp\/v2\/media\/9716"}],"wp:attachment":[{"href":"https:\/\/npmin.org\/tr\/wp-json\/wp\/v2\/media?parent=9714"}],"wp:term":[{"taxonomy":"product_brand","embeddable":true,"href":"https:\/\/npmin.org\/tr\/wp-json\/wp\/v2\/product_brand?post=9714"},{"taxonomy":"product_cat","embeddable":true,"href":"https:\/\/npmin.org\/tr\/wp-json\/wp\/v2\/product_cat?post=9714"},{"taxonomy":"product_tag","embeddable":true,"href":"https:\/\/npmin.org\/tr\/wp-json\/wp\/v2\/product_tag?post=9714"}],"curies":[{"name":"wp","href":"https:\/\/api.w.org\/{rel}","templated":true}]}}