{"id":9671,"date":"2026-02-04T23:33:06","date_gmt":"2026-02-04T17:33:06","guid":{"rendered":"https:\/\/npmin.org\/?post_type=product&#038;p=9671"},"modified":"2026-02-04T23:36:01","modified_gmt":"2026-02-04T17:36:01","slug":"t-shirt-john-1010-blue","status":"publish","type":"product","link":"https:\/\/npmin.org\/tr\/urun\/t-shirt-john-1010-blue\/","title":{"rendered":"Ti\u015f\u00f6rt (Yuhanna 10:10) Mavi"},"content":{"rendered":"<p>Bu New Paradigm Ministries ti\u015f\u00f6rt\u00fcn\u00fcn \u00f6n\u00fcnde bakanl\u0131\u011f\u0131n logosu yer almaktad\u0131r. Arkas\u0131nda ise &quot;Hayat \u0130\u00e7in Ger\u00e7ek&quot; yaz\u0131s\u0131 ve \u015fu metin bulunmaktad\u0131r: &quot;Ben, insanlar\u0131n ya\u015famalar\u0131 ve daha bol ya\u015famalar\u0131 i\u00e7in geldim.&quot; (Yuhanna 10:10). Ti\u015f\u00f6rt mavi renktedir ve \u00e7ocuk k\u00fc\u00e7\u00fck bedeninden yeti\u015fkin XXL bedenine kadar mevcuttur.<\/p>","protected":false},"excerpt":{"rendered":"<p>\u00d6n\u00fcnde NPMin logosu, arkas\u0131nda ise Yuhanna 10:10 yaz\u0131s\u0131 bulunan mavi ti\u015f\u00f6rt.<\/p>","protected":false},"featured_media":9681,"template":"","meta":{"_acf_changed":false},"product_brand":[],"product_cat":[156],"product_tag":[158,160,161,159,157],"class_list":{"0":"post-9671","1":"product","2":"type-product","3":"status-publish","4":"has-post-thumbnail","6":"product_cat-apparel","7":"product_tag-black","8":"product_tag-john-832","9":"product_tag-ministry","10":"product_tag-new-paradigm-ministries","11":"product_tag-t-shirt","12":"product_shipping_class-free-shipping-category","14":"first","15":"instock","16":"shipping-taxable","17":"purchasable","18":"product-type-variable"},"acf":[],"_links":{"self":[{"href":"https:\/\/npmin.org\/tr\/wp-json\/wp\/v2\/product\/9671","targetHints":{"allow":["GET"]}}],"collection":[{"href":"https:\/\/npmin.org\/tr\/wp-json\/wp\/v2\/product"}],"about":[{"href":"https:\/\/npmin.org\/tr\/wp-json\/wp\/v2\/types\/product"}],"wp:featuredmedia":[{"embeddable":true,"href":"https:\/\/npmin.org\/tr\/wp-json\/wp\/v2\/media\/9681"}],"wp:attachment":[{"href":"https:\/\/npmin.org\/tr\/wp-json\/wp\/v2\/media?parent=9671"}],"wp:term":[{"taxonomy":"product_brand","embeddable":true,"href":"https:\/\/npmin.org\/tr\/wp-json\/wp\/v2\/product_brand?post=9671"},{"taxonomy":"product_cat","embeddable":true,"href":"https:\/\/npmin.org\/tr\/wp-json\/wp\/v2\/product_cat?post=9671"},{"taxonomy":"product_tag","embeddable":true,"href":"https:\/\/npmin.org\/tr\/wp-json\/wp\/v2\/product_tag?post=9671"}],"curies":[{"name":"wp","href":"https:\/\/api.w.org\/{rel}","templated":true}]}}