{"id":9670,"date":"2026-02-04T23:31:37","date_gmt":"2026-02-04T17:31:37","guid":{"rendered":"https:\/\/npmin.org\/?post_type=product&#038;p=9670"},"modified":"2026-02-04T23:31:38","modified_gmt":"2026-02-04T17:31:38","slug":"biblical-counseling-short-course-online-course","status":"publish","type":"product","link":"https:\/\/npmin.org\/tr\/urun\/biblical-counseling-short-course-online-course\/","title":{"rendered":"\u0130ncil Temelli Dan\u0131\u015fmanl\u0131k K\u0131sa Kursu \u2013 \u00c7evrimi\u00e7i Kurs"},"content":{"rendered":"<p>\u0130ncil Temelli Dan\u0131\u015fmanl\u0131k K\u0131sa Kursu art\u0131k \u00e7evrimi\u00e7i kurs olarak da mevcuttur. Ad\u0131ndan da anla\u015f\u0131laca\u011f\u0131 gibi, \u00e7evrimi\u00e7i olarak sunulmaktad\u0131r, bu nedenle internet ba\u011flant\u0131s\u0131 gerektirir, ancak her yerden eri\u015febilirsiniz ve t\u00fcm videolar\u0131 saklamak i\u00e7in yeterli depolama alan\u0131na sahip oldu\u011funuzdan emin olman\u0131z gerekmez. Kurs hakk\u0131nda daha fazla bilgi edinmek i\u00e7in ba\u011flant\u0131ya t\u0131klayabilirsiniz.<\/p>","protected":false},"excerpt":{"rendered":"<p>The Biblical Counseling Short Course is now available as an online course. As the name implies, it is available online, so it will require an internet connection, but you can access it anywhere, and you don&#8217;t have to make sure you have enough storage space to store all of the videos. You can read more [&hellip;]<\/p>\n","protected":false},"featured_media":6114,"template":"","meta":{"_acf_changed":false},"product_brand":[],"product_cat":[122],"product_tag":[],"class_list":{"0":"post-9670","1":"product","2":"type-product","3":"status-publish","4":"has-post-thumbnail","6":"product_cat-courses-2","8":"first","9":"instock","10":"shipping-taxable","11":"product-type-external"},"acf":[],"_links":{"self":[{"href":"https:\/\/npmin.org\/tr\/wp-json\/wp\/v2\/product\/9670","targetHints":{"allow":["GET"]}}],"collection":[{"href":"https:\/\/npmin.org\/tr\/wp-json\/wp\/v2\/product"}],"about":[{"href":"https:\/\/npmin.org\/tr\/wp-json\/wp\/v2\/types\/product"}],"wp:featuredmedia":[{"embeddable":true,"href":"https:\/\/npmin.org\/tr\/wp-json\/wp\/v2\/media\/6114"}],"wp:attachment":[{"href":"https:\/\/npmin.org\/tr\/wp-json\/wp\/v2\/media?parent=9670"}],"wp:term":[{"taxonomy":"product_brand","embeddable":true,"href":"https:\/\/npmin.org\/tr\/wp-json\/wp\/v2\/product_brand?post=9670"},{"taxonomy":"product_cat","embeddable":true,"href":"https:\/\/npmin.org\/tr\/wp-json\/wp\/v2\/product_cat?post=9670"},{"taxonomy":"product_tag","embeddable":true,"href":"https:\/\/npmin.org\/tr\/wp-json\/wp\/v2\/product_tag?post=9670"}],"curies":[{"name":"wp","href":"https:\/\/api.w.org\/{rel}","templated":true}]}}