{"id":9145,"date":"2025-04-14T10:22:47","date_gmt":"2025-04-14T04:22:47","guid":{"rendered":"https:\/\/npmin.org\/?post_type=product&#038;p=9145"},"modified":"2025-04-16T21:37:56","modified_gmt":"2025-04-16T15:37:56","slug":"t-shirt-john-832","status":"publish","type":"product","link":"https:\/\/npmin.org\/tr\/urun\/t-shirt-john-832\/","title":{"rendered":"T-Shirt (Yuhanna 8:32)"},"content":{"rendered":"<p>Bu New Paradigm Ministries g\u00f6mle\u011finin \u00f6n y\u00fcz\u00fcnde bakanl\u0131k logosu bulunmaktad\u0131r. Arka y\u00fcz\u00fcnde YA\u015eAM \u0130\u00c7\u0130N GER\u00c7EK yaz\u0131l\u0131d\u0131r ve a\u015fa\u011f\u0131daki metni i\u00e7erir: Ger\u00e7e\u011fi bileceksiniz ve ger\u00e7ek sizi \u00f6zg\u00fcr k\u0131lacak. Yuhanna 8:32. Ti\u015f\u00f6rt siyaht\u0131r ve gen\u00e7 k\u00fc\u00e7\u00fck ile yeti\u015fkin XXL bedenleri aras\u0131nda mevcuttur.<\/p>","protected":false},"excerpt":{"rendered":"<p>\u00d6n\u00fcnde NPMin logosu ve arkas\u0131nda Yuhanna 8:32 yaz\u0131l\u0131 siyah ti\u015f\u00f6rt.<\/p>","protected":false},"featured_media":9155,"template":"","meta":{"_acf_changed":false},"product_brand":[],"product_cat":[156],"product_tag":[158,160,161,159,157],"class_list":{"0":"post-9145","1":"product","2":"type-product","3":"status-publish","4":"has-post-thumbnail","6":"product_cat-apparel","7":"product_tag-black","8":"product_tag-john-832","9":"product_tag-ministry","10":"product_tag-new-paradigm-ministries","11":"product_tag-t-shirt","12":"product_shipping_class-free-shipping-category","14":"first","15":"instock","16":"shipping-taxable","17":"purchasable","18":"product-type-variable"},"acf":[],"_links":{"self":[{"href":"https:\/\/npmin.org\/tr\/wp-json\/wp\/v2\/product\/9145","targetHints":{"allow":["GET"]}}],"collection":[{"href":"https:\/\/npmin.org\/tr\/wp-json\/wp\/v2\/product"}],"about":[{"href":"https:\/\/npmin.org\/tr\/wp-json\/wp\/v2\/types\/product"}],"wp:featuredmedia":[{"embeddable":true,"href":"https:\/\/npmin.org\/tr\/wp-json\/wp\/v2\/media\/9155"}],"wp:attachment":[{"href":"https:\/\/npmin.org\/tr\/wp-json\/wp\/v2\/media?parent=9145"}],"wp:term":[{"taxonomy":"product_brand","embeddable":true,"href":"https:\/\/npmin.org\/tr\/wp-json\/wp\/v2\/product_brand?post=9145"},{"taxonomy":"product_cat","embeddable":true,"href":"https:\/\/npmin.org\/tr\/wp-json\/wp\/v2\/product_cat?post=9145"},{"taxonomy":"product_tag","embeddable":true,"href":"https:\/\/npmin.org\/tr\/wp-json\/wp\/v2\/product_tag?post=9145"}],"curies":[{"name":"wp","href":"https:\/\/api.w.org\/{rel}","templated":true}]}}