{"id":8789,"date":"2024-10-03T14:59:43","date_gmt":"2024-10-03T14:59:43","guid":{"rendered":"https:\/\/npmin.org\/?post_type=product&#038;p=8789"},"modified":"2026-02-04T23:26:49","modified_gmt":"2026-02-04T17:26:49","slug":"the-law-of-life-online-course","status":"publish","type":"product","link":"https:\/\/npmin.org\/tr\/urun\/the-law-of-life-online-course\/","title":{"rendered":"Ya\u015fam Yasas\u0131 Online Kursu"},"content":{"rendered":"<p>Ya\u015fam Yasas\u0131 kursu, sa\u011fl\u0131k sorunlar\u0131 ve \u00e7\u00f6z\u00fclmemi\u015f duygusal zorluklarla m\u00fccadele eden bireyler i\u00e7in tasarlanm\u0131\u015ft\u0131r. Bu kurs sayesinde, rahats\u0131zl\u0131klar\u0131n\u0131z\u0131n temel nedenini nas\u0131l ele alaca\u011f\u0131n\u0131z\u0131, zihinsel ve fiziksel esenli\u011fe nas\u0131l ula\u015faca\u011f\u0131n\u0131z\u0131 ve ger\u00e7ek huzuru nas\u0131l bulaca\u011f\u0131n\u0131z\u0131 \u00f6\u011freneceksiniz.<\/p>","protected":false},"excerpt":{"rendered":"<p>Ya\u015fam Yasas\u0131 kursu, sa\u011fl\u0131k sorunlar\u0131 ve \u00e7\u00f6z\u00fclmemi\u015f duygusal zorluklarla m\u00fccadele eden bireyler i\u00e7in tasarlanm\u0131\u015ft\u0131r. Bu kurs sayesinde, rahats\u0131zl\u0131klar\u0131n\u0131z\u0131n temel nedenini nas\u0131l ele alaca\u011f\u0131n\u0131z\u0131, zihinsel ve fiziksel esenli\u011fe nas\u0131l ula\u015faca\u011f\u0131n\u0131z\u0131 ve ger\u00e7ek huzuru nas\u0131l bulaca\u011f\u0131n\u0131z\u0131 \u00f6\u011freneceksiniz.<\/p>","protected":false},"featured_media":4346,"template":"","meta":{"_acf_changed":false},"product_brand":[],"product_cat":[122],"product_tag":[],"class_list":{"0":"post-8789","1":"product","2":"type-product","3":"status-publish","4":"has-post-thumbnail","6":"product_cat-courses-2","8":"first","9":"instock","10":"shipping-taxable","11":"product-type-external"},"acf":[],"_links":{"self":[{"href":"https:\/\/npmin.org\/tr\/wp-json\/wp\/v2\/product\/8789","targetHints":{"allow":["GET"]}}],"collection":[{"href":"https:\/\/npmin.org\/tr\/wp-json\/wp\/v2\/product"}],"about":[{"href":"https:\/\/npmin.org\/tr\/wp-json\/wp\/v2\/types\/product"}],"wp:featuredmedia":[{"embeddable":true,"href":"https:\/\/npmin.org\/tr\/wp-json\/wp\/v2\/media\/4346"}],"wp:attachment":[{"href":"https:\/\/npmin.org\/tr\/wp-json\/wp\/v2\/media?parent=8789"}],"wp:term":[{"taxonomy":"product_brand","embeddable":true,"href":"https:\/\/npmin.org\/tr\/wp-json\/wp\/v2\/product_brand?post=8789"},{"taxonomy":"product_cat","embeddable":true,"href":"https:\/\/npmin.org\/tr\/wp-json\/wp\/v2\/product_cat?post=8789"},{"taxonomy":"product_tag","embeddable":true,"href":"https:\/\/npmin.org\/tr\/wp-json\/wp\/v2\/product_tag?post=8789"}],"curies":[{"name":"wp","href":"https:\/\/api.w.org\/{rel}","templated":true}]}}