{"id":8723,"date":"2024-09-24T16:17:46","date_gmt":"2024-09-24T16:17:46","guid":{"rendered":"https:\/\/npmin.org\/?post_type=product&#038;p=8723"},"modified":"2024-09-24T16:17:46","modified_gmt":"2024-09-24T16:17:46","slug":"the-law-of-life-course","status":"publish","type":"product","link":"https:\/\/npmin.org\/tr\/urun\/the-law-of-life-course\/","title":{"rendered":"Ya\u015fam Seyri Yasas\u0131"},"content":{"rendered":"<h2 class=\"section__heading section__heading___c1e69\" style=\"text-align: center;\">Ya\u015fam Seyri Yasas\u0131<\/h2>\n<p class=\"section__subheading section__subheading___c1e69\">New Paradigm Ministries ile depresyon, anksiyete, ba\u011f\u0131ml\u0131l\u0131klar ve kaotik ili\u015fkilerden kurtulun. Kursumuz, \u00f6zg\u00fcr ya\u015famak, ili\u015fkileri geli\u015ftirmek, ama\u00e7 bulmak ve ger\u00e7ek sa\u011fl\u0131\u011f\u0131 deneyimlemek i\u00e7in ihtiyac\u0131n\u0131z olan ara\u00e7lar\u0131 ve rehberli\u011fi sa\u011flar. Bug\u00fcn kaydolun!<\/p>\n<p>Dr. Mark Sandoval t\u0131p kariyerine acil t\u0131p alan\u0131nda ba\u015flad\u0131, ancak hastalar\u0131n\u0131n durumlar\u0131 tedaviye ra\u011fmen d\u00fczelmeyince endi\u015felenmeye ba\u015flad\u0131. Ya\u015fam tarz\u0131 de\u011fi\u015fikliklerinin ger\u00e7ek iyile\u015fme i\u00e7in gerekli oldu\u011funu fark ederek ya\u015fam tarz\u0131 t\u0131bb\u0131na ge\u00e7i\u015f yapt\u0131 ve yo\u011fun bir yat\u0131l\u0131 program y\u00f6netti. Bununla birlikte, bir\u00e7ok hastan\u0131n ilerlemelerini s\u00fcrd\u00fcrmekte zorland\u0131\u011f\u0131n\u0131 ke\u015ffetti ve bu da onu zihindeki temel nedenleri ke\u015ffetmeye y\u00f6nlendirdi. Zihni inceleyerek Dr. Mark, ger\u00e7ek iyile\u015fmenin fiziksel, zihinsel, sosyal ve ruhsal olarak t\u00fcm ki\u015fiyi ele almay\u0131 i\u00e7erdi\u011fini \u00f6\u011frendi. Bu b\u00fct\u00fcnc\u00fcl yakla\u015f\u0131m, bireylere daha \u00f6nce deneyimlemedikleri bir \u00f6zg\u00fcrl\u00fc\u011fe rehberlik etmesini sa\u011flad\u0131. Bu i\u00e7g\u00f6r\u00fclerden ilham alan Dr. Mark, insanlar\u0131n kapsaml\u0131 bir \u00f6zg\u00fcrl\u00fck ve esenlik elde etmelerine yard\u0131mc\u0131 olmay\u0131 ama\u00e7layan kaynaklar ve hizmetler geli\u015ftirmek i\u00e7in New Paradigm Ministries'i kurdu.<\/p>\n<p>Ya\u015fam Yasas\u0131 kursu, Ya\u015fam Yasas\u0131 kitab\u0131n\u0131n ana hatlar\u0131n\u0131 takip eden 14,5 saatten fazla video ve 81 ders i\u00e7ermektedir. Ayr\u0131ca Dr. Sandoval ile ayda iki kez soru-cevap oturumu da i\u00e7ermektedir. Ve kursta anlatt\u0131\u011f\u0131 t\u00fcm slaytlar\u0131n PowerPoints ve PDF'lerini indirebilirsiniz.<\/p>\n<p>Kursa kaydolmak i\u00e7in \u015fu ba\u011flant\u0131ya t\u0131klay\u0131n: https:\/\/lawoflife-k.thinkific.com\/courses\/law-of-life veya ba\u011flant\u0131y\u0131 kopyalay\u0131p web taray\u0131c\u0131n\u0131za yap\u0131\u015ft\u0131r\u0131n.<\/p>","protected":false},"excerpt":{"rendered":"<h2 class=\"section__heading section__heading___c1e69\" style=\"text-align: center;\">Ya\u015fam Seyri Yasas\u0131<\/h2>\n<p class=\"section__subheading section__subheading___c1e69\">New Paradigm Ministries ile depresyon, anksiyete, ba\u011f\u0131ml\u0131l\u0131klar ve kaotik ili\u015fkilerden kurtulun. Kursumuz, \u00f6zg\u00fcr ya\u015famak, ili\u015fkileri geli\u015ftirmek, ama\u00e7 bulmak ve ger\u00e7ek sa\u011fl\u0131\u011f\u0131 deneyimlemek i\u00e7in ihtiyac\u0131n\u0131z olan ara\u00e7lar\u0131 ve rehberli\u011fi sa\u011flar. Bug\u00fcn kaydolun!<\/p>","protected":false},"featured_media":8724,"template":"","meta":{"_acf_changed":false},"product_brand":[],"product_cat":[73],"product_tag":[],"class_list":{"0":"post-8723","1":"product","2":"type-product","3":"status-publish","4":"has-post-thumbnail","6":"product_cat-courses","8":"first","9":"instock","10":"shipping-taxable","11":"product-type-external"},"acf":[],"_links":{"self":[{"href":"https:\/\/npmin.org\/tr\/wp-json\/wp\/v2\/product\/8723","targetHints":{"allow":["GET"]}}],"collection":[{"href":"https:\/\/npmin.org\/tr\/wp-json\/wp\/v2\/product"}],"about":[{"href":"https:\/\/npmin.org\/tr\/wp-json\/wp\/v2\/types\/product"}],"wp:featuredmedia":[{"embeddable":true,"href":"https:\/\/npmin.org\/tr\/wp-json\/wp\/v2\/media\/8724"}],"wp:attachment":[{"href":"https:\/\/npmin.org\/tr\/wp-json\/wp\/v2\/media?parent=8723"}],"wp:term":[{"taxonomy":"product_brand","embeddable":true,"href":"https:\/\/npmin.org\/tr\/wp-json\/wp\/v2\/product_brand?post=8723"},{"taxonomy":"product_cat","embeddable":true,"href":"https:\/\/npmin.org\/tr\/wp-json\/wp\/v2\/product_cat?post=8723"},{"taxonomy":"product_tag","embeddable":true,"href":"https:\/\/npmin.org\/tr\/wp-json\/wp\/v2\/product_tag?post=8723"}],"curies":[{"name":"wp","href":"https:\/\/api.w.org\/{rel}","templated":true}]}}