{"id":1216,"date":"2024-07-23T13:24:29","date_gmt":"2024-07-23T13:24:29","guid":{"rendered":"https:\/\/npmin.org\/?page_id=1216"},"modified":"2025-06-28T02:33:38","modified_gmt":"2025-06-27T20:33:38","slug":"camp-meeting","status":"publish","type":"page","link":"https:\/\/npmin.org\/tr\/camp-meeting\/","title":{"rendered":"Kamp Toplant\u0131s\u0131"},"content":{"rendered":"<div data-elementor-type=\"wp-page\" data-elementor-id=\"1216\" class=\"elementor elementor-1216\" data-elementor-post-type=\"page\">\n\t\t\t\t<div class=\"elementor-element elementor-element-38b226f np--main-section e-flex e-con-boxed e-con e-parent\" data-id=\"38b226f\" data-element_type=\"container\" data-e-type=\"container\" data-settings=\"{&quot;background_background&quot;:&quot;classic&quot;}\">\n\t\t\t\t\t<div class=\"e-con-inner\">\n\t\t<div class=\"elementor-element elementor-element-733bc06 e-con-full np--inner-section e-flex e-con e-child\" data-id=\"733bc06\" data-element_type=\"container\" data-e-type=\"container\">\n\t\t<div class=\"elementor-element elementor-element-4821b00 e-con-full e-flex e-con e-child\" data-id=\"4821b00\" data-element_type=\"container\" data-e-type=\"container\">\n\t\t\t\t<div class=\"elementor-element elementor-element-91d4875 elementor-invisible elementor-widget elementor-widget-heading\" data-id=\"91d4875\" data-element_type=\"widget\" data-e-type=\"widget\" data-settings=\"{&quot;_animation&quot;:&quot;fadeInDown&quot;}\" data-widget_type=\"heading.default\">\n\t\t\t\t<div class=\"elementor-widget-container\">\n\t\t\t\t\t<h1 class=\"elementor-heading-title elementor-size-default\">Kamp Toplant\u0131s\u0131<\/h1>\t\t\t\t<\/div>\n\t\t\t\t<\/div>\n\t\t\t\t<div class=\"elementor-element elementor-element-1a34718 elementor-widget__width-initial elementor-widget-tablet__width-inherit elementor-invisible elementor-widget elementor-widget-text-editor\" data-id=\"1a34718\" data-element_type=\"widget\" data-e-type=\"widget\" data-settings=\"{&quot;_animation&quot;:&quot;fadeInDown&quot;}\" data-widget_type=\"text-editor.default\">\n\t\t\t\t<div class=\"elementor-widget-container\">\n\t\t\t\t\t\t\t\t\t<p>Bir sonraki kamp toplant\u0131m\u0131z 17-21 Eyl\u00fcl 2025 tarihleri aras\u0131nda yap\u0131lacakt\u0131r. Temam\u0131z Do\u011fru Haz\u0131rl\u0131k. Bu kamp toplant\u0131s\u0131nda \u0130sa'n\u0131n yak\u0131nda geri d\u00f6n\u00fc\u015f\u00fcne do\u011fru bir \u015fekilde haz\u0131rlanman\u0131n ne anlama geldi\u011fine bakaca\u011f\u0131z. \u0130sa'n\u0131n yak\u0131nda d\u00f6n\u00fc\u015f\u00fcne haz\u0131r olmak i\u00e7in gereken kalp haz\u0131rl\u0131\u011f\u0131n\u0131 ve bunun ba\u015fkalar\u0131na hizmetimize, ya\u015fad\u0131\u011f\u0131m\u0131z yere, mali durumumuzu nas\u0131l idare etti\u011fimize ve \u00e7ok daha fazlas\u0131na nas\u0131l yans\u0131d\u0131\u011f\u0131n\u0131 inceleyece\u011fiz. \u00a0<\/p>\t\t\t\t\t\t\t\t<\/div>\n\t\t\t\t<\/div>\n\t\t\t\t<\/div>\n\t\t\t\t<\/div>\n\t\t\t\t\t<\/div>\n\t\t\t\t<\/div>\n\t\t<div class=\"elementor-element elementor-element-6c1e9f8 np--main-section e-flex e-con-boxed e-con e-parent\" data-id=\"6c1e9f8\" data-element_type=\"container\" data-e-type=\"container\" data-settings=\"{&quot;background_background&quot;:&quot;classic&quot;}\">\n\t\t\t\t\t<div class=\"e-con-inner\">\n\t\t<div class=\"elementor-element elementor-element-0def7c6 e-con-full np--inner-section np--space-m e-flex e-con e-child\" data-id=\"0def7c6\" data-element_type=\"container\" data-e-type=\"container\">\n\t\t<div class=\"elementor-element elementor-element-9356ad8 e-con-full e-flex elementor-invisible e-con e-child\" data-id=\"9356ad8\" data-element_type=\"container\" data-e-type=\"container\" data-settings=\"{&quot;animation&quot;:&quot;fadeInLeft&quot;}\">\n\t\t\t\t<div class=\"elementor-element elementor-element-6858ae5 elementor-widget elementor-widget-text-editor\" data-id=\"6858ae5\" data-element_type=\"widget\" data-e-type=\"widget\" data-widget_type=\"text-editor.default\">\n\t\t\t\t<div class=\"elementor-widget-container\">\n\t\t\t\t\t\t\t\t\t<p>New Paradigm Bakanl\u0131klar\u0131 sizleri 17-21 Eyl\u00fcl 2025 tarihleri aras\u0131nda Cabool, Missouri'deki kamp\u00fcs\u00fcm\u00fczde ger\u00e7ekle\u015ftirilecek olan Kamp Toplant\u0131m\u0131z Do\u011fru Haz\u0131rl\u0131k'a davet etmekten mutluluk duymaktad\u0131r.<\/p><p>\u0130ki \u015feyden dolay\u0131 bu konuya \u015fimdi ihtiya\u00e7 oldu\u011funu d\u00fc\u015f\u00fcnd\u00fck. Birincisi, \u0130sa'n\u0131n yak\u0131nda geri d\u00f6nece\u011fine ger\u00e7ekten inan\u0131yoruz ve O'nun d\u00f6n\u00fc\u015f\u00fcne \u015fimdi haz\u0131rlanmal\u0131y\u0131z. \u0130kincisi, O'nun d\u00f6n\u00fc\u015f\u00fcne nas\u0131l haz\u0131rlanaca\u011f\u0131m\u0131z konusunda mevcut olan tavsiyelerin \u00e7o\u011fu yanl\u0131\u015f bir vurguya sahiptir. Dolay\u0131s\u0131yla, \u0130sa'n\u0131n yak\u0131nda geri d\u00f6nece\u011fine inan\u0131yorsan\u0131z ve O'nun d\u00f6n\u00fc\u015f\u00fcne nas\u0131l haz\u0131rlanaca\u011f\u0131n\u0131z\u0131 daha iyi anlaman\u0131z gerekti\u011fine inan\u0131yorsan\u0131z, 17-21 Eyl\u00fcl 2025 tarihleri aras\u0131nda Cabool, Missouri'deki kamp\u00fcs\u00fcm\u00fczde bize kat\u0131lmay\u0131 planlay\u0131n.<\/p><p>Michala Faber Danimarka'dan bize kat\u0131lacak ve 144.000'in bir par\u00e7as\u0131 olabilmeniz i\u00e7in Mesih'in zihninin sizde yeniden tesis edilmesi amac\u0131yla Tanr\u0131 ile nas\u0131l i\u015fbirli\u011fi yapaca\u011f\u0131n\u0131za dair pratik ger\u00e7ekleri payla\u015facak. Dr. Eric Barton, Mesih'in geli\u015finin yak\u0131nl\u0131\u011f\u0131n\u0131 ara\u015ft\u0131racak ve kilise i\u00e7inde geli\u015fen baz\u0131 haz\u0131rl\u0131k zihniyetini \u00e7\u00f6zecek. Reach the World Next Door'dan Scott Griswold sabah adanm\u0131\u015fl\u0131klar\u0131na \u00f6nc\u00fcl\u00fck edecek ve dua yoluyla Mesih'te b\u00fcy\u00fcmemiz i\u00e7in bizi zorlayacak. Dr. Sandoval ise \u00fc\u00e7\u00fcnc\u00fc mele\u011fin mesaj\u0131ndaki imanla do\u011fruluk, y\u00fcksek sesle hayk\u0131r\u0131\u015f ve 144.000'deki rol\u00fc \u00fczerine odaklanacak. Ayr\u0131ca \u00e7ocuk toplant\u0131lar\u0131m\u0131z, harika yemeklerimiz, Jonathan ve Angela Peoples taraf\u0131ndan y\u00f6netilecek k\u00fc\u00e7\u00fck grup oturumlar\u0131m\u0131z ve \u00e7ok daha fazlas\u0131 olacak.<\/p>\t\t\t\t\t\t\t\t<\/div>\n\t\t\t\t<\/div>\n\t\t\t\t<\/div>\n\t\t<div class=\"elementor-element elementor-element-a405847 e-con-full e-flex e-con e-child\" data-id=\"a405847\" data-element_type=\"container\" data-e-type=\"container\">\n\t\t\t\t<div class=\"elementor-element elementor-element-fe47fcb elementor-invisible elementor-widget elementor-widget-image\" data-id=\"fe47fcb\" data-element_type=\"widget\" data-e-type=\"widget\" data-settings=\"{&quot;_animation&quot;:&quot;fadeInRight&quot;}\" data-widget_type=\"image.default\">\n\t\t\t\t<div class=\"elementor-widget-container\">\n\t\t\t\t\t\t\t\t\t\t\t\t\t\t\t<img fetchpriority=\"high\" decoding=\"async\" width=\"1600\" height=\"1054\" src=\"https:\/\/npmin.org\/wp-content\/uploads\/2025\/06\/2nd-Coming-Image.jpg\" class=\"attachment-full size-full wp-image-9211\" alt=\"\" srcset=\"https:\/\/npmin.org\/wp-content\/uploads\/2025\/06\/2nd-Coming-Image.jpg 1600w, https:\/\/npmin.org\/wp-content\/uploads\/2025\/06\/2nd-Coming-Image-300x198.jpg 300w, https:\/\/npmin.org\/wp-content\/uploads\/2025\/06\/2nd-Coming-Image-1024x675.jpg 1024w, https:\/\/npmin.org\/wp-content\/uploads\/2025\/06\/2nd-Coming-Image-768x506.jpg 768w, https:\/\/npmin.org\/wp-content\/uploads\/2025\/06\/2nd-Coming-Image-1536x1012.jpg 1536w, https:\/\/npmin.org\/wp-content\/uploads\/2025\/06\/2nd-Coming-Image-600x395.jpg 600w\" sizes=\"(max-width: 1600px) 100vw, 1600px\" \/>\t\t\t\t\t\t\t\t\t\t\t\t\t\t\t<\/div>\n\t\t\t\t<\/div>\n\t\t\t\t<\/div>\n\t\t\t\t<\/div>\n\t\t\t\t\t<\/div>\n\t\t\t\t<\/div>\n\t\t<div class=\"elementor-element elementor-element-faf03c5 e-flex e-con-boxed e-con e-parent\" data-id=\"faf03c5\" data-element_type=\"container\" data-e-type=\"container\" data-settings=\"{&quot;background_background&quot;:&quot;classic&quot;}\">\n\t\t\t\t\t<div class=\"e-con-inner\">\n\t\t\t\t\t<\/div>\n\t\t\t\t<\/div>\n\t\t<div class=\"elementor-element elementor-element-42a13ac np--main-section e-flex e-con-boxed e-con e-parent\" data-id=\"42a13ac\" data-element_type=\"container\" data-e-type=\"container\" data-settings=\"{&quot;background_background&quot;:&quot;classic&quot;}\">\n\t\t\t\t\t<div class=\"e-con-inner\">\n\t\t<div class=\"elementor-element elementor-element-5d04183 e-con-full np--inner-section np--space-m e-flex e-con e-child\" data-id=\"5d04183\" data-element_type=\"container\" data-e-type=\"container\">\n\t\t<div class=\"elementor-element elementor-element-032f884 e-con-full e-flex e-con e-child\" data-id=\"032f884\" data-element_type=\"container\" data-e-type=\"container\">\n\t\t\t\t<div class=\"elementor-element elementor-element-79d35e1 elementor-invisible elementor-widget elementor-widget-image\" data-id=\"79d35e1\" data-element_type=\"widget\" data-e-type=\"widget\" data-settings=\"{&quot;_animation&quot;:&quot;fadeInLeft&quot;}\" data-widget_type=\"image.default\">\n\t\t\t\t<div class=\"elementor-widget-container\">\n\t\t\t\t\t\t\t\t\t\t\t\t\t\t\t\t<a href=\"https:\/\/npmin.org\/wp-content\/uploads\/2025\/06\/Fall-Camp-Meeting-2025-Flyer-scaled.jpg\" data-elementor-open-lightbox=\"yes\" data-elementor-lightbox-title=\"Fall Camp Meeting 2025 Flyer\" data-e-action-hash=\"#elementor-action%3Aaction%3Dlightbox%26settings%3DeyJpZCI6OTIxMiwidXJsIjoiaHR0cHM6XC9cL25wbWluLm9yZ1wvd3AtY29udGVudFwvdXBsb2Fkc1wvMjAyNVwvMDZcL0ZhbGwtQ2FtcC1NZWV0aW5nLTIwMjUtRmx5ZXItc2NhbGVkLmpwZyJ9\">\n\t\t\t\t\t\t\t<img decoding=\"async\" width=\"1656\" height=\"2560\" src=\"https:\/\/npmin.org\/wp-content\/uploads\/2025\/06\/Fall-Camp-Meeting-2025-Flyer-scaled.jpg\" class=\"attachment-full size-full wp-image-9212\" alt=\"\" srcset=\"https:\/\/npmin.org\/wp-content\/uploads\/2025\/06\/Fall-Camp-Meeting-2025-Flyer-scaled.jpg 1656w, https:\/\/npmin.org\/wp-content\/uploads\/2025\/06\/Fall-Camp-Meeting-2025-Flyer-194x300.jpg 194w, https:\/\/npmin.org\/wp-content\/uploads\/2025\/06\/Fall-Camp-Meeting-2025-Flyer-663x1024.jpg 663w, https:\/\/npmin.org\/wp-content\/uploads\/2025\/06\/Fall-Camp-Meeting-2025-Flyer-768x1187.jpg 768w, https:\/\/npmin.org\/wp-content\/uploads\/2025\/06\/Fall-Camp-Meeting-2025-Flyer-994x1536.jpg 994w, https:\/\/npmin.org\/wp-content\/uploads\/2025\/06\/Fall-Camp-Meeting-2025-Flyer-1325x2048.jpg 1325w, https:\/\/npmin.org\/wp-content\/uploads\/2025\/06\/Fall-Camp-Meeting-2025-Flyer-600x927.jpg 600w\" sizes=\"(max-width: 1656px) 100vw, 1656px\" \/>\t\t\t\t\t\t\t\t<\/a>\n\t\t\t\t\t\t\t\t\t\t\t\t\t\t\t<\/div>\n\t\t\t\t<\/div>\n\t\t\t\t<\/div>\n\t\t<div class=\"elementor-element elementor-element-4fa31ea e-con-full e-flex e-con e-child\" data-id=\"4fa31ea\" data-element_type=\"container\" data-e-type=\"container\">\n\t\t\t\t<div class=\"elementor-element elementor-element-536815f elementor-invisible elementor-widget elementor-widget-text-editor\" data-id=\"536815f\" data-element_type=\"widget\" data-e-type=\"widget\" data-settings=\"{&quot;_animation&quot;:&quot;fadeInRight&quot;}\" data-widget_type=\"text-editor.default\">\n\t\t\t\t<div class=\"elementor-widget-container\">\n\t\t\t\t\t\t\t\t\t<p><strong>Ek Kamp Toplant\u0131s\u0131 Detaylar\u0131<\/strong><\/p><p><strong>Kamp toplant\u0131s\u0131 bu adresteki m\u00fclk\u00fcm\u00fczde yap\u0131lacakt\u0131r:<\/strong><br \/>14527 Berry Yolu<br \/>Cabool, MO 65689<\/p><p><strong>Havaalanlar\u0131<\/strong><br \/>En yak\u0131n havaalan\u0131 Springfield-Branson Ulusal Havaalan\u0131'd\u0131r (90 dakika uzakl\u0131kta). Bir sonraki en yak\u0131n havaalan\u0131 St. Louis-Lambert Uluslararas\u0131 Havaalan\u0131'd\u0131r (3 saat uzakl\u0131kta). B\u00f6lgemizde toplu ta\u015f\u0131ma bulunmamaktad\u0131r, bu nedenle kamp toplant\u0131s\u0131na gidip gelmek i\u00e7in kiral\u0131k bir araba temin etmeniz gerekecektir.<\/p><p><strong>Kamp\u00fcs D\u0131\u015f\u0131 Bar\u0131nma<\/strong><br \/>B\u00f6lgemizde Airbnb'ler de VRBO'lar gibi s\u0131n\u0131rl\u0131d\u0131r. En yak\u0131n oteller<br \/>Comfort Inn and Suites - https:\/\/www.choicehotels.com\/missouri\/mountain-grove\/comfort-inn-hotels\/mo478 (yakla\u015f\u0131k 25 dakika uzakl\u0131kta)<br \/>Highland Inn &amp; Suites - https:\/\/www.highlandinnandsuites.com (yakla\u015f\u0131k 10 dakika)<br \/>Royal Inn - https:\/\/royalinnmo.com (yakla\u015f\u0131k 25 dakika uzakl\u0131kta)<\/p><p><strong>Kamp\u00fcs \u0130\u00e7i Bar\u0131nma<\/strong><\/p><p>Bir RV alan\u0131 rezerve ettiyseniz, alan\u0131n\u0131zda elektrik ba\u011flant\u0131s\u0131 (30-amp veya 50-amp) ve su bulunacakt\u0131r. Sitenizde septik yoktur, ancak ihtiya\u00e7 duyanlar i\u00e7in sitelerin yak\u0131n\u0131nda bir \u00e7\u00f6p istasyonu vard\u0131r.<\/p><p>Tesiste \u00e7ad\u0131r kamp\u0131 yap\u0131yorsan\u0131z, Missouri'nin zemininin \u00e7ok kayal\u0131k oldu\u011funu l\u00fctfen unutmay\u0131n, bu nedenle yumu\u015fak bir \u00e7im hal\u0131 beklemeyin. \u00c7ad\u0131r\u0131n\u0131zda uyumak i\u00e7in biraz dolgu malzemesi getirin. \u00c7ad\u0131r alanlar\u0131 ilk gelene ilk hizmet esas\u0131na g\u00f6re doldurulacakt\u0131r. \u0130\u015faretlenmi\u015f herhangi bir yerimiz yoktur, ancak vard\u0131\u011f\u0131n\u0131zda sizi \u00e7ad\u0131r\u0131n\u0131z\u0131 kurabilece\u011finiz alanlara y\u00f6nlendirece\u011fiz. Baz\u0131 \u00e7ad\u0131r alanlar\u0131, 50\u2019 veya 100\u2019 uzatma kablonuz varsa \u00e7ad\u0131r\u0131n\u0131zda elektrik olacak kadar yak\u0131nd\u0131r, ancak bu alanlar s\u0131n\u0131rl\u0131 olacakt\u0131r. \u00c7o\u011funun \u00e7ad\u0131r\u0131nda elektrik eri\u015fimi olmayacakt\u0131r.<\/p><p><em><strong>Daha fazla bilgi kay\u0131ttan sonra size g\u00f6nderilecektir.<\/strong><\/em><\/p>\t\t\t\t\t\t\t\t<\/div>\n\t\t\t\t<\/div>\n\t\t\t\t<div class=\"elementor-element elementor-element-7788f78 btn--teal full-btn elementor-invisible elementor-widget elementor-widget-button\" data-id=\"7788f78\" data-element_type=\"widget\" data-e-type=\"widget\" data-settings=\"{&quot;_animation&quot;:&quot;fadeInUp&quot;}\" data-widget_type=\"button.default\">\n\t\t\t\t<div class=\"elementor-widget-container\">\n\t\t\t\t\t\t\t\t\t<div class=\"elementor-button-wrapper\">\n\t\t\t\t\t<a class=\"elementor-button elementor-button-link elementor-size-sm\" href=\"https:\/\/npmin.org\/tr\/camp-meeting\/registration\/\">\n\t\t\t\t\t\t<span class=\"elementor-button-content-wrapper\">\n\t\t\t\t\t\t\t\t\t<span class=\"elementor-button-text\">\u015eI\u0307MDI\u0307 KAYIT YAPTIRIN<\/span>\n\t\t\t\t\t<\/span>\n\t\t\t\t\t<\/a>\n\t\t\t\t<\/div>\n\t\t\t\t\t\t\t\t<\/div>\n\t\t\t\t<\/div>\n\t\t\t\t<\/div>\n\t\t\t\t<\/div>\n\t\t\t\t\t<\/div>\n\t\t\t\t<\/div>\n\t\t\t\t<\/div>","protected":false},"excerpt":{"rendered":"<p>Our next camp meeting will be September 17-21, 2025. The theme is The Right Preparation. This camp meeting will look at what it means to prepare correctly for the soon return of Jesus. We will study the heart preparation needed to be ready for Jesus&#8217; soon return, and how that reflects in our ministry to [&hellip;]<\/p>\n","protected":false},"author":3,"featured_media":0,"parent":0,"menu_order":0,"comment_status":"closed","ping_status":"closed","template":"","meta":{"_acf_changed":false,"footnotes":""},"class_list":["post-1216","page","type-page","status-publish","hentry"],"acf":[],"_links":{"self":[{"href":"https:\/\/npmin.org\/tr\/wp-json\/wp\/v2\/pages\/1216","targetHints":{"allow":["GET"]}}],"collection":[{"href":"https:\/\/npmin.org\/tr\/wp-json\/wp\/v2\/pages"}],"about":[{"href":"https:\/\/npmin.org\/tr\/wp-json\/wp\/v2\/types\/page"}],"author":[{"embeddable":true,"href":"https:\/\/npmin.org\/tr\/wp-json\/wp\/v2\/users\/3"}],"replies":[{"embeddable":true,"href":"https:\/\/npmin.org\/tr\/wp-json\/wp\/v2\/comments?post=1216"}],"version-history":[{"count":25,"href":"https:\/\/npmin.org\/tr\/wp-json\/wp\/v2\/pages\/1216\/revisions"}],"predecessor-version":[{"id":9221,"href":"https:\/\/npmin.org\/tr\/wp-json\/wp\/v2\/pages\/1216\/revisions\/9221"}],"wp:attachment":[{"href":"https:\/\/npmin.org\/tr\/wp-json\/wp\/v2\/media?parent=1216"}],"curies":[{"name":"wp","href":"https:\/\/api.w.org\/{rel}","templated":true}]}}