{"id":9893,"date":"2026-04-16T05:56:38","date_gmt":"2026-04-15T23:56:38","guid":{"rendered":"https:\/\/npmin.org\/?post_type=product&#038;p=9893"},"modified":"2026-04-16T05:56:39","modified_gmt":"2026-04-15T23:56:39","slug":"there-is-a-solution-111-daily-messages-of-hope","status":"publish","type":"product","link":"https:\/\/npmin.org\/pt\/produto\/there-is-a-solution-111-daily-messages-of-hope\/","title":{"rendered":"Existe uma solu\u00e7\u00e3o: 111 mensagens di\u00e1rias de esperan\u00e7a."},"content":{"rendered":"<p>Estas p\u00e1ginas foram escritas para ajud\u00e1-lo(a) a caminhar com a confian\u00e7a e a seguran\u00e7a que v\u00eam de viver como um(a) filho(a) amado(a) de Deus. Atrav\u00e9s de hist\u00f3rias reais de pessoas comuns, voc\u00ea ver\u00e1 a provis\u00e3o, a restaura\u00e7\u00e3o, a orienta\u00e7\u00e3o e o prop\u00f3sito que Deus traz, mesmo em meio \u00e0 dor. Aprenda a se apegar \u00e0s Suas promessas e transform\u00e1-las em for\u00e7a para o seu dia a dia. Um dia de cada vez, voc\u00ea descobrir\u00e1 como a vida realmente floresce quando Deus \u00e9 a sua fonte.<\/p>\n<p>232 p\u00e1ginas<\/p>","protected":false},"excerpt":{"rendered":"<p>Estas p\u00e1ginas foram escritas para ajud\u00e1-lo(a) a caminhar com a confian\u00e7a e a seguran\u00e7a que v\u00eam de viver como um(a) filho(a) amado(a) de Deus.<\/p>","protected":false},"featured_media":9895,"template":"","meta":{"_acf_changed":false},"product_brand":[],"product_cat":[38],"product_tag":[210,178,176,213,211,212],"class_list":{"0":"post-9893","1":"product","2":"type-product","3":"status-publish","4":"has-post-thumbnail","6":"product_cat-books","7":"product_tag-devotional","8":"product_tag-healing","9":"product_tag-law-of-life","10":"product_tag-pain","11":"product_tag-stories","12":"product_tag-testimonies","14":"first","15":"instock","16":"shipping-taxable","17":"purchasable","18":"product-type-simple"},"acf":[],"_links":{"self":[{"href":"https:\/\/npmin.org\/pt\/wp-json\/wp\/v2\/product\/9893","targetHints":{"allow":["GET"]}}],"collection":[{"href":"https:\/\/npmin.org\/pt\/wp-json\/wp\/v2\/product"}],"about":[{"href":"https:\/\/npmin.org\/pt\/wp-json\/wp\/v2\/types\/product"}],"wp:featuredmedia":[{"embeddable":true,"href":"https:\/\/npmin.org\/pt\/wp-json\/wp\/v2\/media\/9895"}],"wp:attachment":[{"href":"https:\/\/npmin.org\/pt\/wp-json\/wp\/v2\/media?parent=9893"}],"wp:term":[{"taxonomy":"product_brand","embeddable":true,"href":"https:\/\/npmin.org\/pt\/wp-json\/wp\/v2\/product_brand?post=9893"},{"taxonomy":"product_cat","embeddable":true,"href":"https:\/\/npmin.org\/pt\/wp-json\/wp\/v2\/product_cat?post=9893"},{"taxonomy":"product_tag","embeddable":true,"href":"https:\/\/npmin.org\/pt\/wp-json\/wp\/v2\/product_tag?post=9893"}],"curies":[{"name":"wp","href":"https:\/\/api.w.org\/{rel}","templated":true}]}}