{"id":9890,"date":"2026-04-16T05:46:01","date_gmt":"2026-04-15T23:46:01","guid":{"rendered":"https:\/\/npmin.org\/?post_type=product&#038;p=9890"},"modified":"2026-04-16T05:46:02","modified_gmt":"2026-04-15T23:46:02","slug":"am-i-precious","status":"publish","type":"product","link":"https:\/\/npmin.org\/pt\/produto\/am-i-precious\/","title":{"rendered":"Sou precioso(a)?"},"content":{"rendered":"<p>Toda menina carrega uma pergunta persistente: &quot;Sou preciosa?&quot;. Nessa pergunta, escondem-se suas esperan\u00e7as e medos mais secretos. Ela faz essa pergunta \u00e0 fam\u00edlia, aos amigos, a um professor, e nem sempre recebe a resposta que deseja. Mas quando leva sua pergunta a Deus, a resposta Dele \u00e9 sempre a mesma: &quot;Sim, voc\u00ea \u00e9 preciosa e eu te amo&quot;.\u201c<\/p>\n<p>&nbsp;<\/p>\n<p>28 p\u00e1ginas<\/p>","protected":false},"excerpt":{"rendered":"<p>Toda menina jovem tem uma pergunta que a atormenta: &quot;Ser\u00e1 que sou preciosa?&quot;\u201c<\/p>","protected":false},"featured_media":9891,"template":"","meta":{"_acf_changed":false},"product_brand":[],"product_cat":[38],"product_tag":[],"class_list":{"0":"post-9890","1":"product","2":"type-product","3":"status-publish","4":"has-post-thumbnail","6":"product_cat-books","8":"first","9":"instock","10":"shipping-taxable","11":"purchasable","12":"product-type-simple"},"acf":[],"_links":{"self":[{"href":"https:\/\/npmin.org\/pt\/wp-json\/wp\/v2\/product\/9890","targetHints":{"allow":["GET"]}}],"collection":[{"href":"https:\/\/npmin.org\/pt\/wp-json\/wp\/v2\/product"}],"about":[{"href":"https:\/\/npmin.org\/pt\/wp-json\/wp\/v2\/types\/product"}],"wp:featuredmedia":[{"embeddable":true,"href":"https:\/\/npmin.org\/pt\/wp-json\/wp\/v2\/media\/9891"}],"wp:attachment":[{"href":"https:\/\/npmin.org\/pt\/wp-json\/wp\/v2\/media?parent=9890"}],"wp:term":[{"taxonomy":"product_brand","embeddable":true,"href":"https:\/\/npmin.org\/pt\/wp-json\/wp\/v2\/product_brand?post=9890"},{"taxonomy":"product_cat","embeddable":true,"href":"https:\/\/npmin.org\/pt\/wp-json\/wp\/v2\/product_cat?post=9890"},{"taxonomy":"product_tag","embeddable":true,"href":"https:\/\/npmin.org\/pt\/wp-json\/wp\/v2\/product_tag?post=9890"}],"curies":[{"name":"wp","href":"https:\/\/api.w.org\/{rel}","templated":true}]}}