{"id":9749,"date":"2026-03-12T09:46:17","date_gmt":"2026-03-12T03:46:17","guid":{"rendered":"https:\/\/npmin.org\/?post_type=product&#038;p=9749"},"modified":"2026-03-12T09:48:48","modified_gmt":"2026-03-12T03:48:48","slug":"truth-for-life-flash-drive","status":"publish","type":"product","link":"https:\/\/npmin.org\/pt\/produto\/truth-for-life-flash-drive\/","title":{"rendered":"Verdade para a VIDA (Pen Drive)"},"content":{"rendered":"<p>Esta s\u00e9rie de 24 partes, gravada profissionalmente, foi criada especificamente para ajudar voc\u00ea e seus entes queridos a experimentarem a liberdade atrav\u00e9s da verdade. Jesus disse: \u201cA verdade vos libertar\u00e1\u201d (Jo\u00e3o 8:32) e \u201cEu sou o caminho, a verdade e a vida\u201d (Jo\u00e3o 14:6). Esta s\u00e9rie ajuda voc\u00ea a compreender a raz\u00e3o por tr\u00e1s dos seus problemas, a solu\u00e7\u00e3o que Deus tem para libert\u00e1-lo, sua verdadeira identidade e valor, e seu prop\u00f3sito na vida. Voc\u00ea se apaixonar\u00e1 pelo Deus retratado nesta s\u00e9rie e encontrar\u00e1 esperan\u00e7a e cura atrav\u00e9s dos seus princ\u00edpios.<\/p>\n<p>&nbsp;<\/p>\n<p>1 \u2013 Verdade para a VIDA<\/p>\n<p>2 \u2013 O que eu n\u00e3o aprendi na faculdade de medicina<\/p>\n<p>3 \u2013 O que s\u00e3o pensamentos?<\/p>\n<p>4 \u2013 Conhecendo a Deus<\/p>\n<p>5 \u2013 Encontrando sua verdadeira identidade e valor<\/p>\n<p>6 \u2013 As 5 Causas da Disfun\u00e7\u00e3o<\/p>\n<p>7 \u2013 O Maior Problema 1<\/p>\n<p>8 \u2013 O Maior Problema 2<\/p>\n<p>9 \u2013 O Plano de Salva\u00e7\u00e3o<\/p>\n<p>10 \u2013 Aceita\u00e7\u00e3o e Rendi\u00e7\u00e3o<\/p>\n<p>11 \u2013 Confiss\u00e3o, Arrependimento e Restitui\u00e7\u00e3o<\/p>\n<p>12 \u2013 Conectando-se e crescendo na videira<\/p>\n<p>13 \u2013 Superando Pensamentos Negativos<\/p>\n<p>14 \u2013 Lidando com a Tenta\u00e7\u00e3o e os V\u00edcios<\/p>\n<p>15 \u2013 A Verdadeira Identidade<\/p>\n<p>16 \u2013 Livre para Amar<\/p>\n<p>17 \u2013 Casamento<\/p>\n<p>18 \u2013 Fundamentos da Paternidade<\/p>\n<p>19 \u2013 Esfera de A\u00e7\u00e3o e Limites Saud\u00e1veis<\/p>\n<p>20 \u2013 Sa\u00fade pela F\u00e9<\/p>\n<p>21 \u2013 Administra\u00e7\u00e3o versus Propriedade<\/p>\n<p>22 \u2013 Lidando com relacionamentos dif\u00edceis<\/p>\n<p>23 \u2013 Resolu\u00e7\u00e3o de Conflitos<\/p>\n<p>24 \u2013 Uma Voca\u00e7\u00e3o Eterna<\/p>","protected":false},"excerpt":{"rendered":"<p>Esta s\u00e9rie de 24 partes, gravada profissionalmente, foi criada especificamente para ajudar voc\u00ea e seus entes queridos a experimentarem a liberdade atrav\u00e9s da verdade.<\/p>","protected":false},"featured_media":9750,"template":"","meta":{"_acf_changed":false},"product_brand":[],"product_cat":[39],"product_tag":[40,177,176,208,151,207,209,206],"class_list":{"0":"post-9749","1":"product","2":"type-product","3":"status-publish","4":"has-post-thumbnail","6":"product_cat-videos","7":"product_tag-flash-drive","8":"product_tag-health","9":"product_tag-law-of-life","10":"product_tag-physical-health","11":"product_tag-relationships","12":"product_tag-spiritual-health","13":"product_tag-truth","14":"product_tag-truth-for-life","16":"first","17":"instock","18":"shipping-taxable","19":"purchasable","20":"product-type-simple"},"acf":[],"_links":{"self":[{"href":"https:\/\/npmin.org\/pt\/wp-json\/wp\/v2\/product\/9749","targetHints":{"allow":["GET"]}}],"collection":[{"href":"https:\/\/npmin.org\/pt\/wp-json\/wp\/v2\/product"}],"about":[{"href":"https:\/\/npmin.org\/pt\/wp-json\/wp\/v2\/types\/product"}],"wp:featuredmedia":[{"embeddable":true,"href":"https:\/\/npmin.org\/pt\/wp-json\/wp\/v2\/media\/9750"}],"wp:attachment":[{"href":"https:\/\/npmin.org\/pt\/wp-json\/wp\/v2\/media?parent=9749"}],"wp:term":[{"taxonomy":"product_brand","embeddable":true,"href":"https:\/\/npmin.org\/pt\/wp-json\/wp\/v2\/product_brand?post=9749"},{"taxonomy":"product_cat","embeddable":true,"href":"https:\/\/npmin.org\/pt\/wp-json\/wp\/v2\/product_cat?post=9749"},{"taxonomy":"product_tag","embeddable":true,"href":"https:\/\/npmin.org\/pt\/wp-json\/wp\/v2\/product_tag?post=9749"}],"curies":[{"name":"wp","href":"https:\/\/api.w.org\/{rel}","templated":true}]}}