{"id":9714,"date":"2026-02-11T21:41:41","date_gmt":"2026-02-11T15:41:41","guid":{"rendered":"https:\/\/npmin.org\/?post_type=product&#038;p=9714"},"modified":"2026-02-11T21:42:31","modified_gmt":"2026-02-11T15:42:31","slug":"understanding-us-pdf","status":"publish","type":"product","link":"https:\/\/npmin.org\/pt\/produto\/understanding-us-pdf\/","title":{"rendered":"Entendendo-nos \u2013 Planos de aula para crian\u00e7as (PDF)"},"content":{"rendered":"<p>O plano de aula &quot;Entendendo a N\u00f3s&quot; \u00e9 composto por 20 partes e \u00e9 voltado para crian\u00e7as. Ele segue a estrutura do livro &quot;Por Que Ficamos Doentes?&quot;, do Dr. Horst Muller. As aulas s\u00e3o indicadas para crian\u00e7as de 7 a 10 anos, mas tamb\u00e9m podem ser adaptadas para crian\u00e7as menores. O arquivo est\u00e1 em PDF e pode ser baixado e impresso para uso pessoal ou infantil, ou ainda utilizado em dispositivos eletr\u00f4nicos.<\/p>","protected":false},"excerpt":{"rendered":"<p>O programa &quot;Entendendo-nos&quot; \u00e9 um plano de aula em 20 partes para crian\u00e7as de at\u00e9 10 anos de idade. \u00c9 um arquivo PDF para download.<\/p>","protected":false},"featured_media":9716,"template":"","meta":{"_acf_changed":false},"product_brand":[],"product_cat":[125,30],"product_tag":[200,201,128,177,176,202,129,151],"class_list":{"0":"post-9714","1":"product","2":"type-product","3":"status-publish","4":"has-post-thumbnail","6":"product_cat-downloadable-products","7":"product_cat-uncategorized","8":"product_tag-children","9":"product_tag-childrens-materials","10":"product_tag-download","11":"product_tag-health","12":"product_tag-law-of-life","13":"product_tag-mental-health","14":"product_tag-pdf","15":"product_tag-relationships","17":"first","18":"instock","19":"downloadable","20":"shipping-taxable","21":"purchasable","22":"product-type-simple"},"acf":[],"_links":{"self":[{"href":"https:\/\/npmin.org\/pt\/wp-json\/wp\/v2\/product\/9714","targetHints":{"allow":["GET"]}}],"collection":[{"href":"https:\/\/npmin.org\/pt\/wp-json\/wp\/v2\/product"}],"about":[{"href":"https:\/\/npmin.org\/pt\/wp-json\/wp\/v2\/types\/product"}],"wp:featuredmedia":[{"embeddable":true,"href":"https:\/\/npmin.org\/pt\/wp-json\/wp\/v2\/media\/9716"}],"wp:attachment":[{"href":"https:\/\/npmin.org\/pt\/wp-json\/wp\/v2\/media?parent=9714"}],"wp:term":[{"taxonomy":"product_brand","embeddable":true,"href":"https:\/\/npmin.org\/pt\/wp-json\/wp\/v2\/product_brand?post=9714"},{"taxonomy":"product_cat","embeddable":true,"href":"https:\/\/npmin.org\/pt\/wp-json\/wp\/v2\/product_cat?post=9714"},{"taxonomy":"product_tag","embeddable":true,"href":"https:\/\/npmin.org\/pt\/wp-json\/wp\/v2\/product_tag?post=9714"}],"curies":[{"name":"wp","href":"https:\/\/api.w.org\/{rel}","templated":true}]}}