{"id":9561,"date":"2025-11-03T23:20:51","date_gmt":"2025-11-03T17:20:51","guid":{"rendered":"https:\/\/npmin.org\/?post_type=product&#038;p=9561"},"modified":"2026-03-05T22:55:13","modified_gmt":"2026-03-05T16:55:13","slug":"take-to-give-book","status":"publish","type":"product","link":"https:\/\/npmin.org\/pt\/produto\/take-to-give-book\/","title":{"rendered":"Livro &quot;Leve para Doar&quot;"},"content":{"rendered":"<p>&quot;Dar para Receber&quot; \u00e9 um livro ilustrado e uma hist\u00f3ria simples para crian\u00e7as de 3 a 7 anos, que as ajuda a compreender o princ\u00edpio fundamental da Lei da Vida: Dar para Receber. Belinda McCallion \u00e9 m\u00e3e e autora, e tem uma maneira maravilhosa de transmitir conceitos para crian\u00e7as pequenas por meio de hist\u00f3rias e ilustra\u00e7\u00f5es simples. Seus filhos v\u00e3o adorar este livro ilustrado e aprender\u00e3o a compreender o princ\u00edpio b\u00e1sico da Lei da Vida: dar para receber.<\/p>","protected":false},"excerpt":{"rendered":"<p>Take to Give \u00e9 um livro ilustrado com uma hist\u00f3ria simples para crian\u00e7as de 3 a 7 anos, que as ajuda a compreender o princ\u00edpio fundamental da Lei da Vida: Receber e Dar.<\/p>","protected":false},"featured_media":9562,"template":"","meta":{"_acf_changed":false},"product_brand":[],"product_cat":[38],"product_tag":[174,173,49],"class_list":{"0":"post-9561","1":"product","2":"type-product","3":"status-publish","4":"has-post-thumbnail","6":"product_cat-books","7":"product_tag-childrens-books","8":"product_tag-take-to-give","9":"product_tag-the-law-of-life","11":"first","12":"outofstock","13":"shipping-taxable","14":"purchasable","15":"product-type-simple"},"acf":[],"_links":{"self":[{"href":"https:\/\/npmin.org\/pt\/wp-json\/wp\/v2\/product\/9561","targetHints":{"allow":["GET"]}}],"collection":[{"href":"https:\/\/npmin.org\/pt\/wp-json\/wp\/v2\/product"}],"about":[{"href":"https:\/\/npmin.org\/pt\/wp-json\/wp\/v2\/types\/product"}],"wp:featuredmedia":[{"embeddable":true,"href":"https:\/\/npmin.org\/pt\/wp-json\/wp\/v2\/media\/9562"}],"wp:attachment":[{"href":"https:\/\/npmin.org\/pt\/wp-json\/wp\/v2\/media?parent=9561"}],"wp:term":[{"taxonomy":"product_brand","embeddable":true,"href":"https:\/\/npmin.org\/pt\/wp-json\/wp\/v2\/product_brand?post=9561"},{"taxonomy":"product_cat","embeddable":true,"href":"https:\/\/npmin.org\/pt\/wp-json\/wp\/v2\/product_cat?post=9561"},{"taxonomy":"product_tag","embeddable":true,"href":"https:\/\/npmin.org\/pt\/wp-json\/wp\/v2\/product_tag?post=9561"}],"curies":[{"name":"wp","href":"https:\/\/api.w.org\/{rel}","templated":true}]}}