{"id":9139,"date":"2025-04-08T08:33:39","date_gmt":"2025-04-08T02:33:39","guid":{"rendered":"https:\/\/npmin.org\/?post_type=product&#038;p=9139"},"modified":"2025-04-08T08:33:40","modified_gmt":"2025-04-08T02:33:40","slug":"the-study-of-life","status":"publish","type":"product","link":"https:\/\/npmin.org\/pt\/produto\/the-study-of-life\/","title":{"rendered":"O Estudo da Vida"},"content":{"rendered":"<p>Qual \u00e9 a maior necessidade da sua vida? \u00c9 comida, oxig\u00eanio, \u00e1gua? Ou \u00e9 algo mais do que isso? Existe uma condi\u00e7\u00e3o para viver. E isso est\u00e1 relacionado \u00e0 necessidade prim\u00e1ria do homem, que \u00e9 o amor. Para viver, voc\u00ea precisa amar, e para amar, voc\u00ea precisa receber amor da verdadeira Fonte.<\/p>\n<p>O Estudo da Vida \u00e9 um livro de 115 p\u00e1ginas que utiliza linguagem simples e muitas ilustra\u00e7\u00f5es para ajudar as pessoas a compreender o conceito da Lei da Vida e suas aplica\u00e7\u00f5es na vida. Se voc\u00ea tem dificuldade para entender a Lei da Vida, este livro simplifica o assunto. \u00c9 \u00f3timo para compartilhar com crian\u00e7as.<\/p>","protected":false},"excerpt":{"rendered":"<p>O Estudo da Vida \u00e9 um livro de 115 p\u00e1ginas que utiliza linguagem simples e muitas ilustra\u00e7\u00f5es para ajudar as pessoas a compreender o conceito da Lei da Vida e suas aplica\u00e7\u00f5es na vida. Se voc\u00ea tem dificuldade para entender a Lei da Vida, este livro simplifica o assunto. \u00c9 \u00f3timo para compartilhar com crian\u00e7as.<\/p>","protected":false},"featured_media":9141,"template":"","meta":{"_acf_changed":false},"product_brand":[],"product_cat":[38],"product_tag":[],"class_list":{"0":"post-9139","1":"product","2":"type-product","3":"status-publish","4":"has-post-thumbnail","6":"product_cat-books","8":"first","9":"instock","10":"shipping-taxable","11":"purchasable","12":"product-type-simple"},"acf":[],"_links":{"self":[{"href":"https:\/\/npmin.org\/pt\/wp-json\/wp\/v2\/product\/9139","targetHints":{"allow":["GET"]}}],"collection":[{"href":"https:\/\/npmin.org\/pt\/wp-json\/wp\/v2\/product"}],"about":[{"href":"https:\/\/npmin.org\/pt\/wp-json\/wp\/v2\/types\/product"}],"wp:featuredmedia":[{"embeddable":true,"href":"https:\/\/npmin.org\/pt\/wp-json\/wp\/v2\/media\/9141"}],"wp:attachment":[{"href":"https:\/\/npmin.org\/pt\/wp-json\/wp\/v2\/media?parent=9139"}],"wp:term":[{"taxonomy":"product_brand","embeddable":true,"href":"https:\/\/npmin.org\/pt\/wp-json\/wp\/v2\/product_brand?post=9139"},{"taxonomy":"product_cat","embeddable":true,"href":"https:\/\/npmin.org\/pt\/wp-json\/wp\/v2\/product_cat?post=9139"},{"taxonomy":"product_tag","embeddable":true,"href":"https:\/\/npmin.org\/pt\/wp-json\/wp\/v2\/product_tag?post=9139"}],"curies":[{"name":"wp","href":"https:\/\/api.w.org\/{rel}","templated":true}]}}