{"id":9015,"date":"2025-02-09T22:10:35","date_gmt":"2025-02-09T22:10:35","guid":{"rendered":"https:\/\/npmin.org\/?post_type=product&#038;p=9015"},"modified":"2025-02-09T22:10:36","modified_gmt":"2025-02-09T22:10:36","slug":"lessons-from-covid-download","status":"publish","type":"product","link":"https:\/\/npmin.org\/pt\/produto\/lessons-from-covid-download\/","title":{"rendered":"Li\u00e7\u00f5es da Covid (Baixar)"},"content":{"rendered":"<p>Li\u00e7\u00f5es da Covid (Download) cont\u00e9m uma s\u00e9rie de 11 apresenta\u00e7\u00f5es em v\u00eddeo (em formato MP4, incluindo todos os slides do PowerPoint, arquivos PDF e arquivos de \u00e1udio MP3) que abordam as seguintes quest\u00f5es: Voc\u00ea precisa ficar doente s\u00f3 porque as pessoas ao seu redor est\u00e3o doentes? Podemos nos livrar do medo em meio a uma pandemia ou epidemia? Por que ficamos doentes? O que \u00e9 preciso para ser saud\u00e1vel? A causa da doen\u00e7a est\u00e1 fora ou dentro de voc\u00ea? Qual \u00e9 a agenda por tr\u00e1s dos eventos em torno da pandemia da Covid? E para onde isso nos levar\u00e1 no futuro? Se voc\u00ea quer respostas para essas e outras perguntas, Li\u00e7\u00f5es da Covid \u00e9 para voc\u00ea.<\/p>\n<p>Como este \u00e9 um download, certifique-se de ter uma boa conex\u00e3o com a internet, pois alguns arquivos s\u00e3o bem grandes.<\/p>","protected":false},"excerpt":{"rendered":"<p>Li\u00e7\u00f5es da Covid (Download) cont\u00e9m uma apresenta\u00e7\u00e3o em v\u00eddeo de 11 partes (com arquivos MP3, PowerPoint e PDF) que pode ser baixada para o seu computador ou dispositivo. Descubra como erramos e o que precisamos saber antes que algo assim aconte\u00e7a novamente.<\/p>","protected":false},"featured_media":9017,"template":"","meta":{"_acf_changed":false},"product_brand":[],"product_cat":[125],"product_tag":[48,128,155,43,153,154,129,45,47],"class_list":{"0":"post-9015","1":"product","2":"type-product","3":"status-publish","4":"has-post-thumbnail","6":"product_cat-downloadable-products","7":"product_tag-audio","8":"product_tag-download","9":"product_tag-lessons","10":"product_tag-lessons-from-covid","11":"product_tag-mp3","12":"product_tag-mp4","13":"product_tag-pdf","14":"product_tag-powerpoint","15":"product_tag-video","17":"first","18":"instock","19":"downloadable","20":"virtual","21":"purchasable","22":"product-type-simple"},"acf":[],"_links":{"self":[{"href":"https:\/\/npmin.org\/pt\/wp-json\/wp\/v2\/product\/9015","targetHints":{"allow":["GET"]}}],"collection":[{"href":"https:\/\/npmin.org\/pt\/wp-json\/wp\/v2\/product"}],"about":[{"href":"https:\/\/npmin.org\/pt\/wp-json\/wp\/v2\/types\/product"}],"wp:featuredmedia":[{"embeddable":true,"href":"https:\/\/npmin.org\/pt\/wp-json\/wp\/v2\/media\/9017"}],"wp:attachment":[{"href":"https:\/\/npmin.org\/pt\/wp-json\/wp\/v2\/media?parent=9015"}],"wp:term":[{"taxonomy":"product_brand","embeddable":true,"href":"https:\/\/npmin.org\/pt\/wp-json\/wp\/v2\/product_brand?post=9015"},{"taxonomy":"product_cat","embeddable":true,"href":"https:\/\/npmin.org\/pt\/wp-json\/wp\/v2\/product_cat?post=9015"},{"taxonomy":"product_tag","embeddable":true,"href":"https:\/\/npmin.org\/pt\/wp-json\/wp\/v2\/product_tag?post=9015"}],"curies":[{"name":"wp","href":"https:\/\/api.w.org\/{rel}","templated":true}]}}