{"id":9011,"date":"2025-02-09T22:03:42","date_gmt":"2025-02-09T22:03:42","guid":{"rendered":"https:\/\/npmin.org\/?post_type=product&#038;p=9011"},"modified":"2025-02-09T22:03:43","modified_gmt":"2025-02-09T22:03:43","slug":"improving-relationships-download","status":"publish","type":"product","link":"https:\/\/npmin.org\/pt\/produto\/improving-relationships-download\/","title":{"rendered":"Melhorando Relacionamentos (Download)"},"content":{"rendered":"<p>Se voc\u00ea j\u00e1 teve dificuldades em seus relacionamentos, o livro &quot;Aprimorando Relacionamentos&quot; (Download) \u00e9 para voc\u00ea. Por meio de 12 v\u00eddeos em alta defini\u00e7\u00e3o (junto com os arquivos de \u00e1udio em MP3, arquivos de PowerPoint e PDFs de todos os slides), o Dr. Sandoval corta as distra\u00e7\u00f5es confusas e vai direto ao cerne do problema. Ele oferece insights e solu\u00e7\u00f5es para alguns dos seus problemas de relacionamento mais profundos. E o encoraja, com hist\u00f3rias, ilustra\u00e7\u00f5es, experi\u00eancias pessoais e os princ\u00edpios da Palavra de Deus, a adotar aqueles princ\u00edpios que transformar\u00e3o seus relacionamentos.<\/p>\n<p>Esses materiais est\u00e3o dispon\u00edveis para download, ent\u00e3o certifique-se de ter uma boa conex\u00e3o com a internet, pois alguns arquivos s\u00e3o bem grandes.<\/p>","protected":false},"excerpt":{"rendered":"<p>Se voc\u00ea j\u00e1 teve dificuldades em seus relacionamentos, o livro &quot;Melhorando Relacionamentos&quot; (download) \u00e9 para voc\u00ea. Com 12 v\u00eddeos em alta defini\u00e7\u00e3o, al\u00e9m de arquivos de \u00e1udio mp3, arquivos de PowerPoint e PDFs de todos os slides.<\/p>","protected":false},"featured_media":9013,"template":"","meta":{"_acf_changed":false},"product_brand":[],"product_cat":[125],"product_tag":[48,128,152,153,154,129,45,150,151,47],"class_list":{"0":"post-9011","1":"product","2":"type-product","3":"status-publish","4":"has-post-thumbnail","6":"product_cat-downloadable-products","7":"product_tag-audio","8":"product_tag-download","9":"product_tag-improving","10":"product_tag-mp3","11":"product_tag-mp4","12":"product_tag-pdf","13":"product_tag-powerpoint","14":"product_tag-relationship","15":"product_tag-relationships","16":"product_tag-video","18":"first","19":"instock","20":"downloadable","21":"virtual","22":"purchasable","23":"product-type-simple"},"acf":[],"_links":{"self":[{"href":"https:\/\/npmin.org\/pt\/wp-json\/wp\/v2\/product\/9011","targetHints":{"allow":["GET"]}}],"collection":[{"href":"https:\/\/npmin.org\/pt\/wp-json\/wp\/v2\/product"}],"about":[{"href":"https:\/\/npmin.org\/pt\/wp-json\/wp\/v2\/types\/product"}],"wp:featuredmedia":[{"embeddable":true,"href":"https:\/\/npmin.org\/pt\/wp-json\/wp\/v2\/media\/9013"}],"wp:attachment":[{"href":"https:\/\/npmin.org\/pt\/wp-json\/wp\/v2\/media?parent=9011"}],"wp:term":[{"taxonomy":"product_brand","embeddable":true,"href":"https:\/\/npmin.org\/pt\/wp-json\/wp\/v2\/product_brand?post=9011"},{"taxonomy":"product_cat","embeddable":true,"href":"https:\/\/npmin.org\/pt\/wp-json\/wp\/v2\/product_cat?post=9011"},{"taxonomy":"product_tag","embeddable":true,"href":"https:\/\/npmin.org\/pt\/wp-json\/wp\/v2\/product_tag?post=9011"}],"curies":[{"name":"wp","href":"https:\/\/api.w.org\/{rel}","templated":true}]}}