{"id":9008,"date":"2025-02-09T19:21:33","date_gmt":"2025-02-09T19:21:33","guid":{"rendered":"https:\/\/npmin.org\/?post_type=product&#038;p=9008"},"modified":"2025-02-09T19:22:38","modified_gmt":"2025-02-09T19:22:38","slug":"biblical-counseling-short-course-download","status":"publish","type":"product","link":"https:\/\/npmin.org\/pt\/produto\/biblical-counseling-short-course-download\/","title":{"rendered":"Curso R\u00e1pido de Aconselhamento B\u00edblico (Download)"},"content":{"rendered":"<p>Se algu\u00e9m est\u00e1 passando por dificuldades pessoais, se seus relacionamentos est\u00e3o se desintegrando e se est\u00e1 enfrentando problemas de sa\u00fade, voc\u00ea sabe o que est\u00e1 acontecendo para poder ajud\u00e1-lo? \u00c9 importante saber como algo deveria funcionar e o que causou a disfun\u00e7\u00e3o se voc\u00ea quiser que ele volte a funcionar.<\/p>\n<p>Este curso foi elaborado pelo Dr. Mark Sandoval para ajud\u00e1-lo a entender por que as pessoas enfrentam dificuldades espirituais, emocionais e sociais, e como essas dificuldades afetam sua sa\u00fade. Ele oferece uma vis\u00e3o profunda da mente, dos relacionamentos, de Deus, da natureza humana, do plano de salva\u00e7\u00e3o e da Palavra de Deus, para que voc\u00ea possa ajudar outras pessoas a se libertarem de suas lutas. Este breve curso de aconselhamento b\u00edblico cont\u00e9m 28 v\u00eddeos em MP4 de alta defini\u00e7\u00e3o, 28 arquivos de \u00e1udio em MP3 e todos os arquivos em PowerPoint e PDF de cada apresenta\u00e7\u00e3o, e est\u00e1 dispon\u00edvel para download em seu computador ou dispositivo. Voc\u00ea precisar\u00e1 de uma boa conex\u00e3o com a internet, pois alguns arquivos s\u00e3o bem grandes.<\/p>\n<p>Os t\u00edtulos das apresenta\u00e7\u00f5es incluem:<\/p>\n<p>1 Princ\u00edpios do Aconselhamento Guiado pelo Esp\u00edrito<\/p>\n<p>2 Obtendo um Hist\u00f3rico de Vida<\/p>\n<p>3 Compreendendo a sa\u00fade e a doen\u00e7a<\/p>\n<p>4 O Papel da Mente na Doen\u00e7a<\/p>\n<p>5 A Lei da Vida - Como as Coisas Funcionam<\/p>\n<p>6 Conhecendo a Deus<\/p>\n<p>7 Precioso<\/p>\n<p>8 Como os humanos funcionam<\/p>\n<p>9 A Queda e Suas Consequ\u00eancias<\/p>\n<p>10 O Plano de Salva\u00e7\u00e3o \u2013 Parte 1<\/p>\n<p>11 O Papel e os Limites da Escolha<\/p>\n<p>12 O Plano de Salva\u00e7\u00e3o \u2013 Parte 2a<\/p>\n<p>13 O Plano de Salva\u00e7\u00e3o \u2013 Parte 2b<\/p>\n<p>14 Aceita\u00e7\u00e3o e Rendi\u00e7\u00e3o<\/p>\n<p>15 Confiss\u00e3o, Arrependimento e Restitui\u00e7\u00e3o<\/p>\n<p>16 Conectados e crescendo na videira<\/p>\n<p>17 Lidando com Tenta\u00e7\u00f5es e V\u00edcios<\/p>\n<p>18 A Ilus\u00e3o da Natureza Pecaminosa<\/p>\n<p>19 O Problema de Deus<\/p>\n<p>20 Esfera de A\u00e7\u00e3o<\/p>\n<p>21 Limites Saud\u00e1veis<\/p>\n<p>22 A Solu\u00e7\u00e3o de Identidade<\/p>\n<p>23 O Talento do Sofrimento<\/p>\n<p>24 Autoridade e Submiss\u00e3o<\/p>\n<p>25 Comedores ou Alimentadores<\/p>\n<p>26 Sa\u00fade pela F\u00e9<\/p>\n<p>27 A verdadeira causa da doen\u00e7a<\/p>\n<p>28 Justi\u00e7a pela F\u00e9<\/p>","protected":false},"excerpt":{"rendered":"<p>Este Curso R\u00e1pido em Aconselhamento B\u00edblico cont\u00e9m 28 v\u00eddeos em MP4 de alta defini\u00e7\u00e3o, 28 arquivos de \u00e1udio em MP3 e todos os arquivos em PowerPoint e PDF de cada apresenta\u00e7\u00e3o. O objetivo do curso \u00e9 ajudar voc\u00ea a entender por que algu\u00e9m est\u00e1 enfrentando dificuldades na vida mental, espiritual e social, como isso afeta sua sa\u00fade e como voc\u00ea pode ajud\u00e1-lo a se recuperar por meio da verdade. Esses arquivos est\u00e3o dispon\u00edveis para download em seu computador ou dispositivo.<\/p>","protected":false},"featured_media":9010,"template":"","meta":{"_acf_changed":false},"product_brand":[],"product_cat":[125],"product_tag":[48,149,128,129,45,47],"class_list":{"0":"post-9008","1":"product","2":"type-product","3":"status-publish","4":"has-post-thumbnail","6":"product_cat-downloadable-products","7":"product_tag-audio","8":"product_tag-biblical-counseling","9":"product_tag-download","10":"product_tag-pdf","11":"product_tag-powerpoint","12":"product_tag-video","14":"first","15":"instock","16":"downloadable","17":"virtual","18":"purchasable","19":"product-type-simple"},"acf":[],"_links":{"self":[{"href":"https:\/\/npmin.org\/pt\/wp-json\/wp\/v2\/product\/9008","targetHints":{"allow":["GET"]}}],"collection":[{"href":"https:\/\/npmin.org\/pt\/wp-json\/wp\/v2\/product"}],"about":[{"href":"https:\/\/npmin.org\/pt\/wp-json\/wp\/v2\/types\/product"}],"wp:featuredmedia":[{"embeddable":true,"href":"https:\/\/npmin.org\/pt\/wp-json\/wp\/v2\/media\/9010"}],"wp:attachment":[{"href":"https:\/\/npmin.org\/pt\/wp-json\/wp\/v2\/media?parent=9008"}],"wp:term":[{"taxonomy":"product_brand","embeddable":true,"href":"https:\/\/npmin.org\/pt\/wp-json\/wp\/v2\/product_brand?post=9008"},{"taxonomy":"product_cat","embeddable":true,"href":"https:\/\/npmin.org\/pt\/wp-json\/wp\/v2\/product_cat?post=9008"},{"taxonomy":"product_tag","embeddable":true,"href":"https:\/\/npmin.org\/pt\/wp-json\/wp\/v2\/product_tag?post=9008"}],"curies":[{"name":"wp","href":"https:\/\/api.w.org\/{rel}","templated":true}]}}