{"id":8868,"date":"2024-11-15T22:53:20","date_gmt":"2024-11-15T22:53:20","guid":{"rendered":"https:\/\/npmin.org\/?post_type=product&#038;p=8868"},"modified":"2026-04-06T00:41:48","modified_gmt":"2026-04-05T18:41:48","slug":"the-law-of-life-workbook","status":"publish","type":"product","link":"https:\/\/npmin.org\/pt\/produto\/the-law-of-life-workbook\/","title":{"rendered":"O Livro de Exerc\u00edcios da Lei da Vida"},"content":{"rendered":"<p>Este livro de exerc\u00edcios foi elaborado para acompanhar o livro A Lei da Vida, ou o livro A Lei da Vida (Edi\u00e7\u00e3o Wedge). Ele cont\u00e9m perguntas pertinentes, textos b\u00edblicos e desafios de reflex\u00e3o para ajudar o leitor a compreender melhor os conceitos apresentados no livro A Lei da Vida. Tamb\u00e9m ajuda o leitor a aplicar esses conceitos em sua vida. Sugerimos que todos que possuem o livro A Lei da Vida adquiram um exemplar do livro de exerc\u00edcios A Lei da Vida para auxiliar em seu crescimento.<\/p>","protected":false},"excerpt":{"rendered":"<p>Se voc\u00ea possui o livro A Lei da Vida ou a Lei da Vida (Edi\u00e7\u00e3o Wedge), se voc\u00ea tem o pen drive A Lei da Vida ou est\u00e1 fazendo o curso A Lei da Vida, voc\u00ea vai querer ter esta apostila A Lei da Vida tamb\u00e9m.<\/p>","protected":false},"featured_media":8870,"template":"","meta":{"_acf_changed":false},"product_brand":[],"product_cat":[38],"product_tag":[49,123],"class_list":{"0":"post-8868","1":"product","2":"type-product","3":"status-publish","4":"has-post-thumbnail","6":"product_cat-books","7":"product_tag-the-law-of-life","8":"product_tag-workbook","10":"first","11":"instock","12":"shipping-taxable","13":"purchasable","14":"product-type-simple"},"acf":[],"_links":{"self":[{"href":"https:\/\/npmin.org\/pt\/wp-json\/wp\/v2\/product\/8868","targetHints":{"allow":["GET"]}}],"collection":[{"href":"https:\/\/npmin.org\/pt\/wp-json\/wp\/v2\/product"}],"about":[{"href":"https:\/\/npmin.org\/pt\/wp-json\/wp\/v2\/types\/product"}],"wp:featuredmedia":[{"embeddable":true,"href":"https:\/\/npmin.org\/pt\/wp-json\/wp\/v2\/media\/8870"}],"wp:attachment":[{"href":"https:\/\/npmin.org\/pt\/wp-json\/wp\/v2\/media?parent=8868"}],"wp:term":[{"taxonomy":"product_brand","embeddable":true,"href":"https:\/\/npmin.org\/pt\/wp-json\/wp\/v2\/product_brand?post=8868"},{"taxonomy":"product_cat","embeddable":true,"href":"https:\/\/npmin.org\/pt\/wp-json\/wp\/v2\/product_cat?post=8868"},{"taxonomy":"product_tag","embeddable":true,"href":"https:\/\/npmin.org\/pt\/wp-json\/wp\/v2\/product_tag?post=8868"}],"curies":[{"name":"wp","href":"https:\/\/api.w.org\/{rel}","templated":true}]}}