{"id":8719,"date":"2024-09-24T15:39:28","date_gmt":"2024-09-24T15:39:28","guid":{"rendered":"https:\/\/npmin.org\/?post_type=product&#038;p=8719"},"modified":"2025-01-06T15:03:05","modified_gmt":"2025-01-06T15:03:05","slug":"bible-promises-for-freedom","status":"publish","type":"product","link":"https:\/\/npmin.org\/pt\/produto\/bible-promises-for-freedom\/","title":{"rendered":"Promessas da B\u00edblia para a Liberdade"},"content":{"rendered":"<p style=\"font-weight: 400;\">Promessas B\u00edblicas para a Liberdade \u00e9 o seu recurso para superar pensamentos negativos. Se voc\u00ea luta contra estresse, culpa, amargura, ansiedade, depress\u00e3o, v\u00edcios, rejei\u00e7\u00e3o, desesperan\u00e7a, lux\u00faria ou uma s\u00e9rie de outros problemas, precisa do poder das promessas de Deus para ajud\u00e1-lo a superar. Mas muitas pessoas n\u00e3o sabem como encontrar essas promessas ou como us\u00e1-las corretamente. Promessas B\u00edblicas para a Liberdade ajuda voc\u00ea a encontrar as promessas b\u00edblicas que precisa. Mas, mais do que isso, oferece maneiras pr\u00e1ticas de usar essas promessas para se libertar. O Dr. Sandoval tem ajudado pessoas a se libertarem de suas lutas h\u00e1 anos e compartilha insights derivados de sua luta pessoal para ajudar voc\u00ea a superar tamb\u00e9m.<\/p>","protected":false},"excerpt":{"rendered":"<p style=\"font-weight: 400;\">Promessas B\u00edblicas para a Liberdade ajuda voc\u00ea a saber como superar pensamentos negativos usando a palavra de Deus e fornece as promessas da Palavra que voc\u00ea precisa para ser livre.<\/p>","protected":false},"featured_media":8722,"template":"","meta":{"_acf_changed":false},"product_brand":[],"product_cat":[38],"product_tag":[],"class_list":{"0":"post-8719","1":"product","2":"type-product","3":"status-publish","4":"has-post-thumbnail","6":"product_cat-books","8":"first","9":"instock","10":"shipping-taxable","11":"purchasable","12":"product-type-simple"},"acf":[],"_links":{"self":[{"href":"https:\/\/npmin.org\/pt\/wp-json\/wp\/v2\/product\/8719","targetHints":{"allow":["GET"]}}],"collection":[{"href":"https:\/\/npmin.org\/pt\/wp-json\/wp\/v2\/product"}],"about":[{"href":"https:\/\/npmin.org\/pt\/wp-json\/wp\/v2\/types\/product"}],"wp:featuredmedia":[{"embeddable":true,"href":"https:\/\/npmin.org\/pt\/wp-json\/wp\/v2\/media\/8722"}],"wp:attachment":[{"href":"https:\/\/npmin.org\/pt\/wp-json\/wp\/v2\/media?parent=8719"}],"wp:term":[{"taxonomy":"product_brand","embeddable":true,"href":"https:\/\/npmin.org\/pt\/wp-json\/wp\/v2\/product_brand?post=8719"},{"taxonomy":"product_cat","embeddable":true,"href":"https:\/\/npmin.org\/pt\/wp-json\/wp\/v2\/product_cat?post=8719"},{"taxonomy":"product_tag","embeddable":true,"href":"https:\/\/npmin.org\/pt\/wp-json\/wp\/v2\/product_tag?post=8719"}],"curies":[{"name":"wp","href":"https:\/\/api.w.org\/{rel}","templated":true}]}}