{"id":7702,"date":"2024-08-21T18:13:54","date_gmt":"2024-08-21T18:13:54","guid":{"rendered":"https:\/\/npmin.org\/?post_type=product&#038;p=7702"},"modified":"2026-03-02T05:37:29","modified_gmt":"2026-03-01T23:37:29","slug":"improving-relationships-flash-drive","status":"publish","type":"product","link":"https:\/\/npmin.org\/pt\/produto\/improving-relationships-flash-drive\/","title":{"rendered":"Melhorando Relacionamentos (Pen Drive)"},"content":{"rendered":"<p><span style=\"font-weight: 300;\">Se voc\u00ea j\u00e1 teve dificuldades em seus relacionamentos, a s\u00e9rie de v\u00eddeos &quot;Melhorando Relacionamentos&quot; \u00e9 para voc\u00ea. Por meio de 12 v\u00eddeos em alta defini\u00e7\u00e3o (junto com os arquivos de \u00e1udio em MP3, arquivos de PowerPoint e PDFs de todos os slides), o Dr. Sandoval corta as distra\u00e7\u00f5es confusas e vai direto ao cerne do problema. Ele oferece insights e solu\u00e7\u00f5es para alguns dos seus problemas de relacionamento mais profundos. E o encoraja, com hist\u00f3rias, ilustra\u00e7\u00f5es, experi\u00eancias pessoais e os princ\u00edpios da Palavra de Deus, a adotar aqueles princ\u00edpios que transformar\u00e3o seus relacionamentos.<\/span><\/p>","protected":false},"excerpt":{"rendered":"<p><span style=\"font-weight: 300;\">Se voc\u00ea j\u00e1 teve dificuldades em seus relacionamentos, a s\u00e9rie de v\u00eddeos &quot;Melhorando Relacionamentos&quot; \u00e9 para voc\u00ea. S\u00e3o 12 v\u00eddeos em alta defini\u00e7\u00e3o (junto com os arquivos de \u00e1udio mp3, arquivos de PowerPoint e PDFs de todos os slides). <\/span><\/p>","protected":false},"featured_media":7703,"template":"","meta":{"_acf_changed":false},"product_brand":[],"product_cat":[37,39],"product_tag":[],"class_list":{"0":"post-7702","1":"product","2":"type-product","3":"status-publish","4":"has-post-thumbnail","6":"product_cat-media-books-videos-etc","7":"product_cat-videos","9":"first","10":"instock","11":"shipping-taxable","12":"purchasable","13":"product-type-simple"},"acf":[],"_links":{"self":[{"href":"https:\/\/npmin.org\/pt\/wp-json\/wp\/v2\/product\/7702","targetHints":{"allow":["GET"]}}],"collection":[{"href":"https:\/\/npmin.org\/pt\/wp-json\/wp\/v2\/product"}],"about":[{"href":"https:\/\/npmin.org\/pt\/wp-json\/wp\/v2\/types\/product"}],"wp:featuredmedia":[{"embeddable":true,"href":"https:\/\/npmin.org\/pt\/wp-json\/wp\/v2\/media\/7703"}],"wp:attachment":[{"href":"https:\/\/npmin.org\/pt\/wp-json\/wp\/v2\/media?parent=7702"}],"wp:term":[{"taxonomy":"product_brand","embeddable":true,"href":"https:\/\/npmin.org\/pt\/wp-json\/wp\/v2\/product_brand?post=7702"},{"taxonomy":"product_cat","embeddable":true,"href":"https:\/\/npmin.org\/pt\/wp-json\/wp\/v2\/product_cat?post=7702"},{"taxonomy":"product_tag","embeddable":true,"href":"https:\/\/npmin.org\/pt\/wp-json\/wp\/v2\/product_tag?post=7702"}],"curies":[{"name":"wp","href":"https:\/\/api.w.org\/{rel}","templated":true}]}}