{"id":6115,"date":"2024-07-25T18:58:38","date_gmt":"2024-07-25T18:58:38","guid":{"rendered":"https:\/\/npmin.org\/?post_type=product&#038;p=6115"},"modified":"2024-12-22T01:27:37","modified_gmt":"2024-12-22T01:27:37","slug":"life-lessons-from-luke-volume-1","status":"publish","type":"product","link":"https:\/\/npmin.org\/pt\/produto\/life-lessons-from-luke-volume-1\/","title":{"rendered":"Li\u00e7\u00f5es de vida de Lucas, Volume 1"},"content":{"rendered":"<p style=\"font-weight: 400;\">Em Li\u00e7\u00f5es de Vida de Lucas Volume 1, o Dr. Mark Sandoval caminha com voc\u00ea, vers\u00edculo por vers\u00edculo, pelos cap\u00edtulos 1 a 4 de Lucas. Usando hist\u00f3rias envolventes, analogias e fatos que envolvem o texto, ele ilustra os princ\u00edpios subjacentes de uma forma que ajuda voc\u00ea a compreender a profunda beleza do evangelho. Atrav\u00e9s deste livro, voc\u00ea se sentir\u00e1 encorajado, inspirado e desafiado em sua caminhada pessoal com Deus. E encontrar\u00e1 as chaves necess\u00e1rias para libert\u00e1-lo dos problemas com os quais luta. Ilustra\u00e7\u00f5es pessoais o ajudar\u00e3o a entender que voc\u00ea n\u00e3o est\u00e1 sozinho em sua luta, mas tamb\u00e9m que tem muita esperan\u00e7a por causa do que Jesus fez por voc\u00ea. Em suma, se voc\u00ea deseja ser inspirado, desafiado e receber as chaves necess\u00e1rias para sua liberta\u00e7\u00e3o, Li\u00e7\u00f5es de Vida de Lucas Volume 1 \u00e9 para voc\u00ea.<\/p>","protected":false},"excerpt":{"rendered":"<p>Em Li\u00e7\u00f5es de Vida de Lucas Volume 1, o Dr. Mark Sandoval caminha com voc\u00ea, vers\u00edculo por vers\u00edculo, pelos cap\u00edtulos 1 a 4 de Lucas. Usando hist\u00f3rias envolventes, analogias e fatos que envolvem o texto, ele ilustra os princ\u00edpios subjacentes de uma forma que ajuda voc\u00ea a compreender a profunda beleza do evangelho.<\/p>","protected":false},"featured_media":6116,"template":"","meta":{"_acf_changed":false},"product_brand":[],"product_cat":[38],"product_tag":[],"class_list":{"0":"post-6115","1":"product","2":"type-product","3":"status-publish","4":"has-post-thumbnail","6":"product_cat-books","8":"first","9":"instock","10":"shipping-taxable","11":"purchasable","12":"product-type-simple"},"acf":[],"_links":{"self":[{"href":"https:\/\/npmin.org\/pt\/wp-json\/wp\/v2\/product\/6115","targetHints":{"allow":["GET"]}}],"collection":[{"href":"https:\/\/npmin.org\/pt\/wp-json\/wp\/v2\/product"}],"about":[{"href":"https:\/\/npmin.org\/pt\/wp-json\/wp\/v2\/types\/product"}],"wp:featuredmedia":[{"embeddable":true,"href":"https:\/\/npmin.org\/pt\/wp-json\/wp\/v2\/media\/6116"}],"wp:attachment":[{"href":"https:\/\/npmin.org\/pt\/wp-json\/wp\/v2\/media?parent=6115"}],"wp:term":[{"taxonomy":"product_brand","embeddable":true,"href":"https:\/\/npmin.org\/pt\/wp-json\/wp\/v2\/product_brand?post=6115"},{"taxonomy":"product_cat","embeddable":true,"href":"https:\/\/npmin.org\/pt\/wp-json\/wp\/v2\/product_cat?post=6115"},{"taxonomy":"product_tag","embeddable":true,"href":"https:\/\/npmin.org\/pt\/wp-json\/wp\/v2\/product_tag?post=6115"}],"curies":[{"name":"wp","href":"https:\/\/api.w.org\/{rel}","templated":true}]}}