{"id":6042,"date":"2024-03-14T09:34:15","date_gmt":"2024-03-14T09:34:15","guid":{"rendered":"https:\/\/npmin.org\/?post_type=product&#038;p=6042"},"modified":"2026-03-02T05:39:10","modified_gmt":"2026-03-01T23:39:10","slug":"the-law-of-life-flash-drive","status":"publish","type":"product","link":"https:\/\/npmin.org\/pt\/produto\/the-law-of-life-flash-drive\/","title":{"rendered":"A Lei da Vida (Pen Drive)"},"content":{"rendered":"<p>O pendrive &quot;A Lei da Vida&quot; cont\u00e9m 16 v\u00eddeos em alta defini\u00e7\u00e3o com 15 horas de conte\u00fado, que seguem o esbo\u00e7o e o conte\u00fado do livro &quot;A Lei da Vida&quot;. Al\u00e9m dos v\u00eddeos, h\u00e1 16 arquivos de \u00e1udio em MP3 para que voc\u00ea possa ouvir as apresenta\u00e7\u00f5es enquanto dirige ou trabalha. O pendrive tamb\u00e9m cont\u00e9m todos os arquivos de PowerPoint usados em todas as apresenta\u00e7\u00f5es, bem como arquivos PDF para todos os slides usados nas apresenta\u00e7\u00f5es.<\/p>","protected":false},"excerpt":{"rendered":"<p>O pendrive &quot;A Lei da Vida&quot; cont\u00e9m 16 v\u00eddeos em alta defini\u00e7\u00e3o (com \u00e1udio, arquivos de PowerPoint e PDF) que seguem o esbo\u00e7o e o conte\u00fado do livro &quot;A Lei da Vida&quot;. S\u00e3o 15 horas de conte\u00fado em v\u00eddeo no total.<\/p>","protected":false},"featured_media":6043,"template":"","meta":{"_acf_changed":false},"product_brand":[],"product_cat":[37,39],"product_tag":[48,40,49,47],"class_list":{"0":"post-6042","1":"product","2":"type-product","3":"status-publish","4":"has-post-thumbnail","6":"product_cat-media-books-videos-etc","7":"product_cat-videos","8":"product_tag-audio","9":"product_tag-flash-drive","10":"product_tag-the-law-of-life","11":"product_tag-video","13":"first","14":"instock","15":"shipping-taxable","16":"purchasable","17":"product-type-simple"},"acf":[],"_links":{"self":[{"href":"https:\/\/npmin.org\/pt\/wp-json\/wp\/v2\/product\/6042","targetHints":{"allow":["GET"]}}],"collection":[{"href":"https:\/\/npmin.org\/pt\/wp-json\/wp\/v2\/product"}],"about":[{"href":"https:\/\/npmin.org\/pt\/wp-json\/wp\/v2\/types\/product"}],"wp:featuredmedia":[{"embeddable":true,"href":"https:\/\/npmin.org\/pt\/wp-json\/wp\/v2\/media\/6043"}],"wp:attachment":[{"href":"https:\/\/npmin.org\/pt\/wp-json\/wp\/v2\/media?parent=6042"}],"wp:term":[{"taxonomy":"product_brand","embeddable":true,"href":"https:\/\/npmin.org\/pt\/wp-json\/wp\/v2\/product_brand?post=6042"},{"taxonomy":"product_cat","embeddable":true,"href":"https:\/\/npmin.org\/pt\/wp-json\/wp\/v2\/product_cat?post=6042"},{"taxonomy":"product_tag","embeddable":true,"href":"https:\/\/npmin.org\/pt\/wp-json\/wp\/v2\/product_tag?post=6042"}],"curies":[{"name":"wp","href":"https:\/\/api.w.org\/{rel}","templated":true}]}}