{"id":5525,"date":"2023-05-08T21:11:03","date_gmt":"2023-05-08T21:11:03","guid":{"rendered":"https:\/\/npmin.org\/?post_type=product&#038;p=5525"},"modified":"2026-04-12T11:16:24","modified_gmt":"2026-04-12T05:16:24","slug":"la-ley-de-la-vida","status":"publish","type":"product","link":"https:\/\/npmin.org\/pt\/produto\/la-ley-de-la-vida\/","title":{"rendered":"A Lei da Vida"},"content":{"rendered":"<p style=\"font-weight: 400;\">Michelle descobriu um c\u00e2ncer abdominal que se estendeu e resistiu a todas as tentativas convencionais de controle. Ela tamb\u00e9m bebeu com a equipe emocional dos traumas do relacionamento. Ao compartilhar os princ\u00edpios contidos em \u201cA Lei da Vida\u201d e aplicar esses princ\u00edpios em sua vida, seu c\u00e2ncer reviveu. Obtive o gozo e a esperan\u00e7a que havia perdido, e voc\u00ea teve uma maior aprecia\u00e7\u00e3o de seu prop\u00f3sito na vida. A hist\u00f3ria de Michelle n\u00e3o \u00e9 um caso isolado. Veio a restaura\u00e7\u00e3o das rela\u00e7\u00f5es de meus pacientes, o florescimento da vida espiritual e a melhoria da sa\u00fade mental quando se aplicam esses princ\u00edpios. E voc\u00ea tamb\u00e9m pode. Lee e relee \u201cLa Ley de la Vida\u201d at\u00e9 as coisas e os apliques em sua vida. \u00a1N\u00e3o te arrepentirar\u00e1s!<\/p>\n<p><span style=\"font-weight: 400;\">282 p\u00e1ginas<\/span><\/p>","protected":false},"excerpt":{"rendered":"<p>Voc\u00ea deseja curar uma doen\u00e7a, restaurar rela\u00e7\u00f5es danificadas e se recuperar de sua ansiedade e depress\u00e3o, tudo ao mesmo tempo? La Ley de la Vida \u00e9 o livro que voc\u00ea precisa. Os princ\u00edpios descritos neste livro ajudaram muitas pessoas a encontrar a liberdade e o prop\u00f3sito.<\/p>","protected":false},"featured_media":5526,"template":"","meta":{"_acf_changed":false},"product_brand":[],"product_cat":[38],"product_tag":[],"class_list":{"0":"post-5525","1":"product","2":"type-product","3":"status-publish","4":"has-post-thumbnail","6":"product_cat-books","8":"first","9":"instock","10":"purchasable","11":"product-type-simple"},"acf":[],"_links":{"self":[{"href":"https:\/\/npmin.org\/pt\/wp-json\/wp\/v2\/product\/5525","targetHints":{"allow":["GET"]}}],"collection":[{"href":"https:\/\/npmin.org\/pt\/wp-json\/wp\/v2\/product"}],"about":[{"href":"https:\/\/npmin.org\/pt\/wp-json\/wp\/v2\/types\/product"}],"wp:featuredmedia":[{"embeddable":true,"href":"https:\/\/npmin.org\/pt\/wp-json\/wp\/v2\/media\/5526"}],"wp:attachment":[{"href":"https:\/\/npmin.org\/pt\/wp-json\/wp\/v2\/media?parent=5525"}],"wp:term":[{"taxonomy":"product_brand","embeddable":true,"href":"https:\/\/npmin.org\/pt\/wp-json\/wp\/v2\/product_brand?post=5525"},{"taxonomy":"product_cat","embeddable":true,"href":"https:\/\/npmin.org\/pt\/wp-json\/wp\/v2\/product_cat?post=5525"},{"taxonomy":"product_tag","embeddable":true,"href":"https:\/\/npmin.org\/pt\/wp-json\/wp\/v2\/product_tag?post=5525"}],"curies":[{"name":"wp","href":"https:\/\/api.w.org\/{rel}","templated":true}]}}