{"id":5520,"date":"2023-05-08T18:15:36","date_gmt":"2023-05-08T18:15:36","guid":{"rendered":"https:\/\/npmin.org\/?post_type=product&#038;p=5520"},"modified":"2026-03-02T05:39:54","modified_gmt":"2026-03-01T23:39:54","slug":"5520","status":"publish","type":"product","link":"https:\/\/npmin.org\/pt\/produto\/5520\/","title":{"rendered":"Li\u00e7\u00f5es da Covid (Pen drive)"},"content":{"rendered":"<p>&nbsp;<\/p>\n<p>Li\u00e7\u00f5es da Covid \u00e9 uma s\u00e9rie de 11 apresenta\u00e7\u00f5es em v\u00eddeo (incluindo todos os slides do PowerPoint e arquivos PDF) que aborda as seguintes quest\u00f5es: Voc\u00ea precisa ficar doente s\u00f3 porque as pessoas ao seu redor est\u00e3o doentes? Podemos nos libertar do medo em meio a uma pandemia ou epidemia? Por que ficamos doentes? O que \u00e9 preciso para ser saud\u00e1vel? A causa da doen\u00e7a est\u00e1 fora ou dentro de voc\u00ea? Qual \u00e9 a agenda por tr\u00e1s dos eventos que cercam a pandemia da Covid? E para onde isso nos levar\u00e1 no futuro? Se voc\u00ea quer respostas para essas e outras perguntas, Li\u00e7\u00f5es da Covid \u00e9 para voc\u00ea.<\/p>","protected":false},"excerpt":{"rendered":"<p>&quot;Li\u00e7\u00f5es da Covid&quot; \u00e9 uma apresenta\u00e7\u00e3o em v\u00eddeo de 11 partes em um pen drive que voc\u00ea pode reproduzir no seu computador, TV com entrada USB ou outra plataforma de m\u00eddia compat\u00edvel com dispositivos USB. O flash dive inclui todas as 11 apresenta\u00e7\u00f5es em v\u00eddeo, al\u00e9m de todos os slides do PowerPoint e arquivos PDF para que voc\u00ea possa compartilhar as apresenta\u00e7\u00f5es onde estiver.<\/p>","protected":false},"featured_media":7699,"template":"","meta":{"_acf_changed":false},"product_brand":[],"product_cat":[39],"product_tag":[40,41,42,43,44,45,46,47],"class_list":{"0":"post-5520","1":"product","2":"type-product","3":"status-publish","4":"has-post-thumbnail","6":"product_cat-videos","7":"product_tag-flash-drive","8":"product_tag-high-definition","9":"product_tag-infection","10":"product_tag-lessons-from-covid","11":"product_tag-pandemic","12":"product_tag-powerpoint","13":"product_tag-sickness","14":"product_tag-video","16":"first","17":"instock","18":"purchasable","19":"product-type-simple"},"acf":[],"_links":{"self":[{"href":"https:\/\/npmin.org\/pt\/wp-json\/wp\/v2\/product\/5520","targetHints":{"allow":["GET"]}}],"collection":[{"href":"https:\/\/npmin.org\/pt\/wp-json\/wp\/v2\/product"}],"about":[{"href":"https:\/\/npmin.org\/pt\/wp-json\/wp\/v2\/types\/product"}],"wp:featuredmedia":[{"embeddable":true,"href":"https:\/\/npmin.org\/pt\/wp-json\/wp\/v2\/media\/7699"}],"wp:attachment":[{"href":"https:\/\/npmin.org\/pt\/wp-json\/wp\/v2\/media?parent=5520"}],"wp:term":[{"taxonomy":"product_brand","embeddable":true,"href":"https:\/\/npmin.org\/pt\/wp-json\/wp\/v2\/product_brand?post=5520"},{"taxonomy":"product_cat","embeddable":true,"href":"https:\/\/npmin.org\/pt\/wp-json\/wp\/v2\/product_cat?post=5520"},{"taxonomy":"product_tag","embeddable":true,"href":"https:\/\/npmin.org\/pt\/wp-json\/wp\/v2\/product_tag?post=5520"}],"curies":[{"name":"wp","href":"https:\/\/api.w.org\/{rel}","templated":true}]}}