{"id":4353,"date":"2023-01-17T05:01:48","date_gmt":"2023-01-17T05:01:48","guid":{"rendered":"https:\/\/npmin.org\/?post_type=product&#038;p=4353"},"modified":"2026-03-02T06:10:44","modified_gmt":"2026-03-02T00:10:44","slug":"winning-the-battle","status":"publish","type":"product","link":"https:\/\/npmin.org\/pt\/produto\/winning-the-battle\/","title":{"rendered":"Vencendo a batalha contra a obesidade, o colesterol, a diabetes e a hipertens\u00e3o"},"content":{"rendered":"<p>Vencendo a Batalha \u00e9 uma abordagem simples para ajudar voc\u00ea a superar a obesidade, o colesterol alto, o diabetes tipo 2 e a press\u00e3o alta em casa. N\u00e3o h\u00e1 muitas informa\u00e7\u00f5es compartilhadas sobre a fisiopatologia de cada condi\u00e7\u00e3o. Em vez disso, o livro se concentra no que voc\u00ea pode fazer a respeito, abordando cada condi\u00e7\u00e3o com etapas f\u00e1ceis que podem ser seguidas para revert\u00ea-la. Isso vem de anos de experi\u00eancia cuidando de pacientes em um centro de estilo de vida e ajudando-os a reverter suas doen\u00e7as.<\/p>","protected":false},"excerpt":{"rendered":"<p>Vencendo a Batalha \u00e9 uma abordagem simples para ajudar voc\u00ea a superar a obesidade, o colesterol alto, o diabetes tipo 2 e a press\u00e3o alta em casa. N\u00e3o h\u00e1 muitas informa\u00e7\u00f5es compartilhadas sobre a fisiopatologia de cada condi\u00e7\u00e3o. Em vez disso, o livro se concentra no que voc\u00ea pode fazer a respeito, abordando cada condi\u00e7\u00e3o com etapas f\u00e1ceis que podem ser seguidas para revert\u00ea-la. Isso vem de anos de experi\u00eancia cuidando de pacientes em um centro de estilo de vida e ajudando-os a reverter suas doen\u00e7as.<\/p>","protected":false},"featured_media":4354,"template":"","meta":{"_acf_changed":false},"product_brand":[],"product_cat":[38],"product_tag":[],"class_list":{"0":"post-4353","1":"product","2":"type-product","3":"status-publish","4":"has-post-thumbnail","6":"product_cat-books","8":"first","9":"outofstock","10":"purchasable","11":"product-type-simple"},"acf":[],"_links":{"self":[{"href":"https:\/\/npmin.org\/pt\/wp-json\/wp\/v2\/product\/4353","targetHints":{"allow":["GET"]}}],"collection":[{"href":"https:\/\/npmin.org\/pt\/wp-json\/wp\/v2\/product"}],"about":[{"href":"https:\/\/npmin.org\/pt\/wp-json\/wp\/v2\/types\/product"}],"wp:featuredmedia":[{"embeddable":true,"href":"https:\/\/npmin.org\/pt\/wp-json\/wp\/v2\/media\/4354"}],"wp:attachment":[{"href":"https:\/\/npmin.org\/pt\/wp-json\/wp\/v2\/media?parent=4353"}],"wp:term":[{"taxonomy":"product_brand","embeddable":true,"href":"https:\/\/npmin.org\/pt\/wp-json\/wp\/v2\/product_brand?post=4353"},{"taxonomy":"product_cat","embeddable":true,"href":"https:\/\/npmin.org\/pt\/wp-json\/wp\/v2\/product_cat?post=4353"},{"taxonomy":"product_tag","embeddable":true,"href":"https:\/\/npmin.org\/pt\/wp-json\/wp\/v2\/product_tag?post=4353"}],"curies":[{"name":"wp","href":"https:\/\/api.w.org\/{rel}","templated":true}]}}