{"id":4351,"date":"2023-01-17T05:01:28","date_gmt":"2023-01-17T05:01:28","guid":{"rendered":"https:\/\/npmin.org\/?post_type=product&#038;p=4351"},"modified":"2025-01-30T23:02:34","modified_gmt":"2025-01-30T23:02:34","slug":"plant-based-for-life-starter-kit","status":"publish","type":"product","link":"https:\/\/npmin.org\/pt\/produto\/plant-based-for-life-starter-kit\/","title":{"rendered":"Kit Inicial Plant-Based for Life"},"content":{"rendered":"<p>O Kit Inicial Plant-Based for Life \u00e9 exatamente o que o nome indica. \u00c9 um livro feito especialmente para quem est\u00e1 pensando em mudar para uma dieta \u00e0 base de plantas e n\u00e3o sabe como fazer, e talvez n\u00e3o saiba exatamente por que. Este livro responde a perguntas comuns como: &quot;Onde vou encontrar minha prote\u00edna?&quot;, &quot;Como substituo latic\u00ednios?&quot;, &quot;E quanto ao c\u00e1lcio?&quot; e muito mais. Ele tamb\u00e9m oferece um plano alimentar de 2 semanas com todas as receitas e instru\u00e7\u00f5es de preparo. Este livro \u00e9 destinado a pessoas ocupadas que s\u00f3 t\u00eam tempo para preparar comida nos fins de semana e \u00e0 noite.<\/p>","protected":false},"excerpt":{"rendered":"<p>O Kit Inicial Plant-Based for Life \u00e9 exatamente o que o nome indica. \u00c9 um livro feito especialmente para quem est\u00e1 pensando em mudar para uma dieta \u00e0 base de plantas e n\u00e3o sabe como fazer, e talvez n\u00e3o saiba exatamente por que. Este livro responde a perguntas comuns como: &quot;Onde vou encontrar minha prote\u00edna?&quot;, &quot;Como substituo latic\u00ednios?&quot;, &quot;E quanto ao c\u00e1lcio?&quot; e muito mais. Ele tamb\u00e9m oferece um plano alimentar de 2 semanas com todas as receitas e instru\u00e7\u00f5es de preparo. Este livro \u00e9 destinado a pessoas ocupadas que s\u00f3 t\u00eam tempo para preparar comida nos fins de semana e \u00e0 noite.<\/p>","protected":false},"featured_media":4352,"template":"","meta":{"_acf_changed":false},"product_brand":[],"product_cat":[38],"product_tag":[],"class_list":{"0":"post-4351","1":"product","2":"type-product","3":"status-publish","4":"has-post-thumbnail","6":"product_cat-books","8":"first","9":"instock","10":"purchasable","11":"product-type-simple"},"acf":[],"_links":{"self":[{"href":"https:\/\/npmin.org\/pt\/wp-json\/wp\/v2\/product\/4351","targetHints":{"allow":["GET"]}}],"collection":[{"href":"https:\/\/npmin.org\/pt\/wp-json\/wp\/v2\/product"}],"about":[{"href":"https:\/\/npmin.org\/pt\/wp-json\/wp\/v2\/types\/product"}],"wp:featuredmedia":[{"embeddable":true,"href":"https:\/\/npmin.org\/pt\/wp-json\/wp\/v2\/media\/4352"}],"wp:attachment":[{"href":"https:\/\/npmin.org\/pt\/wp-json\/wp\/v2\/media?parent=4351"}],"wp:term":[{"taxonomy":"product_brand","embeddable":true,"href":"https:\/\/npmin.org\/pt\/wp-json\/wp\/v2\/product_brand?post=4351"},{"taxonomy":"product_cat","embeddable":true,"href":"https:\/\/npmin.org\/pt\/wp-json\/wp\/v2\/product_cat?post=4351"},{"taxonomy":"product_tag","embeddable":true,"href":"https:\/\/npmin.org\/pt\/wp-json\/wp\/v2\/product_tag?post=4351"}],"curies":[{"name":"wp","href":"https:\/\/api.w.org\/{rel}","templated":true}]}}