{"id":4345,"date":"2023-01-17T04:55:06","date_gmt":"2023-01-17T04:55:06","guid":{"rendered":"https:\/\/npmin.org\/?post_type=product&#038;p=4345"},"modified":"2025-06-20T10:13:45","modified_gmt":"2025-06-20T04:13:45","slug":"the-law-of-life","status":"publish","type":"product","link":"https:\/\/npmin.org\/pt\/produto\/the-law-of-life\/","title":{"rendered":"A Lei da Vida"},"content":{"rendered":"<p>Michelle me procurou com um c\u00e2ncer abdominal que havia se espalhado e resistia a todas as tentativas convencionais de controle. Ela tamb\u00e9m veio com uma bagagem emocional de traumas de relacionamento. Conforme compartilhei com ela os princ\u00edpios contidos em &quot;A Lei da Vida&quot;, e conforme ela os aplicou em sua vida, seu c\u00e2ncer se reverteu. Ela recuperou a alegria e a esperan\u00e7a que havia perdido e passou a apreciar melhor seu prop\u00f3sito de vida. A hist\u00f3ria de Michelle n\u00e3o \u00e9 um caso isolado. Vejo os relacionamentos dos meus pacientes se restaurando, a vida espiritual florescendo e a sa\u00fade mental melhorando quando esses princ\u00edpios s\u00e3o aplicados. E voc\u00ea tamb\u00e9m pode. Leia e releia &quot;A Lei da Vida&quot; at\u00e9 entend\u00ea-lo e aplic\u00e1-lo \u00e0 sua vida. Voc\u00ea n\u00e3o vai se arrepender!<\/p>\n<p>282 p\u00e1ginas<\/p>\n<p>Para o audiolivro, acesse aqui: https:\/\/www.audible.com\/pd\/The-Law-of-Life-Audiobook\/B0DSZ192Y8<\/p>","protected":false},"excerpt":{"rendered":"<p>Quer se curar de doen\u00e7as, restaurar relacionamentos danificados e se recuperar da ansiedade e da depress\u00e3o, tudo ao mesmo tempo? A Lei da Vida \u00e9 o livro que voc\u00ea precisa. Os princ\u00edpios descritos neste livro ajudaram muitas pessoas a encontrar liberdade e prop\u00f3sito.<\/p>\n<p>Para o audiolivro, acesse aqui: https:\/\/www.audible.com\/pd\/The-Law-of-Life-Audiobook\/B0DSZ192Y8<\/p>","protected":false},"featured_media":4346,"template":"","meta":{"_acf_changed":false},"product_brand":[],"product_cat":[38],"product_tag":[],"class_list":{"0":"post-4345","1":"product","2":"type-product","3":"status-publish","4":"has-post-thumbnail","6":"product_cat-books","8":"first","9":"instock","10":"purchasable","11":"product-type-simple"},"acf":[],"_links":{"self":[{"href":"https:\/\/npmin.org\/pt\/wp-json\/wp\/v2\/product\/4345","targetHints":{"allow":["GET"]}}],"collection":[{"href":"https:\/\/npmin.org\/pt\/wp-json\/wp\/v2\/product"}],"about":[{"href":"https:\/\/npmin.org\/pt\/wp-json\/wp\/v2\/types\/product"}],"wp:featuredmedia":[{"embeddable":true,"href":"https:\/\/npmin.org\/pt\/wp-json\/wp\/v2\/media\/4346"}],"wp:attachment":[{"href":"https:\/\/npmin.org\/pt\/wp-json\/wp\/v2\/media?parent=4345"}],"wp:term":[{"taxonomy":"product_brand","embeddable":true,"href":"https:\/\/npmin.org\/pt\/wp-json\/wp\/v2\/product_brand?post=4345"},{"taxonomy":"product_cat","embeddable":true,"href":"https:\/\/npmin.org\/pt\/wp-json\/wp\/v2\/product_cat?post=4345"},{"taxonomy":"product_tag","embeddable":true,"href":"https:\/\/npmin.org\/pt\/wp-json\/wp\/v2\/product_tag?post=4345"}],"curies":[{"name":"wp","href":"https:\/\/api.w.org\/{rel}","templated":true}]}}