{"id":4342,"date":"2023-01-17T04:51:54","date_gmt":"2023-01-17T04:51:54","guid":{"rendered":"https:\/\/npmin.org\/?post_type=product&#038;p=4342"},"modified":"2026-03-02T06:09:34","modified_gmt":"2026-03-02T00:09:34","slug":"the-great-opportunity-department-store","status":"publish","type":"product","link":"https:\/\/npmin.org\/pt\/produto\/the-great-opportunity-department-store\/","title":{"rendered":"Loja de departamentos The Great Opportunity"},"content":{"rendered":"<p>O que voc\u00ea faria se tivesse um vale-presente ilimitado para uma loja que tivesse tudo o que voc\u00ea precisa? A Loja de Departamentos Great Opportunity \u00e9 uma hist\u00f3ria que acompanha um casal que vive exatamente essa situa\u00e7\u00e3o enquanto descobre a alegria e o prop\u00f3sito que sentem ao pegar tudo o que precisam na Loja de Departamentos Great Opportunity e doar gratuitamente a outras pessoas.<\/p>","protected":false},"excerpt":{"rendered":"<p>O que voc\u00ea faria se tivesse um vale-presente ilimitado para uma loja que tivesse tudo o que voc\u00ea precisa? A Loja de Departamentos Great Opportunity \u00e9 uma hist\u00f3ria que acompanha um casal que vive exatamente essa situa\u00e7\u00e3o enquanto descobre a alegria e o prop\u00f3sito que sentem ao pegar tudo o que precisam na Loja de Departamentos Great Opportunity e doar gratuitamente a outras pessoas.<\/p>","protected":false},"featured_media":4343,"template":"","meta":{"_acf_changed":false},"product_brand":[],"product_cat":[38],"product_tag":[],"class_list":{"0":"post-4342","1":"product","2":"type-product","3":"status-publish","4":"has-post-thumbnail","6":"product_cat-books","8":"first","9":"outofstock","10":"purchasable","11":"product-type-simple"},"acf":[],"_links":{"self":[{"href":"https:\/\/npmin.org\/pt\/wp-json\/wp\/v2\/product\/4342","targetHints":{"allow":["GET"]}}],"collection":[{"href":"https:\/\/npmin.org\/pt\/wp-json\/wp\/v2\/product"}],"about":[{"href":"https:\/\/npmin.org\/pt\/wp-json\/wp\/v2\/types\/product"}],"wp:featuredmedia":[{"embeddable":true,"href":"https:\/\/npmin.org\/pt\/wp-json\/wp\/v2\/media\/4343"}],"wp:attachment":[{"href":"https:\/\/npmin.org\/pt\/wp-json\/wp\/v2\/media?parent=4342"}],"wp:term":[{"taxonomy":"product_brand","embeddable":true,"href":"https:\/\/npmin.org\/pt\/wp-json\/wp\/v2\/product_brand?post=4342"},{"taxonomy":"product_cat","embeddable":true,"href":"https:\/\/npmin.org\/pt\/wp-json\/wp\/v2\/product_cat?post=4342"},{"taxonomy":"product_tag","embeddable":true,"href":"https:\/\/npmin.org\/pt\/wp-json\/wp\/v2\/product_tag?post=4342"}],"curies":[{"name":"wp","href":"https:\/\/api.w.org\/{rel}","templated":true}]}}