{"id":55,"date":"2024-07-02T13:42:21","date_gmt":"2024-07-02T13:42:21","guid":{"rendered":"https:\/\/npmin.org\/?page_id=55"},"modified":"2024-08-14T18:10:04","modified_gmt":"2024-08-14T18:10:04","slug":"services","status":"publish","type":"page","link":"https:\/\/npmin.org\/pt\/services\/","title":{"rendered":"Servi\u00e7os"},"content":{"rendered":"<div data-elementor-type=\"wp-page\" data-elementor-id=\"55\" class=\"elementor elementor-55\" data-elementor-post-type=\"page\">\n\t\t\t\t<div class=\"elementor-element elementor-element-4cb3339 np--main-section e-flex e-con-boxed e-con e-parent\" data-id=\"4cb3339\" data-element_type=\"container\" data-e-type=\"container\" data-settings=\"{&quot;background_background&quot;:&quot;classic&quot;}\">\n\t\t\t\t\t<div class=\"e-con-inner\">\n\t\t<div class=\"elementor-element elementor-element-5f3dec2 e-con-full np--inner-section e-flex e-con e-child\" data-id=\"5f3dec2\" data-element_type=\"container\" data-e-type=\"container\">\n\t\t<div class=\"elementor-element elementor-element-b17edd4 e-con-full e-flex e-con e-child\" data-id=\"b17edd4\" data-element_type=\"container\" data-e-type=\"container\">\n\t\t\t\t<div class=\"elementor-element elementor-element-de559e6 elementor-invisible elementor-widget elementor-widget-heading\" data-id=\"de559e6\" data-element_type=\"widget\" data-e-type=\"widget\" data-settings=\"{&quot;_animation&quot;:&quot;fadeInDown&quot;}\" data-widget_type=\"heading.default\">\n\t\t\t\t<div class=\"elementor-widget-container\">\n\t\t\t\t\t<h1 class=\"elementor-heading-title elementor-size-default\">Servi\u00e7os<\/h1>\t\t\t\t<\/div>\n\t\t\t\t<\/div>\n\t\t\t\t<div class=\"elementor-element elementor-element-a327359 elementor-widget__width-initial elementor-widget-mobile__width-inherit elementor-invisible elementor-widget elementor-widget-text-editor\" data-id=\"a327359\" data-element_type=\"widget\" data-e-type=\"widget\" data-settings=\"{&quot;_animation&quot;:&quot;fadeInUp&quot;}\" data-widget_type=\"text-editor.default\">\n\t\t\t\t<div class=\"elementor-widget-container\">\n\t\t\t\t\t\t\t\t\t<p>H\u00e1 v\u00e1rias maneiras de aben\u00e7oar voc\u00ea e seus entes queridos. Confira algumas delas aqui.<\/p>\t\t\t\t\t\t\t\t<\/div>\n\t\t\t\t<\/div>\n\t\t\t\t<\/div>\n\t\t\t\t<\/div>\n\t\t\t\t\t<\/div>\n\t\t\t\t<\/div>\n\t\t<div class=\"elementor-element elementor-element-9260316 np--main-section e-flex e-con-boxed e-con e-parent\" data-id=\"9260316\" data-element_type=\"container\" data-e-type=\"container\" data-settings=\"{&quot;background_background&quot;:&quot;gradient&quot;}\">\n\t\t\t\t\t<div class=\"e-con-inner\">\n\t\t<div class=\"elementor-element elementor-element-d2065c2 np--inner-section e-flex e-con-boxed e-con e-child\" data-id=\"d2065c2\" data-element_type=\"container\" data-e-type=\"container\">\n\t\t\t\t\t<div class=\"e-con-inner\">\n\t\t<div class=\"elementor-element elementor-element-07083e8 e-flex e-con-boxed e-con e-child\" data-id=\"07083e8\" data-element_type=\"container\" data-e-type=\"container\">\n\t\t\t\t\t<div class=\"e-con-inner\">\n\t\t\t\t<div class=\"elementor-element elementor-element-aa64fcf elementor-invisible elementor-widget elementor-widget-heading\" data-id=\"aa64fcf\" data-element_type=\"widget\" data-e-type=\"widget\" data-settings=\"{&quot;_animation&quot;:&quot;fadeInDown&quot;}\" data-widget_type=\"heading.default\">\n\t\t\t\t<div class=\"elementor-widget-container\">\n\t\t\t\t\t<h3 class=\"elementor-heading-title elementor-size-default\">Nosso <b>Filosofia e Abordagem<\/b> <\/h3>\t\t\t\t<\/div>\n\t\t\t\t<\/div>\n\t\t\t\t<div class=\"elementor-element elementor-element-c84f88c elementor-invisible elementor-widget elementor-widget-text-editor\" data-id=\"c84f88c\" data-element_type=\"widget\" data-e-type=\"widget\" data-settings=\"{&quot;_animation&quot;:&quot;fadeInUp&quot;}\" data-widget_type=\"text-editor.default\">\n\t\t\t\t<div class=\"elementor-widget-container\">\n\t\t\t\t\t\t\t\t\t<p>Como chegamos a entender a solu\u00e7\u00e3o para os nossos problemas? \u00c9 por meio da Lei da Vida, que \u00e9 a lei fundamental de toda a natureza. Essa lei tem dois componentes b\u00e1sicos. O primeiro \u00e9 que nada na natureza existe ou funciona A PARTIR de si mesmo. Isso significa que tudo na natureza tem necessidades (materiais, energia, recursos, etc.) que devem ser supridas para existir ou funcionar. O segundo \u00e9 que nada na natureza existe ou funciona PARA si mesmo. Isso significa que tudo na natureza usa o que precisa para fazer algo, e o que faz beneficia outras coisas. Simplificando, tudo na natureza recebe para dar, o que \u00e9 a Lei da Vida. Tudo funciona como um canal \u2014 uma mangueira \u2014 pegando o que precisa de fora de si mesmo e, em seguida, usando isso para dar aos outros.<\/p><p>Embora possa n\u00e3o parecer evidente \u00e0 primeira vista, esta lei fundamental tem implica\u00e7\u00f5es tremendas para a sua sa\u00fade espiritual, social, mental e f\u00edsica. Ela fornece a estrutura para voc\u00ea entender qual \u00e9 o seu problema e qual deve ser a solu\u00e7\u00e3o. \u00c9 uma nova maneira de pensar: uma mudan\u00e7a de paradigma que transforma a sua vida e o liberta. Mas ela n\u00e3o o liberta sem o evangelho e a gra\u00e7a de Jesus Cristo. Ela est\u00e1 inseparavelmente interligada ao evangelho e depende da gra\u00e7a de Deus para a sua liberdade. Ela o leva a Jesus como seu Senhor e Salvador.<br \/>\u00a0<\/p>\t\t\t\t\t\t\t\t<\/div>\n\t\t\t\t<\/div>\n\t\t\t\t<div class=\"elementor-element elementor-element-0da0bf8 btn--dark-blue  elementor-align-center elementor-widget__width-inherit elementor-invisible elementor-widget elementor-widget-button\" data-id=\"0da0bf8\" data-element_type=\"widget\" data-e-type=\"widget\" data-settings=\"{&quot;_animation&quot;:&quot;fadeInUp&quot;}\" data-widget_type=\"button.default\">\n\t\t\t\t<div class=\"elementor-widget-container\">\n\t\t\t\t\t\t\t\t\t<div class=\"elementor-button-wrapper\">\n\t\t\t\t\t<a class=\"elementor-button elementor-button-link elementor-size-sm\" href=\"https:\/\/npmin.org\/pt\/about\/\">\n\t\t\t\t\t\t<span class=\"elementor-button-content-wrapper\">\n\t\t\t\t\t\t\t\t\t<span class=\"elementor-button-text\">Saber mais<\/span>\n\t\t\t\t\t<\/span>\n\t\t\t\t\t<\/a>\n\t\t\t\t<\/div>\n\t\t\t\t\t\t\t\t<\/div>\n\t\t\t\t<\/div>\n\t\t\t\t\t<\/div>\n\t\t\t\t<\/div>\n\t\t\t\t\t<\/div>\n\t\t\t\t<\/div>\n\t\t\t\t\t<\/div>\n\t\t\t\t<\/div>\n\t\t<div class=\"elementor-element elementor-element-acf12ac np--main-section e-flex e-con-boxed e-con e-parent\" data-id=\"acf12ac\" data-element_type=\"container\" data-e-type=\"container\" data-settings=\"{&quot;background_background&quot;:&quot;classic&quot;}\">\n\t\t\t\t\t<div class=\"e-con-inner\">\n\t\t\t\t<div class=\"elementor-element elementor-element-ae24cb0 elementor-invisible elementor-widget elementor-widget-heading\" data-id=\"ae24cb0\" data-element_type=\"widget\" data-e-type=\"widget\" data-settings=\"{&quot;_animation&quot;:&quot;fadeInDown&quot;}\" data-widget_type=\"heading.default\">\n\t\t\t\t<div class=\"elementor-widget-container\">\n\t\t\t\t\t<h2 class=\"elementor-heading-title elementor-size-default\">SERVI\u00c7OS<\/h2>\t\t\t\t<\/div>\n\t\t\t\t<\/div>\n\t\t<div class=\"elementor-element elementor-element-c39e8ad np--inner-section np--space-m e-con-full e-flex elementor-invisible e-con e-child\" data-id=\"c39e8ad\" data-element_type=\"container\" data-e-type=\"container\" data-settings=\"{&quot;animation&quot;:&quot;fadeInUp&quot;}\">\n\t\t<div class=\"elementor-element elementor-element-b68c8c9 e-con-full e-flex e-con e-child\" data-id=\"b68c8c9\" data-element_type=\"container\" data-e-type=\"container\">\n\t\t\t\t<div class=\"elementor-element elementor-element-a661dfa elementor-widget elementor-widget-image\" data-id=\"a661dfa\" data-element_type=\"widget\" data-e-type=\"widget\" data-widget_type=\"image.default\">\n\t\t\t\t<div class=\"elementor-widget-container\">\n\t\t\t\t\t\t\t\t\t\t\t\t\t\t\t<img fetchpriority=\"high\" decoding=\"async\" width=\"387\" height=\"511\" src=\"https:\/\/npmin.org\/wp-content\/uploads\/2024\/07\/div.framer-1gaof2b-6.png\" class=\"attachment-full size-full wp-image-602\" alt=\"\" srcset=\"https:\/\/npmin.org\/wp-content\/uploads\/2024\/07\/div.framer-1gaof2b-6.png 387w, https:\/\/npmin.org\/wp-content\/uploads\/2024\/07\/div.framer-1gaof2b-6-227x300.png 227w\" sizes=\"(max-width: 387px) 100vw, 387px\" \/>\t\t\t\t\t\t\t\t\t\t\t\t\t\t\t<\/div>\n\t\t\t\t<\/div>\n\t\t\t\t<\/div>\n\t\t<div class=\"elementor-element elementor-element-f6586fc e-con-full e-flex e-con e-child\" data-id=\"f6586fc\" data-element_type=\"container\" data-e-type=\"container\">\n\t\t\t\t<div class=\"elementor-element elementor-element-271fd0e elementor-widget elementor-widget-heading\" data-id=\"271fd0e\" data-element_type=\"widget\" data-e-type=\"widget\" data-widget_type=\"heading.default\">\n\t\t\t\t<div class=\"elementor-widget-container\">\n\t\t\t\t\t<h5 class=\"elementor-heading-title elementor-size-default\">Sa\u00fade F\u00edsica<\/h5>\t\t\t\t<\/div>\n\t\t\t\t<\/div>\n\t\t\t\t<div class=\"elementor-element elementor-element-3accf3d elementor-widget elementor-widget-text-editor\" data-id=\"3accf3d\" data-element_type=\"widget\" data-e-type=\"widget\" data-widget_type=\"text-editor.default\">\n\t\t\t\t<div class=\"elementor-widget-container\">\n\t\t\t\t\t\t\t\t\t<p>No New Paradigm Ministries, nossas consultas de sa\u00fade f\u00edsica se concentram em tratar doen\u00e7as relacionadas ao estilo de vida e melhorar o bem-estar geral por meio de rem\u00e9dios naturais e interven\u00e7\u00f5es no estilo de vida. Ao integrar princ\u00edpios b\u00edblicos \u00e0 expertise m\u00e9dica, oferecemos aconselhamento personalizado e ferramentas pr\u00e1ticas para gerenciar e potencialmente reverter problemas de sa\u00fade. Nossa abordagem hol\u00edstica garante que a sa\u00fade f\u00edsica seja vista em conjunto com fatores mentais, espirituais e sociais, visando cura e vitalidade abrangentes.<\/p>\t\t\t\t\t\t\t\t<\/div>\n\t\t\t\t<\/div>\n\t\t<div class=\"elementor-element elementor-element-7d3f68c e-con-full e-flex e-con e-child\" data-id=\"7d3f68c\" data-element_type=\"container\" data-e-type=\"container\">\n\t\t\t\t<div class=\"elementor-element elementor-element-d2eb696 btn--mid-blue elementor-align-center elementor-widget elementor-widget-button\" data-id=\"d2eb696\" data-element_type=\"widget\" data-e-type=\"widget\" data-widget_type=\"button.default\">\n\t\t\t\t<div class=\"elementor-widget-container\">\n\t\t\t\t\t\t\t\t\t<div class=\"elementor-button-wrapper\">\n\t\t\t\t\t<a class=\"elementor-button elementor-button-link elementor-size-sm\" href=\"https:\/\/npmin.org\/pt\/consultation\/\">\n\t\t\t\t\t\t<span class=\"elementor-button-content-wrapper\">\n\t\t\t\t\t\t\t\t\t<span class=\"elementor-button-text\">Escolha um provedor<\/span>\n\t\t\t\t\t<\/span>\n\t\t\t\t\t<\/a>\n\t\t\t\t<\/div>\n\t\t\t\t\t\t\t\t<\/div>\n\t\t\t\t<\/div>\n\t\t\t\t<\/div>\n\t\t\t\t<\/div>\n\t\t\t\t<\/div>\n\t\t<div class=\"elementor-element elementor-element-ddb7aaa e-con-full np--inner-section np--space-m e-flex elementor-invisible e-con e-child\" data-id=\"ddb7aaa\" data-element_type=\"container\" data-e-type=\"container\" data-settings=\"{&quot;animation&quot;:&quot;fadeInUp&quot;}\">\n\t\t<div class=\"elementor-element elementor-element-bd93587 e-con-full e-flex e-con e-child\" data-id=\"bd93587\" data-element_type=\"container\" data-e-type=\"container\">\n\t\t\t\t<div class=\"elementor-element elementor-element-16d83f4 elementor-widget elementor-widget-heading\" data-id=\"16d83f4\" data-element_type=\"widget\" data-e-type=\"widget\" data-widget_type=\"heading.default\">\n\t\t\t\t<div class=\"elementor-widget-container\">\n\t\t\t\t\t<h5 class=\"elementor-heading-title elementor-size-default\">Sa\u00fade Mental e Social<\/h5>\t\t\t\t<\/div>\n\t\t\t\t<\/div>\n\t\t\t\t<div class=\"elementor-element elementor-element-1078c37 elementor-widget elementor-widget-text-editor\" data-id=\"1078c37\" data-element_type=\"widget\" data-e-type=\"widget\" data-widget_type=\"text-editor.default\">\n\t\t\t\t<div class=\"elementor-widget-container\">\n\t\t\t\t\t\t\t\t\t<p>Nossas sess\u00f5es de aconselhamento em sa\u00fade mental e social s\u00e3o projetadas para ajudar indiv\u00edduos a lidar com desafios emocionais e relacionais complexos. Exploramos cren\u00e7as, pensamentos e relacionamentos para compreender seu impacto no bem-estar mental. Fundamentados em princ\u00edpios b\u00edblicos, nossos conselheiros oferecem apoio e orienta\u00e7\u00e3o para promover a resili\u00eancia mental, melhorar relacionamentos e cultivar um senso de prop\u00f3sito e conex\u00e3o. O objetivo \u00e9 proporcionar uma compreens\u00e3o hol\u00edstica e solu\u00e7\u00f5es que levem \u00e0 paz e \u00e0 alegria duradouras.<\/p>\t\t\t\t\t\t\t\t<\/div>\n\t\t\t\t<\/div>\n\t\t<div class=\"elementor-element elementor-element-551db2a e-con-full e-flex e-con e-child\" data-id=\"551db2a\" data-element_type=\"container\" data-e-type=\"container\">\n\t\t\t\t<div class=\"elementor-element elementor-element-17e5822 btn--mid-blue elementor-align-center elementor-widget elementor-widget-button\" data-id=\"17e5822\" data-element_type=\"widget\" data-e-type=\"widget\" data-widget_type=\"button.default\">\n\t\t\t\t<div class=\"elementor-widget-container\">\n\t\t\t\t\t\t\t\t\t<div class=\"elementor-button-wrapper\">\n\t\t\t\t\t<a class=\"elementor-button elementor-button-link elementor-size-sm\" href=\"https:\/\/npmin.org\/pt\/consultation\/\">\n\t\t\t\t\t\t<span class=\"elementor-button-content-wrapper\">\n\t\t\t\t\t\t\t\t\t<span class=\"elementor-button-text\">Escolha um provedor<\/span>\n\t\t\t\t\t<\/span>\n\t\t\t\t\t<\/a>\n\t\t\t\t<\/div>\n\t\t\t\t\t\t\t\t<\/div>\n\t\t\t\t<\/div>\n\t\t\t\t<\/div>\n\t\t\t\t<\/div>\n\t\t<div class=\"elementor-element elementor-element-897134c e-con-full e-flex e-con e-child\" data-id=\"897134c\" data-element_type=\"container\" data-e-type=\"container\">\n\t\t\t\t<div class=\"elementor-element elementor-element-0a3f00b elementor-widget elementor-widget-image\" data-id=\"0a3f00b\" data-element_type=\"widget\" data-e-type=\"widget\" data-widget_type=\"image.default\">\n\t\t\t\t<div class=\"elementor-widget-container\">\n\t\t\t\t\t\t\t\t\t\t\t\t\t\t\t<img decoding=\"async\" width=\"387\" height=\"511\" src=\"https:\/\/npmin.org\/wp-content\/uploads\/2024\/07\/div.framer-1gaof2b-7.png\" class=\"attachment-full size-full wp-image-609\" alt=\"\" srcset=\"https:\/\/npmin.org\/wp-content\/uploads\/2024\/07\/div.framer-1gaof2b-7.png 387w, https:\/\/npmin.org\/wp-content\/uploads\/2024\/07\/div.framer-1gaof2b-7-227x300.png 227w\" sizes=\"(max-width: 387px) 100vw, 387px\" \/>\t\t\t\t\t\t\t\t\t\t\t\t\t\t\t<\/div>\n\t\t\t\t<\/div>\n\t\t\t\t<\/div>\n\t\t\t\t<\/div>\n\t\t<div class=\"elementor-element elementor-element-80d2665 e-con-full np--inner-section np--space-m e-flex elementor-invisible e-con e-child\" data-id=\"80d2665\" data-element_type=\"container\" data-e-type=\"container\" data-settings=\"{&quot;animation&quot;:&quot;fadeInUp&quot;}\">\n\t\t<div class=\"elementor-element elementor-element-5882e1c e-con-full e-flex e-con e-child\" data-id=\"5882e1c\" data-element_type=\"container\" data-e-type=\"container\">\n\t\t\t\t<div class=\"elementor-element elementor-element-0b5ba73 elementor-widget elementor-widget-image\" data-id=\"0b5ba73\" data-element_type=\"widget\" data-e-type=\"widget\" data-widget_type=\"image.default\">\n\t\t\t\t<div class=\"elementor-widget-container\">\n\t\t\t\t\t\t\t\t\t\t\t\t\t\t\t<img decoding=\"async\" width=\"387\" height=\"511\" src=\"https:\/\/npmin.org\/wp-content\/uploads\/2024\/07\/div.framer-1gaof2b.jpg\" class=\"attachment-full size-full wp-image-257\" alt=\"\" srcset=\"https:\/\/npmin.org\/wp-content\/uploads\/2024\/07\/div.framer-1gaof2b.jpg 387w, https:\/\/npmin.org\/wp-content\/uploads\/2024\/07\/div.framer-1gaof2b-227x300.jpg 227w\" sizes=\"(max-width: 387px) 100vw, 387px\" \/>\t\t\t\t\t\t\t\t\t\t\t\t\t\t\t<\/div>\n\t\t\t\t<\/div>\n\t\t\t\t<\/div>\n\t\t<div class=\"elementor-element elementor-element-cf9f071 e-con-full e-flex e-con e-child\" data-id=\"cf9f071\" data-element_type=\"container\" data-e-type=\"container\">\n\t\t\t\t<div class=\"elementor-element elementor-element-f599577 elementor-widget elementor-widget-heading\" data-id=\"f599577\" data-element_type=\"widget\" data-e-type=\"widget\" data-widget_type=\"heading.default\">\n\t\t\t\t<div class=\"elementor-widget-container\">\n\t\t\t\t\t<h5 class=\"elementor-heading-title elementor-size-default\">Sa\u00fade Espiritual<\/h5>\t\t\t\t<\/div>\n\t\t\t\t<\/div>\n\t\t\t\t<div class=\"elementor-element elementor-element-2df04c2 elementor-widget elementor-widget-text-editor\" data-id=\"2df04c2\" data-element_type=\"widget\" data-e-type=\"widget\" data-widget_type=\"text-editor.default\">\n\t\t\t\t<div class=\"elementor-widget-container\">\n\t\t\t\t\t\t\t\t\t<p>O Minist\u00e9rio Novo Paradigma se dedica a nutrir a sa\u00fade espiritual por meio de aconselhamento b\u00edblico e discipulado. Nossos servi\u00e7os se concentram em ajudar indiv\u00edduos a aprofundar sua f\u00e9 e encontrar liberdade em Cristo. Abordamos as lutas espirituais integrando o Evangelho e a gra\u00e7a de Jesus Cristo em todos os aspectos da vida. Nossa abordagem visa proporcionar uma mudan\u00e7a de paradigma que transforme a vida de cada um, promovendo o crescimento espiritual, a paz interior e uma profunda conex\u00e3o com Deus.<\/p>\t\t\t\t\t\t\t\t<\/div>\n\t\t\t\t<\/div>\n\t\t<div class=\"elementor-element elementor-element-72efb75 e-con-full e-flex e-con e-child\" data-id=\"72efb75\" data-element_type=\"container\" data-e-type=\"container\">\n\t\t\t\t<div class=\"elementor-element elementor-element-51aa10b btn--mid-blue elementor-align-center elementor-widget elementor-widget-button\" data-id=\"51aa10b\" data-element_type=\"widget\" data-e-type=\"widget\" data-widget_type=\"button.default\">\n\t\t\t\t<div class=\"elementor-widget-container\">\n\t\t\t\t\t\t\t\t\t<div class=\"elementor-button-wrapper\">\n\t\t\t\t\t<a class=\"elementor-button elementor-button-link elementor-size-sm\" href=\"https:\/\/npmin.org\/pt\/consultation\/\">\n\t\t\t\t\t\t<span class=\"elementor-button-content-wrapper\">\n\t\t\t\t\t\t\t\t\t<span class=\"elementor-button-text\">Escolha um provedor<\/span>\n\t\t\t\t\t<\/span>\n\t\t\t\t\t<\/a>\n\t\t\t\t<\/div>\n\t\t\t\t\t\t\t\t<\/div>\n\t\t\t\t<\/div>\n\t\t\t\t<\/div>\n\t\t\t\t<\/div>\n\t\t\t\t<\/div>\n\t\t\t\t\t<\/div>\n\t\t\t\t<\/div>\n\t\t\t\t<\/div>","protected":false},"excerpt":{"rendered":"<p>There are a number of ways we can bless you and your loved ones. Check out some of those ways here. Our Philosophy and Approach How do we come to understand the solution to our problems? It is through the Law of Life, which is the fundamental law of all nature. This law has two [&hellip;]<\/p>\n","protected":false},"author":1,"featured_media":0,"parent":0,"menu_order":0,"comment_status":"closed","ping_status":"closed","template":"","meta":{"_acf_changed":false,"footnotes":""},"class_list":["post-55","page","type-page","status-publish","hentry"],"acf":[],"_links":{"self":[{"href":"https:\/\/npmin.org\/pt\/wp-json\/wp\/v2\/pages\/55","targetHints":{"allow":["GET"]}}],"collection":[{"href":"https:\/\/npmin.org\/pt\/wp-json\/wp\/v2\/pages"}],"about":[{"href":"https:\/\/npmin.org\/pt\/wp-json\/wp\/v2\/types\/page"}],"author":[{"embeddable":true,"href":"https:\/\/npmin.org\/pt\/wp-json\/wp\/v2\/users\/1"}],"replies":[{"embeddable":true,"href":"https:\/\/npmin.org\/pt\/wp-json\/wp\/v2\/comments?post=55"}],"version-history":[{"count":25,"href":"https:\/\/npmin.org\/pt\/wp-json\/wp\/v2\/pages\/55\/revisions"}],"predecessor-version":[{"id":7336,"href":"https:\/\/npmin.org\/pt\/wp-json\/wp\/v2\/pages\/55\/revisions\/7336"}],"wp:attachment":[{"href":"https:\/\/npmin.org\/pt\/wp-json\/wp\/v2\/media?parent=55"}],"curies":[{"name":"wp","href":"https:\/\/api.w.org\/{rel}","templated":true}]}}