{"id":1216,"date":"2024-07-23T13:24:29","date_gmt":"2024-07-23T13:24:29","guid":{"rendered":"https:\/\/npmin.org\/?page_id=1216"},"modified":"2025-06-28T02:33:38","modified_gmt":"2025-06-27T20:33:38","slug":"camp-meeting","status":"publish","type":"page","link":"https:\/\/npmin.org\/pt\/camp-meeting\/","title":{"rendered":"Acampamento"},"content":{"rendered":"<div data-elementor-type=\"wp-page\" data-elementor-id=\"1216\" class=\"elementor elementor-1216\" data-elementor-post-type=\"page\">\n\t\t\t\t<div class=\"elementor-element elementor-element-38b226f np--main-section e-flex e-con-boxed e-con e-parent\" data-id=\"38b226f\" data-element_type=\"container\" data-e-type=\"container\" data-settings=\"{&quot;background_background&quot;:&quot;classic&quot;}\">\n\t\t\t\t\t<div class=\"e-con-inner\">\n\t\t<div class=\"elementor-element elementor-element-733bc06 e-con-full np--inner-section e-flex e-con e-child\" data-id=\"733bc06\" data-element_type=\"container\" data-e-type=\"container\">\n\t\t<div class=\"elementor-element elementor-element-4821b00 e-con-full e-flex e-con e-child\" data-id=\"4821b00\" data-element_type=\"container\" data-e-type=\"container\">\n\t\t\t\t<div class=\"elementor-element elementor-element-91d4875 elementor-invisible elementor-widget elementor-widget-heading\" data-id=\"91d4875\" data-element_type=\"widget\" data-e-type=\"widget\" data-settings=\"{&quot;_animation&quot;:&quot;fadeInDown&quot;}\" data-widget_type=\"heading.default\">\n\t\t\t\t<div class=\"elementor-widget-container\">\n\t\t\t\t\t<h1 class=\"elementor-heading-title elementor-size-default\">Acampamento<\/h1>\t\t\t\t<\/div>\n\t\t\t\t<\/div>\n\t\t\t\t<div class=\"elementor-element elementor-element-1a34718 elementor-widget__width-initial elementor-widget-tablet__width-inherit elementor-invisible elementor-widget elementor-widget-text-editor\" data-id=\"1a34718\" data-element_type=\"widget\" data-e-type=\"widget\" data-settings=\"{&quot;_animation&quot;:&quot;fadeInDown&quot;}\" data-widget_type=\"text-editor.default\">\n\t\t\t\t<div class=\"elementor-widget-container\">\n\t\t\t\t\t\t\t\t\t<p>Nosso pr\u00f3ximo acampamento ser\u00e1 de 17 a 21 de setembro de 2025. O tema \u00e9 &quot;A Prepara\u00e7\u00e3o Correta&quot;. Este acampamento analisar\u00e1 o que significa se preparar corretamente para o breve retorno de Jesus. Estudaremos a prepara\u00e7\u00e3o do cora\u00e7\u00e3o necess\u00e1ria para estarmos prontos para o breve retorno de Jesus e como isso se reflete em nosso minist\u00e9rio ao pr\u00f3ximo, onde vivemos, como administramos nossas finan\u00e7as e muito mais. \u00a0<\/p>\t\t\t\t\t\t\t\t<\/div>\n\t\t\t\t<\/div>\n\t\t\t\t<\/div>\n\t\t\t\t<\/div>\n\t\t\t\t\t<\/div>\n\t\t\t\t<\/div>\n\t\t<div class=\"elementor-element elementor-element-6c1e9f8 np--main-section e-flex e-con-boxed e-con e-parent\" data-id=\"6c1e9f8\" data-element_type=\"container\" data-e-type=\"container\" data-settings=\"{&quot;background_background&quot;:&quot;classic&quot;}\">\n\t\t\t\t\t<div class=\"e-con-inner\">\n\t\t<div class=\"elementor-element elementor-element-0def7c6 e-con-full np--inner-section np--space-m e-flex e-con e-child\" data-id=\"0def7c6\" data-element_type=\"container\" data-e-type=\"container\">\n\t\t<div class=\"elementor-element elementor-element-9356ad8 e-con-full e-flex elementor-invisible e-con e-child\" data-id=\"9356ad8\" data-element_type=\"container\" data-e-type=\"container\" data-settings=\"{&quot;animation&quot;:&quot;fadeInLeft&quot;}\">\n\t\t\t\t<div class=\"elementor-element elementor-element-6858ae5 elementor-widget elementor-widget-text-editor\" data-id=\"6858ae5\" data-element_type=\"widget\" data-e-type=\"widget\" data-widget_type=\"text-editor.default\">\n\t\t\t\t<div class=\"elementor-widget-container\">\n\t\t\t\t\t\t\t\t\t<p>O New Paradigm Ministries tem o prazer de convid\u00e1-lo para o The Right Preparation, nosso acampamento que ser\u00e1 realizado de 17 a 21 de setembro de 2025, em nosso campus em Cabool, Missouri.<\/p><p>Sentimos que este t\u00f3pico era necess\u00e1rio agora, por dois motivos. Primeiro, acreditamos verdadeiramente que Jesus retornar\u00e1 em breve e precisamos nos preparar para o Seu retorno agora. Segundo, muitos dos conselhos dispon\u00edveis sobre como se preparar para o Seu retorno t\u00eam uma \u00eanfase equivocada. Portanto, se voc\u00ea acredita que Jesus retornar\u00e1 em breve e acredita que \u00e9 necess\u00e1rio entender melhor como se preparar para o Seu retorno, planeje se juntar a n\u00f3s de 17 a 21 de setembro de 2025 em nosso campus em Cabool, Missouri.<\/p><p>Michala Faber, da Dinamarca, estar\u00e1 conosco, compartilhando verdades pr\u00e1ticas sobre como cooperar com Deus para que a mente de Cristo seja restaurada em voc\u00ea, para que voc\u00ea possa fazer parte dos 144.000. O Dr. Eric Barton explorar\u00e1 a proximidade da vinda de Cristo e desvendar\u00e1 parte da mentalidade prepper que se desenvolveu na igreja. Scott Griswold, da Reach the World Next Door, liderar\u00e1 os devocionais matinais, desafiando-nos a crescer em Cristo por meio da ora\u00e7\u00e3o. E o Dr. Sandoval se concentrar\u00e1 na justifica\u00e7\u00e3o pela f\u00e9 na mensagem do terceiro anjo e no alto clamor, e seu papel nos 144.000. Tamb\u00e9m teremos reuni\u00f5es infantis, comidas deliciosas, sess\u00f5es de pequenos grupos lideradas por Jonathan e Angela Peoples e muito mais.<\/p>\t\t\t\t\t\t\t\t<\/div>\n\t\t\t\t<\/div>\n\t\t\t\t<\/div>\n\t\t<div class=\"elementor-element elementor-element-a405847 e-con-full e-flex e-con e-child\" data-id=\"a405847\" data-element_type=\"container\" data-e-type=\"container\">\n\t\t\t\t<div class=\"elementor-element elementor-element-fe47fcb elementor-invisible elementor-widget elementor-widget-image\" data-id=\"fe47fcb\" data-element_type=\"widget\" data-e-type=\"widget\" data-settings=\"{&quot;_animation&quot;:&quot;fadeInRight&quot;}\" data-widget_type=\"image.default\">\n\t\t\t\t<div class=\"elementor-widget-container\">\n\t\t\t\t\t\t\t\t\t\t\t\t\t\t\t<img fetchpriority=\"high\" decoding=\"async\" width=\"1600\" height=\"1054\" src=\"https:\/\/npmin.org\/wp-content\/uploads\/2025\/06\/2nd-Coming-Image.jpg\" class=\"attachment-full size-full wp-image-9211\" alt=\"\" srcset=\"https:\/\/npmin.org\/wp-content\/uploads\/2025\/06\/2nd-Coming-Image.jpg 1600w, https:\/\/npmin.org\/wp-content\/uploads\/2025\/06\/2nd-Coming-Image-300x198.jpg 300w, https:\/\/npmin.org\/wp-content\/uploads\/2025\/06\/2nd-Coming-Image-1024x675.jpg 1024w, https:\/\/npmin.org\/wp-content\/uploads\/2025\/06\/2nd-Coming-Image-768x506.jpg 768w, https:\/\/npmin.org\/wp-content\/uploads\/2025\/06\/2nd-Coming-Image-1536x1012.jpg 1536w, https:\/\/npmin.org\/wp-content\/uploads\/2025\/06\/2nd-Coming-Image-600x395.jpg 600w\" sizes=\"(max-width: 1600px) 100vw, 1600px\" \/>\t\t\t\t\t\t\t\t\t\t\t\t\t\t\t<\/div>\n\t\t\t\t<\/div>\n\t\t\t\t<\/div>\n\t\t\t\t<\/div>\n\t\t\t\t\t<\/div>\n\t\t\t\t<\/div>\n\t\t<div class=\"elementor-element elementor-element-faf03c5 e-flex e-con-boxed e-con e-parent\" data-id=\"faf03c5\" data-element_type=\"container\" data-e-type=\"container\" data-settings=\"{&quot;background_background&quot;:&quot;classic&quot;}\">\n\t\t\t\t\t<div class=\"e-con-inner\">\n\t\t\t\t\t<\/div>\n\t\t\t\t<\/div>\n\t\t<div class=\"elementor-element elementor-element-42a13ac np--main-section e-flex e-con-boxed e-con e-parent\" data-id=\"42a13ac\" data-element_type=\"container\" data-e-type=\"container\" data-settings=\"{&quot;background_background&quot;:&quot;classic&quot;}\">\n\t\t\t\t\t<div class=\"e-con-inner\">\n\t\t<div class=\"elementor-element elementor-element-5d04183 e-con-full np--inner-section np--space-m e-flex e-con e-child\" data-id=\"5d04183\" data-element_type=\"container\" data-e-type=\"container\">\n\t\t<div class=\"elementor-element elementor-element-032f884 e-con-full e-flex e-con e-child\" data-id=\"032f884\" data-element_type=\"container\" data-e-type=\"container\">\n\t\t\t\t<div class=\"elementor-element elementor-element-79d35e1 elementor-invisible elementor-widget elementor-widget-image\" data-id=\"79d35e1\" data-element_type=\"widget\" data-e-type=\"widget\" data-settings=\"{&quot;_animation&quot;:&quot;fadeInLeft&quot;}\" data-widget_type=\"image.default\">\n\t\t\t\t<div class=\"elementor-widget-container\">\n\t\t\t\t\t\t\t\t\t\t\t\t\t\t\t\t<a href=\"https:\/\/npmin.org\/wp-content\/uploads\/2025\/06\/Fall-Camp-Meeting-2025-Flyer-scaled.jpg\" data-elementor-open-lightbox=\"yes\" data-elementor-lightbox-title=\"Fall Camp Meeting 2025 Flyer\" data-e-action-hash=\"#elementor-action%3Aaction%3Dlightbox%26settings%3DeyJpZCI6OTIxMiwidXJsIjoiaHR0cHM6XC9cL25wbWluLm9yZ1wvd3AtY29udGVudFwvdXBsb2Fkc1wvMjAyNVwvMDZcL0ZhbGwtQ2FtcC1NZWV0aW5nLTIwMjUtRmx5ZXItc2NhbGVkLmpwZyJ9\">\n\t\t\t\t\t\t\t<img decoding=\"async\" width=\"1656\" height=\"2560\" src=\"https:\/\/npmin.org\/wp-content\/uploads\/2025\/06\/Fall-Camp-Meeting-2025-Flyer-scaled.jpg\" class=\"attachment-full size-full wp-image-9212\" alt=\"\" srcset=\"https:\/\/npmin.org\/wp-content\/uploads\/2025\/06\/Fall-Camp-Meeting-2025-Flyer-scaled.jpg 1656w, https:\/\/npmin.org\/wp-content\/uploads\/2025\/06\/Fall-Camp-Meeting-2025-Flyer-194x300.jpg 194w, https:\/\/npmin.org\/wp-content\/uploads\/2025\/06\/Fall-Camp-Meeting-2025-Flyer-663x1024.jpg 663w, https:\/\/npmin.org\/wp-content\/uploads\/2025\/06\/Fall-Camp-Meeting-2025-Flyer-768x1187.jpg 768w, https:\/\/npmin.org\/wp-content\/uploads\/2025\/06\/Fall-Camp-Meeting-2025-Flyer-994x1536.jpg 994w, https:\/\/npmin.org\/wp-content\/uploads\/2025\/06\/Fall-Camp-Meeting-2025-Flyer-1325x2048.jpg 1325w, https:\/\/npmin.org\/wp-content\/uploads\/2025\/06\/Fall-Camp-Meeting-2025-Flyer-600x927.jpg 600w\" sizes=\"(max-width: 1656px) 100vw, 1656px\" \/>\t\t\t\t\t\t\t\t<\/a>\n\t\t\t\t\t\t\t\t\t\t\t\t\t\t\t<\/div>\n\t\t\t\t<\/div>\n\t\t\t\t<\/div>\n\t\t<div class=\"elementor-element elementor-element-4fa31ea e-con-full e-flex e-con e-child\" data-id=\"4fa31ea\" data-element_type=\"container\" data-e-type=\"container\">\n\t\t\t\t<div class=\"elementor-element elementor-element-536815f elementor-invisible elementor-widget elementor-widget-text-editor\" data-id=\"536815f\" data-element_type=\"widget\" data-e-type=\"widget\" data-settings=\"{&quot;_animation&quot;:&quot;fadeInRight&quot;}\" data-widget_type=\"text-editor.default\">\n\t\t\t\t<div class=\"elementor-widget-container\">\n\t\t\t\t\t\t\t\t\t<p><strong>Detalhes adicionais do acampamento<\/strong><\/p><p><strong>O acampamento ser\u00e1 realizado em nossa propriedade neste endere\u00e7o:<\/strong><br \/>14527 Berry Rd<br \/>Cabool, MO 65689<\/p><p><strong>Aeroportos<\/strong><br \/>O aeroporto mais pr\u00f3ximo \u00e9 o Aeroporto Nacional de Springfield-Branson (a 90 minutos de dist\u00e2ncia). O aeroporto mais pr\u00f3ximo \u00e9 o Aeroporto Internacional St. Louis-Lambert (a 3 horas de dist\u00e2ncia). N\u00e3o h\u00e1 transporte p\u00fablico em nossa regi\u00e3o, ent\u00e3o voc\u00ea precisar\u00e1 alugar um carro para ir e voltar do acampamento.<\/p><p><strong>Moradia fora do campus<\/strong><br \/>Os Airbnb&#039;s s\u00e3o limitados em nossa \u00e1rea, assim como os VRBO&#039;s. Os hot\u00e9is mais pr\u00f3ximos s\u00e3o<br \/>Comfort Inn and Suites \u2013 https:\/\/www.choicehotels.com\/missouri\/mountain-grove\/comfort-inn-hotels\/mo478 (cerca de 25 minutos de dist\u00e2ncia)<br \/>Highland Inn &amp; Suites \u2013 https:\/\/www.highlandinnandsuites.com (cerca de 10 minutos de dist\u00e2ncia)<br \/>Royal Inn \u2013 https:\/\/royalinnmo.com (cerca de 25 minutos de dist\u00e2ncia)<\/p><p><strong>Moradia no campus<\/strong><\/p><p>Se voc\u00ea reservou um local para trailers, ele j\u00e1 vem com conex\u00e3o el\u00e9trica (30 ou 50 amperes) e \u00e1gua. N\u00e3o h\u00e1 fossa s\u00e9ptica no local, mas h\u00e1 um ponto de despejo perto do local para quem precisar.<\/p><p>Se voc\u00ea estiver acampando em barraca na propriedade, esteja ciente de que o Missouri tem um solo muito rochoso, ent\u00e3o n\u00e3o espere um tapete de grama macia. Traga algum material para dormir em sua barraca. Os locais para barracas ser\u00e3o ocupados por ordem de chegada. N\u00e3o temos locais marcados, mas quando voc\u00ea chegar, indicaremos os locais onde poder\u00e1 montar sua barraca. Alguns locais para barracas s\u00e3o pr\u00f3ximos o suficiente para que voc\u00ea tenha eletricidade na sua barraca, se voc\u00ea tiver um cabo de extens\u00e3o de 15 ou 30 metros, mas esses locais ser\u00e3o limitados. A maioria n\u00e3o ter\u00e1 acesso \u00e0 eletricidade em suas barracas.<\/p><p><em><strong>Mais informa\u00e7\u00f5es ser\u00e3o enviadas a voc\u00ea ap\u00f3s o registro.<\/strong><\/em><\/p>\t\t\t\t\t\t\t\t<\/div>\n\t\t\t\t<\/div>\n\t\t\t\t<div class=\"elementor-element elementor-element-7788f78 btn--teal full-btn elementor-invisible elementor-widget elementor-widget-button\" data-id=\"7788f78\" data-element_type=\"widget\" data-e-type=\"widget\" data-settings=\"{&quot;_animation&quot;:&quot;fadeInUp&quot;}\" data-widget_type=\"button.default\">\n\t\t\t\t<div class=\"elementor-widget-container\">\n\t\t\t\t\t\t\t\t\t<div class=\"elementor-button-wrapper\">\n\t\t\t\t\t<a class=\"elementor-button elementor-button-link elementor-size-sm\" href=\"https:\/\/npmin.org\/pt\/camp-meeting\/registration\/\">\n\t\t\t\t\t\t<span class=\"elementor-button-content-wrapper\">\n\t\t\t\t\t\t\t\t\t<span class=\"elementor-button-text\">REGISTRE-SE AGORA<\/span>\n\t\t\t\t\t<\/span>\n\t\t\t\t\t<\/a>\n\t\t\t\t<\/div>\n\t\t\t\t\t\t\t\t<\/div>\n\t\t\t\t<\/div>\n\t\t\t\t<\/div>\n\t\t\t\t<\/div>\n\t\t\t\t\t<\/div>\n\t\t\t\t<\/div>\n\t\t\t\t<\/div>","protected":false},"excerpt":{"rendered":"<p>Our next camp meeting will be September 17-21, 2025. The theme is The Right Preparation. This camp meeting will look at what it means to prepare correctly for the soon return of Jesus. We will study the heart preparation needed to be ready for Jesus&#8217; soon return, and how that reflects in our ministry to [&hellip;]<\/p>\n","protected":false},"author":3,"featured_media":0,"parent":0,"menu_order":0,"comment_status":"closed","ping_status":"closed","template":"","meta":{"_acf_changed":false,"footnotes":""},"class_list":["post-1216","page","type-page","status-publish","hentry"],"acf":[],"_links":{"self":[{"href":"https:\/\/npmin.org\/pt\/wp-json\/wp\/v2\/pages\/1216","targetHints":{"allow":["GET"]}}],"collection":[{"href":"https:\/\/npmin.org\/pt\/wp-json\/wp\/v2\/pages"}],"about":[{"href":"https:\/\/npmin.org\/pt\/wp-json\/wp\/v2\/types\/page"}],"author":[{"embeddable":true,"href":"https:\/\/npmin.org\/pt\/wp-json\/wp\/v2\/users\/3"}],"replies":[{"embeddable":true,"href":"https:\/\/npmin.org\/pt\/wp-json\/wp\/v2\/comments?post=1216"}],"version-history":[{"count":25,"href":"https:\/\/npmin.org\/pt\/wp-json\/wp\/v2\/pages\/1216\/revisions"}],"predecessor-version":[{"id":9221,"href":"https:\/\/npmin.org\/pt\/wp-json\/wp\/v2\/pages\/1216\/revisions\/9221"}],"wp:attachment":[{"href":"https:\/\/npmin.org\/pt\/wp-json\/wp\/v2\/media?parent=1216"}],"curies":[{"name":"wp","href":"https:\/\/api.w.org\/{rel}","templated":true}]}}