{"id":9893,"date":"2026-04-16T05:56:38","date_gmt":"2026-04-15T23:56:38","guid":{"rendered":"https:\/\/npmin.org\/?post_type=product&#038;p=9893"},"modified":"2026-04-16T05:56:39","modified_gmt":"2026-04-15T23:56:39","slug":"there-is-a-solution-111-daily-messages-of-hope","status":"publish","type":"product","link":"https:\/\/npmin.org\/fr\/produit\/there-is-a-solution-111-daily-messages-of-hope\/","title":{"rendered":"Il existe une solution\u00a0: 111 messages d\u2019espoir quotidiens"},"content":{"rendered":"<p>Ces pages sont \u00e9crites pour vous aider \u00e0 cheminer dans la confiance et la s\u00e9curit\u00e9 qui d\u00e9coulent d&#039;une vie d&#039;enfant bien-aim\u00e9 de Dieu. \u00c0 travers les histoires vraies de personnes ordinaires, vous d\u00e9couvrirez comment Dieu pourvoit \u00e0 vos besoins, vous r\u00e9conforte, vous guide et r\u00e9v\u00e8le le dessein qu&#039;il donne m\u00eame dans la souffrance. Apprenez \u00e0 vous appuyer sur ses promesses et \u00e0 en faire une force pour votre quotidien. Jour apr\u00e8s jour, vous d\u00e9couvrirez comment la vie s&#039;\u00e9panouit pleinement lorsque Dieu est votre source.<\/p>\n<p>232 pages<\/p>","protected":false},"excerpt":{"rendered":"<p>Ces pages sont \u00e9crites pour vous aider \u00e0 cheminer avec la confiance et la s\u00e9curit\u00e9 qui d\u00e9coulent d&#039;une vie en tant qu&#039;enfant bien-aim\u00e9 de Dieu.<\/p>","protected":false},"featured_media":9895,"template":"","meta":{"_acf_changed":false},"product_brand":[],"product_cat":[38],"product_tag":[210,178,176,213,211,212],"class_list":{"0":"post-9893","1":"product","2":"type-product","3":"status-publish","4":"has-post-thumbnail","6":"product_cat-books","7":"product_tag-devotional","8":"product_tag-healing","9":"product_tag-law-of-life","10":"product_tag-pain","11":"product_tag-stories","12":"product_tag-testimonies","14":"first","15":"instock","16":"shipping-taxable","17":"purchasable","18":"product-type-simple"},"acf":[],"_links":{"self":[{"href":"https:\/\/npmin.org\/fr\/wp-json\/wp\/v2\/product\/9893","targetHints":{"allow":["GET"]}}],"collection":[{"href":"https:\/\/npmin.org\/fr\/wp-json\/wp\/v2\/product"}],"about":[{"href":"https:\/\/npmin.org\/fr\/wp-json\/wp\/v2\/types\/product"}],"wp:featuredmedia":[{"embeddable":true,"href":"https:\/\/npmin.org\/fr\/wp-json\/wp\/v2\/media\/9895"}],"wp:attachment":[{"href":"https:\/\/npmin.org\/fr\/wp-json\/wp\/v2\/media?parent=9893"}],"wp:term":[{"taxonomy":"product_brand","embeddable":true,"href":"https:\/\/npmin.org\/fr\/wp-json\/wp\/v2\/product_brand?post=9893"},{"taxonomy":"product_cat","embeddable":true,"href":"https:\/\/npmin.org\/fr\/wp-json\/wp\/v2\/product_cat?post=9893"},{"taxonomy":"product_tag","embeddable":true,"href":"https:\/\/npmin.org\/fr\/wp-json\/wp\/v2\/product_tag?post=9893"}],"curies":[{"name":"wp","href":"https:\/\/api.w.org\/{rel}","templated":true}]}}