{"id":9890,"date":"2026-04-16T05:46:01","date_gmt":"2026-04-15T23:46:01","guid":{"rendered":"https:\/\/npmin.org\/?post_type=product&#038;p=9890"},"modified":"2026-04-16T05:46:02","modified_gmt":"2026-04-15T23:46:02","slug":"am-i-precious","status":"publish","type":"product","link":"https:\/\/npmin.org\/fr\/produit\/am-i-precious\/","title":{"rendered":"Suis-je pr\u00e9cieux ?"},"content":{"rendered":"<p>Chaque jeune fille se pose une question lancinante\u00a0: \u201c\u00a0Suis-je pr\u00e9cieuse\u00a0?\u00a0\u201d Derri\u00e8re cette question se cachent ses espoirs et ses craintes les plus secr\u00e8tes. Elle la pose \u00e0 sa famille, \u00e0 ses amis, \u00e0 ses professeurs, et n\u2019obtient pas toujours la r\u00e9ponse qu\u2019elle souhaite. Mais lorsqu\u2019elle s\u2019adresse \u00e0 Dieu, sa r\u00e9ponse est toujours la m\u00eame\u00a0: \u201c\u00a0Oui, tu es pr\u00e9cieuse, et je t\u2019aime.\u00a0\u201d<\/p>\n<p>&nbsp;<\/p>\n<p>28 pages<\/p>","protected":false},"excerpt":{"rendered":"<p>Chaque jeune fille se pose une question lancinante : \u201c Suis-je pr\u00e9cieuse ? \u201d<\/p>","protected":false},"featured_media":9891,"template":"","meta":{"_acf_changed":false},"product_brand":[],"product_cat":[38],"product_tag":[],"class_list":{"0":"post-9890","1":"product","2":"type-product","3":"status-publish","4":"has-post-thumbnail","6":"product_cat-books","8":"first","9":"instock","10":"shipping-taxable","11":"purchasable","12":"product-type-simple"},"acf":[],"_links":{"self":[{"href":"https:\/\/npmin.org\/fr\/wp-json\/wp\/v2\/product\/9890","targetHints":{"allow":["GET"]}}],"collection":[{"href":"https:\/\/npmin.org\/fr\/wp-json\/wp\/v2\/product"}],"about":[{"href":"https:\/\/npmin.org\/fr\/wp-json\/wp\/v2\/types\/product"}],"wp:featuredmedia":[{"embeddable":true,"href":"https:\/\/npmin.org\/fr\/wp-json\/wp\/v2\/media\/9891"}],"wp:attachment":[{"href":"https:\/\/npmin.org\/fr\/wp-json\/wp\/v2\/media?parent=9890"}],"wp:term":[{"taxonomy":"product_brand","embeddable":true,"href":"https:\/\/npmin.org\/fr\/wp-json\/wp\/v2\/product_brand?post=9890"},{"taxonomy":"product_cat","embeddable":true,"href":"https:\/\/npmin.org\/fr\/wp-json\/wp\/v2\/product_cat?post=9890"},{"taxonomy":"product_tag","embeddable":true,"href":"https:\/\/npmin.org\/fr\/wp-json\/wp\/v2\/product_tag?post=9890"}],"curies":[{"name":"wp","href":"https:\/\/api.w.org\/{rel}","templated":true}]}}