{"id":9749,"date":"2026-03-12T09:46:17","date_gmt":"2026-03-12T03:46:17","guid":{"rendered":"https:\/\/npmin.org\/?post_type=product&#038;p=9749"},"modified":"2026-03-12T09:48:48","modified_gmt":"2026-03-12T03:48:48","slug":"truth-for-life-flash-drive","status":"publish","type":"product","link":"https:\/\/npmin.org\/fr\/produit\/truth-for-life-flash-drive\/","title":{"rendered":"La v\u00e9rit\u00e9 pour la vie (cl\u00e9 USB)"},"content":{"rendered":"<p>Cette s\u00e9rie en 24 \u00e9pisodes, enregistr\u00e9e par des professionnels, a \u00e9t\u00e9 con\u00e7ue pour vous aider, vous et vos proches, \u00e0 trouver la libert\u00e9 dans la v\u00e9rit\u00e9. J\u00e9sus a dit\u00a0: \u201c\u00a0La v\u00e9rit\u00e9 vous rendra libres.\u00a0\u201d (Jean 8:32) et \u201c\u00a0Je suis le chemin, la v\u00e9rit\u00e9 et la vie.\u00a0\u201d (Jean 14:6). Cette s\u00e9rie vous aide \u00e0 comprendre l\u2019origine de vos probl\u00e8mes, la solution que Dieu vous offre pour vous lib\u00e9rer, votre v\u00e9ritable identit\u00e9 et votre valeur, ainsi que le sens de votre vie. Vous serez touch\u00e9 par le Dieu pr\u00e9sent\u00e9 dans cette s\u00e9rie et trouverez espoir et gu\u00e9rison gr\u00e2ce \u00e0 ses principes.<\/p>\n<p>&nbsp;<\/p>\n<p>1 \u2013 La v\u00e9rit\u00e9 pour la vie<\/p>\n<p>2 \u2013 Ce que je n\u2019ai pas appris \u00e0 la facult\u00e9 de m\u00e9decine<\/p>\n<p>3 \u2013 Que sont les pens\u00e9es ?<\/p>\n<p>4 \u2013 Apprendre \u00e0 conna\u00eetre Dieu<\/p>\n<p>5 \u2013 Trouver sa v\u00e9ritable identit\u00e9 et sa valeur<\/p>\n<p>6 \u2013 Les 5 causes de dysfonctionnement<\/p>\n<p>7 \u2013 Le plus gros probl\u00e8me 1<\/p>\n<p>8 \u2013 Le plus gros probl\u00e8me 2<\/p>\n<p>9 \u2013 Le plan du salut<\/p>\n<p>10 \u2013 Acceptation et abandon<\/p>\n<p>11 \u2013 Confession, repentir et restitution<\/p>\n<p>12 \u2013 Se connecter \u00e0 la vigne et y grandir<\/p>\n<p>13 \u2013 Surmonter les pens\u00e9es n\u00e9gatives<\/p>\n<p>14 \u2013 G\u00e9rer la tentation et les d\u00e9pendances<\/p>\n<p>15 \u2013 La v\u00e9ritable identit\u00e9<\/p>\n<p>16 \u2013 Libre d\u2019aimer<\/p>\n<p>17 \u2013 Mariage<\/p>\n<p>18 \u2013 Principes fondamentaux de la parentalit\u00e9<\/p>\n<p>19 \u2013 Sph\u00e8re d\u2019action et limites saines<\/p>\n<p>20 \u2013 La sant\u00e9 par la foi<\/p>\n<p>21 \u2013 Intendance vs. Propri\u00e9t\u00e9<\/p>\n<p>22 \u2013 G\u00e9rer les relations difficiles<\/p>\n<p>23 \u2013 R\u00e9solution des conflits<\/p>\n<p>24 \u2013 Un appel \u00e9ternel<\/p>","protected":false},"excerpt":{"rendered":"<p>Cette s\u00e9rie en 24 \u00e9pisodes, enregistr\u00e9e par des professionnels, a \u00e9t\u00e9 cr\u00e9\u00e9e sp\u00e9cifiquement pour vous aider, vous et vos proches, \u00e0 faire l&#039;exp\u00e9rience de la libert\u00e9 \u00e0 travers la v\u00e9rit\u00e9.<\/p>","protected":false},"featured_media":9750,"template":"","meta":{"_acf_changed":false},"product_brand":[],"product_cat":[39],"product_tag":[40,177,176,208,151,207,209,206],"class_list":{"0":"post-9749","1":"product","2":"type-product","3":"status-publish","4":"has-post-thumbnail","6":"product_cat-videos","7":"product_tag-flash-drive","8":"product_tag-health","9":"product_tag-law-of-life","10":"product_tag-physical-health","11":"product_tag-relationships","12":"product_tag-spiritual-health","13":"product_tag-truth","14":"product_tag-truth-for-life","16":"first","17":"instock","18":"shipping-taxable","19":"purchasable","20":"product-type-simple"},"acf":[],"_links":{"self":[{"href":"https:\/\/npmin.org\/fr\/wp-json\/wp\/v2\/product\/9749","targetHints":{"allow":["GET"]}}],"collection":[{"href":"https:\/\/npmin.org\/fr\/wp-json\/wp\/v2\/product"}],"about":[{"href":"https:\/\/npmin.org\/fr\/wp-json\/wp\/v2\/types\/product"}],"wp:featuredmedia":[{"embeddable":true,"href":"https:\/\/npmin.org\/fr\/wp-json\/wp\/v2\/media\/9750"}],"wp:attachment":[{"href":"https:\/\/npmin.org\/fr\/wp-json\/wp\/v2\/media?parent=9749"}],"wp:term":[{"taxonomy":"product_brand","embeddable":true,"href":"https:\/\/npmin.org\/fr\/wp-json\/wp\/v2\/product_brand?post=9749"},{"taxonomy":"product_cat","embeddable":true,"href":"https:\/\/npmin.org\/fr\/wp-json\/wp\/v2\/product_cat?post=9749"},{"taxonomy":"product_tag","embeddable":true,"href":"https:\/\/npmin.org\/fr\/wp-json\/wp\/v2\/product_tag?post=9749"}],"curies":[{"name":"wp","href":"https:\/\/api.w.org\/{rel}","templated":true}]}}