{"id":9714,"date":"2026-02-11T21:41:41","date_gmt":"2026-02-11T15:41:41","guid":{"rendered":"https:\/\/npmin.org\/?post_type=product&#038;p=9714"},"modified":"2026-02-11T21:42:31","modified_gmt":"2026-02-11T15:42:31","slug":"understanding-us-pdf","status":"publish","type":"product","link":"https:\/\/npmin.org\/fr\/produit\/understanding-us-pdf\/","title":{"rendered":"Nous comprendre \u2013 Fiches p\u00e9dagogiques pour enfants (PDF)"},"content":{"rendered":"<p>\u00ab\u00a0Comprendre notre corps\u00a0\u00bb est un programme de 20 le\u00e7ons destin\u00e9 aux enfants, inspir\u00e9 du livre du Dr Horst Muller, \u00ab\u00a0Pourquoi tombons-nous malades\u00a0?\u00a0\u00bb. Con\u00e7u pour les enfants de 7 \u00e0 10 ans, ce programme convient \u00e9galement aux plus jeunes. Il s&#039;agit d&#039;un fichier PDF t\u00e9l\u00e9chargeable et imprimable, utilisable pour vous ou vos enfants, ou encore sur un appareil mobile.<\/p>","protected":false},"excerpt":{"rendered":"<p>\u00ab Understanding Us \u00bb est un plan de le\u00e7on en 20 parties destin\u00e9 aux enfants jusqu&#039;\u00e0 10 ans. Il s&#039;agit d&#039;un fichier PDF t\u00e9l\u00e9chargeable.<\/p>","protected":false},"featured_media":9716,"template":"","meta":{"_acf_changed":false},"product_brand":[],"product_cat":[125,30],"product_tag":[200,201,128,177,176,202,129,151],"class_list":{"0":"post-9714","1":"product","2":"type-product","3":"status-publish","4":"has-post-thumbnail","6":"product_cat-downloadable-products","7":"product_cat-uncategorized","8":"product_tag-children","9":"product_tag-childrens-materials","10":"product_tag-download","11":"product_tag-health","12":"product_tag-law-of-life","13":"product_tag-mental-health","14":"product_tag-pdf","15":"product_tag-relationships","17":"first","18":"instock","19":"downloadable","20":"shipping-taxable","21":"purchasable","22":"product-type-simple"},"acf":[],"_links":{"self":[{"href":"https:\/\/npmin.org\/fr\/wp-json\/wp\/v2\/product\/9714","targetHints":{"allow":["GET"]}}],"collection":[{"href":"https:\/\/npmin.org\/fr\/wp-json\/wp\/v2\/product"}],"about":[{"href":"https:\/\/npmin.org\/fr\/wp-json\/wp\/v2\/types\/product"}],"wp:featuredmedia":[{"embeddable":true,"href":"https:\/\/npmin.org\/fr\/wp-json\/wp\/v2\/media\/9716"}],"wp:attachment":[{"href":"https:\/\/npmin.org\/fr\/wp-json\/wp\/v2\/media?parent=9714"}],"wp:term":[{"taxonomy":"product_brand","embeddable":true,"href":"https:\/\/npmin.org\/fr\/wp-json\/wp\/v2\/product_brand?post=9714"},{"taxonomy":"product_cat","embeddable":true,"href":"https:\/\/npmin.org\/fr\/wp-json\/wp\/v2\/product_cat?post=9714"},{"taxonomy":"product_tag","embeddable":true,"href":"https:\/\/npmin.org\/fr\/wp-json\/wp\/v2\/product_tag?post=9714"}],"curies":[{"name":"wp","href":"https:\/\/api.w.org\/{rel}","templated":true}]}}