{"id":9561,"date":"2025-11-03T23:20:51","date_gmt":"2025-11-03T17:20:51","guid":{"rendered":"https:\/\/npmin.org\/?post_type=product&#038;p=9561"},"modified":"2026-03-05T22:55:13","modified_gmt":"2026-03-05T16:55:13","slug":"take-to-give-book","status":"publish","type":"product","link":"https:\/\/npmin.org\/fr\/produit\/take-to-give-book\/","title":{"rendered":"Livre Take to Give"},"content":{"rendered":"<p>\u00ab Prendre pour donner \u00bb est un livre d&#039;histoires et d&#039;images simple destin\u00e9 aux enfants de 3 \u00e0 7 ans. Il les aide \u00e0 comprendre le principe fondamental de la Loi de la Vie\u00a0: prendre pour donner. Belinda McCallion, m\u00e8re et auteure, poss\u00e8de un talent remarquable pour transmettre des concepts aux jeunes enfants gr\u00e2ce \u00e0 des histoires et des illustrations simples. Vos enfants adoreront ce livre et apprendront le principe de base de la Loi de la Vie\u00a0: prendre pour donner.<\/p>","protected":false},"excerpt":{"rendered":"<p>\u00ab Prendre pour donner \u00bb est un livre d&#039;histoires et d&#039;images simples destin\u00e9 aux enfants de 3 \u00e0 7 ans, con\u00e7u pour les aider \u00e0 comprendre le principe fondamental de la Loi de la Vie : Prendre pour donner.<\/p>","protected":false},"featured_media":9562,"template":"","meta":{"_acf_changed":false},"product_brand":[],"product_cat":[38],"product_tag":[174,173,49],"class_list":{"0":"post-9561","1":"product","2":"type-product","3":"status-publish","4":"has-post-thumbnail","6":"product_cat-books","7":"product_tag-childrens-books","8":"product_tag-take-to-give","9":"product_tag-the-law-of-life","11":"first","12":"outofstock","13":"shipping-taxable","14":"purchasable","15":"product-type-simple"},"acf":[],"_links":{"self":[{"href":"https:\/\/npmin.org\/fr\/wp-json\/wp\/v2\/product\/9561","targetHints":{"allow":["GET"]}}],"collection":[{"href":"https:\/\/npmin.org\/fr\/wp-json\/wp\/v2\/product"}],"about":[{"href":"https:\/\/npmin.org\/fr\/wp-json\/wp\/v2\/types\/product"}],"wp:featuredmedia":[{"embeddable":true,"href":"https:\/\/npmin.org\/fr\/wp-json\/wp\/v2\/media\/9562"}],"wp:attachment":[{"href":"https:\/\/npmin.org\/fr\/wp-json\/wp\/v2\/media?parent=9561"}],"wp:term":[{"taxonomy":"product_brand","embeddable":true,"href":"https:\/\/npmin.org\/fr\/wp-json\/wp\/v2\/product_brand?post=9561"},{"taxonomy":"product_cat","embeddable":true,"href":"https:\/\/npmin.org\/fr\/wp-json\/wp\/v2\/product_cat?post=9561"},{"taxonomy":"product_tag","embeddable":true,"href":"https:\/\/npmin.org\/fr\/wp-json\/wp\/v2\/product_tag?post=9561"}],"curies":[{"name":"wp","href":"https:\/\/api.w.org\/{rel}","templated":true}]}}