{"id":9139,"date":"2025-04-08T08:33:39","date_gmt":"2025-04-08T02:33:39","guid":{"rendered":"https:\/\/npmin.org\/?post_type=product&#038;p=9139"},"modified":"2025-04-08T08:33:40","modified_gmt":"2025-04-08T02:33:40","slug":"the-study-of-life","status":"publish","type":"product","link":"https:\/\/npmin.org\/fr\/produit\/the-study-of-life\/","title":{"rendered":"L&#039;\u00e9tude de la vie"},"content":{"rendered":"<p>Quel est votre plus grand besoin dans la vie\u00a0? Est-ce la nourriture, l\u2019oxyg\u00e8ne, l\u2019eau\u00a0? Ou est-ce plus que cela\u00a0? Il y a une condition \u00e0 la vie. Et elle est li\u00e9e au besoin primordial de l\u2019homme\u00a0: l\u2019amour. Pour vivre, il faut aimer, et pour aimer, il faut puiser l\u2019amour \u00e0 la v\u00e9ritable Source.<\/p>\n<p>L&#039;\u00c9tude de la Vie est un livre de 115 pages qui utilise un langage simple et de nombreuses illustrations pour aider \u00e0 comprendre le concept de la Loi de la Vie et ses applications. Si vous avez du mal \u00e0 comprendre la Loi de la Vie, ce livre simplifie le sujet. Il est id\u00e9al \u00e0 partager avec les enfants.<\/p>","protected":false},"excerpt":{"rendered":"<p>L&#039;\u00c9tude de la Vie est un livre de 115 pages qui utilise un langage simple et de nombreuses illustrations pour aider \u00e0 comprendre le concept de la Loi de la Vie et ses applications. Si vous avez du mal \u00e0 comprendre la Loi de la Vie, ce livre simplifie le sujet. Il est id\u00e9al \u00e0 partager avec les enfants.<\/p>","protected":false},"featured_media":9141,"template":"","meta":{"_acf_changed":false},"product_brand":[],"product_cat":[38],"product_tag":[],"class_list":{"0":"post-9139","1":"product","2":"type-product","3":"status-publish","4":"has-post-thumbnail","6":"product_cat-books","8":"first","9":"instock","10":"shipping-taxable","11":"purchasable","12":"product-type-simple"},"acf":[],"_links":{"self":[{"href":"https:\/\/npmin.org\/fr\/wp-json\/wp\/v2\/product\/9139","targetHints":{"allow":["GET"]}}],"collection":[{"href":"https:\/\/npmin.org\/fr\/wp-json\/wp\/v2\/product"}],"about":[{"href":"https:\/\/npmin.org\/fr\/wp-json\/wp\/v2\/types\/product"}],"wp:featuredmedia":[{"embeddable":true,"href":"https:\/\/npmin.org\/fr\/wp-json\/wp\/v2\/media\/9141"}],"wp:attachment":[{"href":"https:\/\/npmin.org\/fr\/wp-json\/wp\/v2\/media?parent=9139"}],"wp:term":[{"taxonomy":"product_brand","embeddable":true,"href":"https:\/\/npmin.org\/fr\/wp-json\/wp\/v2\/product_brand?post=9139"},{"taxonomy":"product_cat","embeddable":true,"href":"https:\/\/npmin.org\/fr\/wp-json\/wp\/v2\/product_cat?post=9139"},{"taxonomy":"product_tag","embeddable":true,"href":"https:\/\/npmin.org\/fr\/wp-json\/wp\/v2\/product_tag?post=9139"}],"curies":[{"name":"wp","href":"https:\/\/api.w.org\/{rel}","templated":true}]}}