{"id":9015,"date":"2025-02-09T22:10:35","date_gmt":"2025-02-09T22:10:35","guid":{"rendered":"https:\/\/npmin.org\/?post_type=product&#038;p=9015"},"modified":"2025-02-09T22:10:36","modified_gmt":"2025-02-09T22:10:36","slug":"lessons-from-covid-download","status":"publish","type":"product","link":"https:\/\/npmin.org\/fr\/produit\/lessons-from-covid-download\/","title":{"rendered":"Les le\u00e7ons du Covid (T\u00e9l\u00e9charger)"},"content":{"rendered":"<p>Le\u00e7ons de la Covid (T\u00e9l\u00e9chargement) contient une s\u00e9rie de 11 pr\u00e9sentations vid\u00e9o (au format MP4, incluant toutes les diapositives PowerPoint, les fichiers PDF et les fichiers audio MP3) qui abordent les questions suivantes\u00a0: Faut-il tomber malade simplement parce que son entourage est malade\u00a0? Pouvons-nous vivre sans peur en pleine pand\u00e9mie ou \u00e9pid\u00e9mie\u00a0? Pourquoi tombons-nous malades\u00a0? Que faut-il pour \u00eatre en bonne sant\u00e9\u00a0? La cause de la maladie est-elle externe ou interne\u00a0? Quel est le but des \u00e9v\u00e9nements entourant la pand\u00e9mie de Covid\u00a0? Et o\u00f9 cela nous m\u00e8nera-t-il \u00e0 l\u2019avenir\u00a0? Si vous souhaitez des r\u00e9ponses \u00e0 ces questions et \u00e0 bien d\u2019autres, Le\u00e7ons de la Covid est fait pour vous.<\/p>\n<p>Comme il s&#039;agit d&#039;un t\u00e9l\u00e9chargement, assurez-vous d&#039;avoir une bonne connexion Internet, car certains fichiers sont assez volumineux.<\/p>","protected":false},"excerpt":{"rendered":"<p>Les le\u00e7ons du Covid (t\u00e9l\u00e9chargement) contiennent une pr\u00e9sentation vid\u00e9o en 11 parties (avec fichiers mp3, PowerPoint et PDF) t\u00e9l\u00e9chargeable sur votre ordinateur ou appareil. D\u00e9couvrez comment nous avons tout rat\u00e9 et ce qu&#039;il faut savoir avant qu&#039;une telle situation ne se reproduise.<\/p>","protected":false},"featured_media":9017,"template":"","meta":{"_acf_changed":false},"product_brand":[],"product_cat":[125],"product_tag":[48,128,155,43,153,154,129,45,47],"class_list":{"0":"post-9015","1":"product","2":"type-product","3":"status-publish","4":"has-post-thumbnail","6":"product_cat-downloadable-products","7":"product_tag-audio","8":"product_tag-download","9":"product_tag-lessons","10":"product_tag-lessons-from-covid","11":"product_tag-mp3","12":"product_tag-mp4","13":"product_tag-pdf","14":"product_tag-powerpoint","15":"product_tag-video","17":"first","18":"instock","19":"downloadable","20":"virtual","21":"purchasable","22":"product-type-simple"},"acf":[],"_links":{"self":[{"href":"https:\/\/npmin.org\/fr\/wp-json\/wp\/v2\/product\/9015","targetHints":{"allow":["GET"]}}],"collection":[{"href":"https:\/\/npmin.org\/fr\/wp-json\/wp\/v2\/product"}],"about":[{"href":"https:\/\/npmin.org\/fr\/wp-json\/wp\/v2\/types\/product"}],"wp:featuredmedia":[{"embeddable":true,"href":"https:\/\/npmin.org\/fr\/wp-json\/wp\/v2\/media\/9017"}],"wp:attachment":[{"href":"https:\/\/npmin.org\/fr\/wp-json\/wp\/v2\/media?parent=9015"}],"wp:term":[{"taxonomy":"product_brand","embeddable":true,"href":"https:\/\/npmin.org\/fr\/wp-json\/wp\/v2\/product_brand?post=9015"},{"taxonomy":"product_cat","embeddable":true,"href":"https:\/\/npmin.org\/fr\/wp-json\/wp\/v2\/product_cat?post=9015"},{"taxonomy":"product_tag","embeddable":true,"href":"https:\/\/npmin.org\/fr\/wp-json\/wp\/v2\/product_tag?post=9015"}],"curies":[{"name":"wp","href":"https:\/\/api.w.org\/{rel}","templated":true}]}}