{"id":9008,"date":"2025-02-09T19:21:33","date_gmt":"2025-02-09T19:21:33","guid":{"rendered":"https:\/\/npmin.org\/?post_type=product&#038;p=9008"},"modified":"2025-02-09T19:22:38","modified_gmt":"2025-02-09T19:22:38","slug":"biblical-counseling-short-course-download","status":"publish","type":"product","link":"https:\/\/npmin.org\/fr\/produit\/biblical-counseling-short-course-download\/","title":{"rendered":"Cours abr\u00e9g\u00e9 de conseil biblique (t\u00e9l\u00e9chargement)"},"content":{"rendered":"<p>Si quelqu&#039;un traverse des difficult\u00e9s personnelles, si ses relations se d\u00e9t\u00e9riorent ou s&#039;il rencontre des probl\u00e8mes de sant\u00e9, savez-vous ce qui se passe pour pouvoir l&#039;aider\u00a0? Il est important de comprendre comment quelque chose est cens\u00e9 fonctionner et ce qui a provoqu\u00e9 ce dysfonctionnement si vous voulez le r\u00e9tablir.<\/p>\n<p>Ce cours, con\u00e7u par le Dr Mark Sandoval, vous aidera \u00e0 comprendre les difficult\u00e9s spirituelles, \u00e9motionnelles et sociales, et comment ces difficult\u00e9s affectent votre sant\u00e9. Il vous offre une compr\u00e9hension approfondie de l&#039;esprit, des relations, de Dieu, de la nature humaine, du plan du salut et de la Parole de Dieu, afin que vous puissiez aider les autres \u00e0 se lib\u00e9rer de leurs difficult\u00e9s. Ce court cours de conseil biblique contient 28 vid\u00e9os MP4 haute d\u00e9finition, 28 fichiers audio MP3, ainsi que tous les fichiers PowerPoint et PDF de chaque pr\u00e9sentation. Il est t\u00e9l\u00e9chargeable sur votre ordinateur ou appareil mobile. Une bonne connexion internet est n\u00e9cessaire, car certains fichiers sont assez volumineux.<\/p>\n<p>Les titres des pr\u00e9sentations incluent :<\/p>\n<p>1 Principes du conseil guid\u00e9 par l&#039;Esprit<\/p>\n<p>2 Obtenir une histoire de vie<\/p>\n<p>3 Comprendre la sant\u00e9 et la maladie<\/p>\n<p>4 Le r\u00f4le de l&#039;esprit dans la maladie<\/p>\n<p>5 La loi de la vie - Comment fonctionnent les choses<\/p>\n<p>6 Apprendre \u00e0 conna\u00eetre Dieu<\/p>\n<p>7 Pr\u00e9cieux<\/p>\n<p>8 Comment fonctionnent les humains<\/p>\n<p>9 La Chute et ses Cons\u00e9quences<\/p>\n<p>10 Le Plan du Salut \u2013 Partie 1<\/p>\n<p>11 Le r\u00f4le et les limites du choix<\/p>\n<p>12 Le Plan du Salut \u2013 Partie 2a<\/p>\n<p>13 Le Plan du Salut \u2013 Partie 2b<\/p>\n<p>14 Acceptation et abandon<\/p>\n<p>15 Confession, Repentir et Restitution<\/p>\n<p>16 Connect\u00e9 \u00e0 et en croissance dans la vigne<\/p>\n<p>17 Faire face \u00e0 la tentation et aux d\u00e9pendances<\/p>\n<p>18 L&#039;illusion de la nature p\u00e9cheresse<\/p>\n<p>19 Le probl\u00e8me de Dieu<\/p>\n<p>20 Sph\u00e8re d&#039;action<\/p>\n<p>21 limites saines<\/p>\n<p>22 La solution d&#039;identit\u00e9<\/p>\n<p>23 Le talent de la souffrance<\/p>\n<p>24 Autorit\u00e9 et soumission<\/p>\n<p>25 mangeurs ou mangeoires<\/p>\n<p>26 La sant\u00e9 par la foi<\/p>\n<p>27 La v\u00e9ritable cause de la maladie<\/p>\n<p>28 La justice par la foi<\/p>","protected":false},"excerpt":{"rendered":"<p>Ce cours abr\u00e9g\u00e9 en conseil biblique contient 28 vid\u00e9os MP4 haute d\u00e9finition, 28 fichiers audio MP3, ainsi que tous les fichiers PowerPoint et PDF de chaque pr\u00e9sentation. Il a pour objectif de vous aider \u00e0 comprendre les difficult\u00e9s mentales, spirituelles et sociales d&#039;une personne, leurs cons\u00e9quences sur sa sant\u00e9 et comment vous pouvez l&#039;aider \u00e0 se r\u00e9tablir gr\u00e2ce \u00e0 la v\u00e9rit\u00e9. Ces fichiers sont t\u00e9l\u00e9chargeables sur votre ordinateur ou appareil.<\/p>","protected":false},"featured_media":9010,"template":"","meta":{"_acf_changed":false},"product_brand":[],"product_cat":[125],"product_tag":[48,149,128,129,45,47],"class_list":{"0":"post-9008","1":"product","2":"type-product","3":"status-publish","4":"has-post-thumbnail","6":"product_cat-downloadable-products","7":"product_tag-audio","8":"product_tag-biblical-counseling","9":"product_tag-download","10":"product_tag-pdf","11":"product_tag-powerpoint","12":"product_tag-video","14":"first","15":"instock","16":"downloadable","17":"virtual","18":"purchasable","19":"product-type-simple"},"acf":[],"_links":{"self":[{"href":"https:\/\/npmin.org\/fr\/wp-json\/wp\/v2\/product\/9008","targetHints":{"allow":["GET"]}}],"collection":[{"href":"https:\/\/npmin.org\/fr\/wp-json\/wp\/v2\/product"}],"about":[{"href":"https:\/\/npmin.org\/fr\/wp-json\/wp\/v2\/types\/product"}],"wp:featuredmedia":[{"embeddable":true,"href":"https:\/\/npmin.org\/fr\/wp-json\/wp\/v2\/media\/9010"}],"wp:attachment":[{"href":"https:\/\/npmin.org\/fr\/wp-json\/wp\/v2\/media?parent=9008"}],"wp:term":[{"taxonomy":"product_brand","embeddable":true,"href":"https:\/\/npmin.org\/fr\/wp-json\/wp\/v2\/product_brand?post=9008"},{"taxonomy":"product_cat","embeddable":true,"href":"https:\/\/npmin.org\/fr\/wp-json\/wp\/v2\/product_cat?post=9008"},{"taxonomy":"product_tag","embeddable":true,"href":"https:\/\/npmin.org\/fr\/wp-json\/wp\/v2\/product_tag?post=9008"}],"curies":[{"name":"wp","href":"https:\/\/api.w.org\/{rel}","templated":true}]}}