{"id":8967,"date":"2025-01-14T19:07:51","date_gmt":"2025-01-14T19:07:51","guid":{"rendered":"https:\/\/npmin.org\/?post_type=product&#038;p=8967"},"modified":"2025-06-20T10:12:39","modified_gmt":"2025-06-20T04:12:39","slug":"the-law-of-life-ebook-pdf","status":"publish","type":"product","link":"https:\/\/npmin.org\/fr\/produit\/the-law-of-life-ebook-pdf\/","title":{"rendered":"La Loi de la Vie eBook (PDF)"},"content":{"rendered":"<p>Michelle est arriv\u00e9e chez moi avec un cancer de l&#039;abdomen qui s&#039;\u00e9tait propag\u00e9 et r\u00e9sistait \u00e0 toutes les tentatives conventionnelles de le contr\u00f4ler. Elle portait \u00e9galement un lourd fardeau \u00e9motionnel d\u00fb \u00e0 des traumatismes relationnels. Gr\u00e2ce \u00e0 mes \u00e9changes avec les principes de \u00ab\u00a0La Loi de la Vie\u00a0\u00bb et \u00e0 leur mise en pratique, son cancer a r\u00e9gress\u00e9. Elle a retrouv\u00e9 la joie et l&#039;espoir qu&#039;elle avait perdus, et a pris davantage conscience de son but dans la vie. L&#039;histoire de Michelle n&#039;est pas un cas isol\u00e9. Je constate que les relations de mes patients se r\u00e9tablissent, que leur vie spirituelle s&#039;\u00e9panouit et que leur sant\u00e9 mentale s&#039;am\u00e9liore gr\u00e2ce \u00e0 l&#039;application de ces principes. Et vous aussi, vous pouvez le faire. Lisez et relisez \u00ab\u00a0La Loi de la Vie\u00a0\u00bb jusqu&#039;\u00e0 ce que vous compreniez et l&#039;appliquiez \u00e0 votre vie. Vous ne le regretterez pas\u00a0!<\/p>\n<p>Pour le livre audio, veuillez cliquer ici\u00a0: https:\/\/www.audible.com\/pd\/The-Law-of-Life-Audiobook\/B0DSZ192Y8<\/p>","protected":false},"excerpt":{"rendered":"<p>Vous souhaitez gu\u00e9rir d&#039;une maladie, restaurer des relations bris\u00e9es et gu\u00e9rir de votre anxi\u00e9t\u00e9 et de votre d\u00e9pression, tout cela simultan\u00e9ment\u00a0? La Loi de la Vie est le livre qu&#039;il vous faut. Les principes expos\u00e9s dans ce livre ont aid\u00e9 de nombreuses personnes \u00e0 trouver la libert\u00e9 et un but dans leur vie.<\/p>\n<p>Pour le livre audio, veuillez cliquer ici\u00a0: https:\/\/www.audible.com\/pd\/The-Law-of-Life-Audiobook\/B0DSZ192Y8<\/p>","protected":false},"featured_media":8969,"template":"","meta":{"_acf_changed":false},"product_brand":[],"product_cat":[125],"product_tag":[128,126,127,129,49],"class_list":{"0":"post-8967","1":"product","2":"type-product","3":"status-publish","4":"has-post-thumbnail","6":"product_cat-downloadable-products","7":"product_tag-download","8":"product_tag-ebook","9":"product_tag-free","10":"product_tag-pdf","11":"product_tag-the-law-of-life","13":"first","14":"instock","15":"downloadable","16":"virtual","17":"purchasable","18":"product-type-simple"},"acf":[],"_links":{"self":[{"href":"https:\/\/npmin.org\/fr\/wp-json\/wp\/v2\/product\/8967","targetHints":{"allow":["GET"]}}],"collection":[{"href":"https:\/\/npmin.org\/fr\/wp-json\/wp\/v2\/product"}],"about":[{"href":"https:\/\/npmin.org\/fr\/wp-json\/wp\/v2\/types\/product"}],"wp:featuredmedia":[{"embeddable":true,"href":"https:\/\/npmin.org\/fr\/wp-json\/wp\/v2\/media\/8969"}],"wp:attachment":[{"href":"https:\/\/npmin.org\/fr\/wp-json\/wp\/v2\/media?parent=8967"}],"wp:term":[{"taxonomy":"product_brand","embeddable":true,"href":"https:\/\/npmin.org\/fr\/wp-json\/wp\/v2\/product_brand?post=8967"},{"taxonomy":"product_cat","embeddable":true,"href":"https:\/\/npmin.org\/fr\/wp-json\/wp\/v2\/product_cat?post=8967"},{"taxonomy":"product_tag","embeddable":true,"href":"https:\/\/npmin.org\/fr\/wp-json\/wp\/v2\/product_tag?post=8967"}],"curies":[{"name":"wp","href":"https:\/\/api.w.org\/{rel}","templated":true}]}}