{"id":8868,"date":"2024-11-15T22:53:20","date_gmt":"2024-11-15T22:53:20","guid":{"rendered":"https:\/\/npmin.org\/?post_type=product&#038;p=8868"},"modified":"2026-04-06T00:41:48","modified_gmt":"2026-04-05T18:41:48","slug":"the-law-of-life-workbook","status":"publish","type":"product","link":"https:\/\/npmin.org\/fr\/produit\/the-law-of-life-workbook\/","title":{"rendered":"Le cahier d&#039;exercices sur la loi de la vie"},"content":{"rendered":"<p>Ce cahier d&#039;exercices est con\u00e7u pour accompagner le livre \u00ab\u00a0La Loi de la Vie\u00a0\u00bb, ou le livre \u00ab\u00a0La Loi de la Vie (\u00c9dition Wedge). Il contient des questions pertinentes, des passages bibliques et des exercices de r\u00e9flexion pour aider le lecteur \u00e0 mieux comprendre les concepts abord\u00e9s dans le livre \u00ab\u00a0La Loi de la Vie\u00a0\u00bb. Il l&#039;aide \u00e9galement \u00e0 les appliquer dans sa vie. Nous sugg\u00e9rons \u00e0 tous ceux qui poss\u00e8dent le livre \u00ab\u00a0La Loi de la Vie\u00a0\u00bb de se procurer un exemplaire du cahier d&#039;exercices \u00ab\u00a0La Loi de la Vie\u00a0\u00bb pour favoriser leur d\u00e9veloppement personnel.<\/p>","protected":false},"excerpt":{"rendered":"<p>Si vous poss\u00e9dez le livre Law of Life ou Law of Life (Wedge Edition), si vous avez la cl\u00e9 USB Law of Life ou si vous suivez le cours Law of Life, vous voudrez \u00e9galement avoir ce cahier d&#039;exercices Law of Life.<\/p>","protected":false},"featured_media":8870,"template":"","meta":{"_acf_changed":false},"product_brand":[],"product_cat":[38],"product_tag":[49,123],"class_list":{"0":"post-8868","1":"product","2":"type-product","3":"status-publish","4":"has-post-thumbnail","6":"product_cat-books","7":"product_tag-the-law-of-life","8":"product_tag-workbook","10":"first","11":"instock","12":"shipping-taxable","13":"purchasable","14":"product-type-simple"},"acf":[],"_links":{"self":[{"href":"https:\/\/npmin.org\/fr\/wp-json\/wp\/v2\/product\/8868","targetHints":{"allow":["GET"]}}],"collection":[{"href":"https:\/\/npmin.org\/fr\/wp-json\/wp\/v2\/product"}],"about":[{"href":"https:\/\/npmin.org\/fr\/wp-json\/wp\/v2\/types\/product"}],"wp:featuredmedia":[{"embeddable":true,"href":"https:\/\/npmin.org\/fr\/wp-json\/wp\/v2\/media\/8870"}],"wp:attachment":[{"href":"https:\/\/npmin.org\/fr\/wp-json\/wp\/v2\/media?parent=8868"}],"wp:term":[{"taxonomy":"product_brand","embeddable":true,"href":"https:\/\/npmin.org\/fr\/wp-json\/wp\/v2\/product_brand?post=8868"},{"taxonomy":"product_cat","embeddable":true,"href":"https:\/\/npmin.org\/fr\/wp-json\/wp\/v2\/product_cat?post=8868"},{"taxonomy":"product_tag","embeddable":true,"href":"https:\/\/npmin.org\/fr\/wp-json\/wp\/v2\/product_tag?post=8868"}],"curies":[{"name":"wp","href":"https:\/\/api.w.org\/{rel}","templated":true}]}}