{"id":8719,"date":"2024-09-24T15:39:28","date_gmt":"2024-09-24T15:39:28","guid":{"rendered":"https:\/\/npmin.org\/?post_type=product&#038;p=8719"},"modified":"2025-01-06T15:03:05","modified_gmt":"2025-01-06T15:03:05","slug":"bible-promises-for-freedom","status":"publish","type":"product","link":"https:\/\/npmin.org\/fr\/produit\/bible-promises-for-freedom\/","title":{"rendered":"Les promesses bibliques pour la libert\u00e9"},"content":{"rendered":"<p style=\"font-weight: 400;\">Les Promesses Bibliques pour la Libert\u00e9 est votre ressource pour surmonter les pens\u00e9es n\u00e9gatives. Si vous luttez contre le stress, la culpabilit\u00e9, l&#039;amertume, l&#039;anxi\u00e9t\u00e9, la d\u00e9pression, les addictions, le rejet, le d\u00e9sespoir, la luxure ou d&#039;autres probl\u00e8mes, vous avez besoin de la puissance des promesses de Dieu pour vous aider \u00e0 les surmonter. Mais beaucoup ignorent comment les trouver ou les utiliser correctement. Les Promesses Bibliques pour la Libert\u00e9 vous aident \u00e0 trouver les promesses bibliques dont vous avez besoin. Mais plus encore, elles vous proposent des moyens pratiques de les utiliser pour vous lib\u00e9rer. Le Dr Sandoval aide les gens \u00e0 se lib\u00e9rer de leurs difficult\u00e9s depuis des ann\u00e9es et partage avec vous les enseignements tir\u00e9s de son combat personnel pour vous aider \u00e0 les surmonter.<\/p>","protected":false},"excerpt":{"rendered":"<p style=\"font-weight: 400;\">Bible Promises for Freedom vous aide \u00e0 savoir comment surmonter les pens\u00e9es n\u00e9gatives en utilisant la parole de Dieu et vous fournit les promesses de la Parole dont vous avez besoin pour \u00eatre libre.<\/p>","protected":false},"featured_media":8722,"template":"","meta":{"_acf_changed":false},"product_brand":[],"product_cat":[38],"product_tag":[],"class_list":{"0":"post-8719","1":"product","2":"type-product","3":"status-publish","4":"has-post-thumbnail","6":"product_cat-books","8":"first","9":"instock","10":"shipping-taxable","11":"purchasable","12":"product-type-simple"},"acf":[],"_links":{"self":[{"href":"https:\/\/npmin.org\/fr\/wp-json\/wp\/v2\/product\/8719","targetHints":{"allow":["GET"]}}],"collection":[{"href":"https:\/\/npmin.org\/fr\/wp-json\/wp\/v2\/product"}],"about":[{"href":"https:\/\/npmin.org\/fr\/wp-json\/wp\/v2\/types\/product"}],"wp:featuredmedia":[{"embeddable":true,"href":"https:\/\/npmin.org\/fr\/wp-json\/wp\/v2\/media\/8722"}],"wp:attachment":[{"href":"https:\/\/npmin.org\/fr\/wp-json\/wp\/v2\/media?parent=8719"}],"wp:term":[{"taxonomy":"product_brand","embeddable":true,"href":"https:\/\/npmin.org\/fr\/wp-json\/wp\/v2\/product_brand?post=8719"},{"taxonomy":"product_cat","embeddable":true,"href":"https:\/\/npmin.org\/fr\/wp-json\/wp\/v2\/product_cat?post=8719"},{"taxonomy":"product_tag","embeddable":true,"href":"https:\/\/npmin.org\/fr\/wp-json\/wp\/v2\/product_tag?post=8719"}],"curies":[{"name":"wp","href":"https:\/\/api.w.org\/{rel}","templated":true}]}}