{"id":7702,"date":"2024-08-21T18:13:54","date_gmt":"2024-08-21T18:13:54","guid":{"rendered":"https:\/\/npmin.org\/?post_type=product&#038;p=7702"},"modified":"2026-03-02T05:37:29","modified_gmt":"2026-03-01T23:37:29","slug":"improving-relationships-flash-drive","status":"publish","type":"product","link":"https:\/\/npmin.org\/fr\/produit\/improving-relationships-flash-drive\/","title":{"rendered":"Am\u00e9liorer les relations (cl\u00e9 USB)"},"content":{"rendered":"<p><span style=\"font-weight: 300;\">Si vous avez d\u00e9j\u00e0 rencontr\u00e9 des difficult\u00e9s relationnelles, la s\u00e9rie de vid\u00e9os \u00ab\u00a0Am\u00e9liorer ses relations\u00a0\u00bb est faite pour vous. \u00c0 travers 12 vid\u00e9os haute d\u00e9finition (accompagn\u00e9es des fichiers audio mp3, des fichiers PowerPoint et des PDF de toutes les diapositives), le Dr Sandoval vous emm\u00e8ne au c\u0153ur du probl\u00e8me, au-del\u00e0 des sources de confusion. Il vous apporte des \u00e9clairages et des solutions \u00e0 certains de vos probl\u00e8mes relationnels les plus profonds. Et il vous encourage, \u00e0 l&#039;aide d&#039;histoires, d&#039;illustrations, d&#039;exp\u00e9riences personnelles et des principes de la Parole de Dieu, \u00e0 adopter ces principes qui transformeront vos relations.<\/span><\/p>","protected":false},"excerpt":{"rendered":"<p><span style=\"font-weight: 300;\">Si vous avez d\u00e9j\u00e0 rencontr\u00e9 des difficult\u00e9s relationnelles, la s\u00e9rie vid\u00e9o \u00ab\u00a0Am\u00e9liorer ses relations\u00a0\u00bb est faite pour vous. Elle comprend 12 vid\u00e9os haute d\u00e9finition (accompagn\u00e9es des fichiers audio MP3, PowerPoint et PDF de toutes les diapositives). <\/span><\/p>","protected":false},"featured_media":7703,"template":"","meta":{"_acf_changed":false},"product_brand":[],"product_cat":[37,39],"product_tag":[],"class_list":{"0":"post-7702","1":"product","2":"type-product","3":"status-publish","4":"has-post-thumbnail","6":"product_cat-media-books-videos-etc","7":"product_cat-videos","9":"first","10":"instock","11":"shipping-taxable","12":"purchasable","13":"product-type-simple"},"acf":[],"_links":{"self":[{"href":"https:\/\/npmin.org\/fr\/wp-json\/wp\/v2\/product\/7702","targetHints":{"allow":["GET"]}}],"collection":[{"href":"https:\/\/npmin.org\/fr\/wp-json\/wp\/v2\/product"}],"about":[{"href":"https:\/\/npmin.org\/fr\/wp-json\/wp\/v2\/types\/product"}],"wp:featuredmedia":[{"embeddable":true,"href":"https:\/\/npmin.org\/fr\/wp-json\/wp\/v2\/media\/7703"}],"wp:attachment":[{"href":"https:\/\/npmin.org\/fr\/wp-json\/wp\/v2\/media?parent=7702"}],"wp:term":[{"taxonomy":"product_brand","embeddable":true,"href":"https:\/\/npmin.org\/fr\/wp-json\/wp\/v2\/product_brand?post=7702"},{"taxonomy":"product_cat","embeddable":true,"href":"https:\/\/npmin.org\/fr\/wp-json\/wp\/v2\/product_cat?post=7702"},{"taxonomy":"product_tag","embeddable":true,"href":"https:\/\/npmin.org\/fr\/wp-json\/wp\/v2\/product_tag?post=7702"}],"curies":[{"name":"wp","href":"https:\/\/api.w.org\/{rel}","templated":true}]}}