{"id":6115,"date":"2024-07-25T18:58:38","date_gmt":"2024-07-25T18:58:38","guid":{"rendered":"https:\/\/npmin.org\/?post_type=product&#038;p=6115"},"modified":"2024-12-22T01:27:37","modified_gmt":"2024-12-22T01:27:37","slug":"life-lessons-from-luke-volume-1","status":"publish","type":"product","link":"https:\/\/npmin.org\/fr\/produit\/life-lessons-from-luke-volume-1\/","title":{"rendered":"Le\u00e7ons de vie de Luc, tome 1"},"content":{"rendered":"<p style=\"font-weight: 400;\">Dans Le\u00e7ons de vie selon Luc, volume 1, le Dr Mark Sandoval vous accompagne, verset par verset, \u00e0 travers les chapitres 1 \u00e0 4 de Luc. \u00c0 l&#039;aide d&#039;histoires captivantes, d&#039;analogies et de faits concrets, il illustre les principes fondamentaux de mani\u00e8re \u00e0 vous aider \u00e0 comprendre la beaut\u00e9 profonde de l&#039;\u00c9vangile. Gr\u00e2ce \u00e0 ce livre, vous serez encourag\u00e9, inspir\u00e9 et mis au d\u00e9fi dans votre cheminement personnel avec Dieu. Vous d\u00e9couvrirez \u00e9galement les cl\u00e9s n\u00e9cessaires pour vous lib\u00e9rer des probl\u00e8mes auxquels vous \u00eates confront\u00e9s. Des illustrations personnelles vous aideront \u00e0 comprendre que vous n&#039;\u00eates pas seul dans votre combat, mais aussi que vous avez beaucoup d&#039;espoir gr\u00e2ce \u00e0 ce que J\u00e9sus a fait pour vous. En bref, si vous souhaitez \u00eatre inspir\u00e9, mis au d\u00e9fi et recevoir les cl\u00e9s n\u00e9cessaires \u00e0 votre lib\u00e9ration, Le\u00e7ons de vie selon Luc, volume 1, est fait pour vous.<\/p>","protected":false},"excerpt":{"rendered":"<p>Dans \u00ab\u00a0Le\u00e7ons de vie tir\u00e9es de Luc\u00a0\u00bb, volume 1, le Dr Mark Sandoval vous accompagne, verset par verset, \u00e0 travers les chapitres 1 \u00e0 4 de Luc. \u00c0 l&#039;aide d&#039;histoires captivantes, d&#039;analogies et de faits relatifs au texte, il illustre les principes fondamentaux de mani\u00e8re \u00e0 vous aider \u00e0 comprendre la beaut\u00e9 profonde de l&#039;\u00c9vangile.<\/p>","protected":false},"featured_media":6116,"template":"","meta":{"_acf_changed":false},"product_brand":[],"product_cat":[38],"product_tag":[],"class_list":{"0":"post-6115","1":"product","2":"type-product","3":"status-publish","4":"has-post-thumbnail","6":"product_cat-books","8":"first","9":"instock","10":"shipping-taxable","11":"purchasable","12":"product-type-simple"},"acf":[],"_links":{"self":[{"href":"https:\/\/npmin.org\/fr\/wp-json\/wp\/v2\/product\/6115","targetHints":{"allow":["GET"]}}],"collection":[{"href":"https:\/\/npmin.org\/fr\/wp-json\/wp\/v2\/product"}],"about":[{"href":"https:\/\/npmin.org\/fr\/wp-json\/wp\/v2\/types\/product"}],"wp:featuredmedia":[{"embeddable":true,"href":"https:\/\/npmin.org\/fr\/wp-json\/wp\/v2\/media\/6116"}],"wp:attachment":[{"href":"https:\/\/npmin.org\/fr\/wp-json\/wp\/v2\/media?parent=6115"}],"wp:term":[{"taxonomy":"product_brand","embeddable":true,"href":"https:\/\/npmin.org\/fr\/wp-json\/wp\/v2\/product_brand?post=6115"},{"taxonomy":"product_cat","embeddable":true,"href":"https:\/\/npmin.org\/fr\/wp-json\/wp\/v2\/product_cat?post=6115"},{"taxonomy":"product_tag","embeddable":true,"href":"https:\/\/npmin.org\/fr\/wp-json\/wp\/v2\/product_tag?post=6115"}],"curies":[{"name":"wp","href":"https:\/\/api.w.org\/{rel}","templated":true}]}}