{"id":6042,"date":"2024-03-14T09:34:15","date_gmt":"2024-03-14T09:34:15","guid":{"rendered":"https:\/\/npmin.org\/?post_type=product&#038;p=6042"},"modified":"2026-03-02T05:39:10","modified_gmt":"2026-03-01T23:39:10","slug":"the-law-of-life-flash-drive","status":"publish","type":"product","link":"https:\/\/npmin.org\/fr\/produit\/the-law-of-life-flash-drive\/","title":{"rendered":"La loi de la vie (cl\u00e9 USB)"},"content":{"rendered":"<p>La cl\u00e9 USB \u00ab\u00a0La Loi de la Vie\u00a0\u00bb contient 16 vid\u00e9os haute d\u00e9finition, soit 15 heures de contenu, reprenant le plan et le contenu du livre \u00ab\u00a0La Loi de la Vie\u00a0\u00bb. Outre les vid\u00e9os, elle est accompagn\u00e9e de 16 fichiers audio MP3 pour \u00e9couter les pr\u00e9sentations en voiture ou au travail. La cl\u00e9 USB contient \u00e9galement tous les fichiers PowerPoint utilis\u00e9s pour les pr\u00e9sentations, ainsi que les fichiers PDF de toutes les diapositives utilis\u00e9es.<\/p>","protected":false},"excerpt":{"rendered":"<p>La cl\u00e9 USB \u00ab\u00a0La Loi de la Vie\u00a0\u00bb contient 16 vid\u00e9os haute d\u00e9finition (accompagn\u00e9es de fichiers audio, PowerPoint et PDF) reprenant le plan et le contenu du livre \u00ab\u00a0La Loi de la Vie\u00a0\u00bb. Au total, 15\u00a0heures de contenu vid\u00e9o sont disponibles.<\/p>","protected":false},"featured_media":6043,"template":"","meta":{"_acf_changed":false},"product_brand":[],"product_cat":[37,39],"product_tag":[48,40,49,47],"class_list":{"0":"post-6042","1":"product","2":"type-product","3":"status-publish","4":"has-post-thumbnail","6":"product_cat-media-books-videos-etc","7":"product_cat-videos","8":"product_tag-audio","9":"product_tag-flash-drive","10":"product_tag-the-law-of-life","11":"product_tag-video","13":"first","14":"instock","15":"shipping-taxable","16":"purchasable","17":"product-type-simple"},"acf":[],"_links":{"self":[{"href":"https:\/\/npmin.org\/fr\/wp-json\/wp\/v2\/product\/6042","targetHints":{"allow":["GET"]}}],"collection":[{"href":"https:\/\/npmin.org\/fr\/wp-json\/wp\/v2\/product"}],"about":[{"href":"https:\/\/npmin.org\/fr\/wp-json\/wp\/v2\/types\/product"}],"wp:featuredmedia":[{"embeddable":true,"href":"https:\/\/npmin.org\/fr\/wp-json\/wp\/v2\/media\/6043"}],"wp:attachment":[{"href":"https:\/\/npmin.org\/fr\/wp-json\/wp\/v2\/media?parent=6042"}],"wp:term":[{"taxonomy":"product_brand","embeddable":true,"href":"https:\/\/npmin.org\/fr\/wp-json\/wp\/v2\/product_brand?post=6042"},{"taxonomy":"product_cat","embeddable":true,"href":"https:\/\/npmin.org\/fr\/wp-json\/wp\/v2\/product_cat?post=6042"},{"taxonomy":"product_tag","embeddable":true,"href":"https:\/\/npmin.org\/fr\/wp-json\/wp\/v2\/product_tag?post=6042"}],"curies":[{"name":"wp","href":"https:\/\/api.w.org\/{rel}","templated":true}]}}