{"id":5525,"date":"2023-05-08T21:11:03","date_gmt":"2023-05-08T21:11:03","guid":{"rendered":"https:\/\/npmin.org\/?post_type=product&#038;p=5525"},"modified":"2026-04-12T08:41:37","modified_gmt":"2026-04-12T02:41:37","slug":"la-ley-de-la-vida","status":"publish","type":"product","link":"https:\/\/npmin.org\/fr\/produit\/la-ley-de-la-vida\/","title":{"rendered":"La Loi de la Vie"},"content":{"rendered":"<p style=\"font-weight: 400;\">Michelle est devenue atteinte d&#039;un cancer abdominal qui s&#039;\u00e9tait \u00e9tendu et avait r\u00e9sist\u00e9 \u00e0 toutes les intentions conventionnelles de contr\u00f4le. Elle vient \u00e9galement avec l&#039;\u00e9quipement \u00e9motionnel des traumatismes de la relation. En partageant les principes contenus dans \u00ab La Loi de la Vie \u00bb, et en appliquant ces principes \u00e0 votre vie, votre cancer sera r\u00e9tabli. Obtuvo el gozo et l&#039;espoir qu&#039;il avait perdu, et tuvo une plus grande appr\u00e9ciation de son prop\u00f3sito dans la vie. L\u2019histoire de Michelle n\u2019est pas un cas isol\u00e9. Veo la restauration des relations de mes patients, la flore de la vie spirituelle et l&#039;am\u00e9lioration de la sant\u00e9 mentale lorsque ces principes sont appliqu\u00e9s. Et tu peux aussi le faire. Lee et lib\u00e9r\u00e9 \u00ab La Ley de la Vida \u00bb a que les entiendas et les applications \u00e0 votre vie. Ne t&#039;arrepentir\u00e1s\u00a0!<\/p>\n<p><span style=\"font-weight: 400;\">282 pages<\/span><\/p>","protected":false},"excerpt":{"rendered":"<p>Voulez-vous gu\u00e9rir une maladie, restaurer des relations douloureuses et r\u00e9cup\u00e9rer votre vie et votre d\u00e9pression, tout en m\u00eame temps? La Ley de la Vida est le livre que vous avez besoin. Les principes d\u00e9crits dans ce livre ont aid\u00e9 de nombreuses personnes \u00e0 rencontrer la libert\u00e9 et la proposition.<\/p>","protected":false},"featured_media":5526,"template":"","meta":{"_acf_changed":false},"product_brand":[],"product_cat":[38],"product_tag":[],"class_list":{"0":"post-5525","1":"product","2":"type-product","3":"status-publish","4":"has-post-thumbnail","6":"product_cat-books","8":"first","9":"instock","10":"purchasable","11":"product-type-simple"},"acf":[],"_links":{"self":[{"href":"https:\/\/npmin.org\/fr\/wp-json\/wp\/v2\/product\/5525","targetHints":{"allow":["GET"]}}],"collection":[{"href":"https:\/\/npmin.org\/fr\/wp-json\/wp\/v2\/product"}],"about":[{"href":"https:\/\/npmin.org\/fr\/wp-json\/wp\/v2\/types\/product"}],"wp:featuredmedia":[{"embeddable":true,"href":"https:\/\/npmin.org\/fr\/wp-json\/wp\/v2\/media\/5526"}],"wp:attachment":[{"href":"https:\/\/npmin.org\/fr\/wp-json\/wp\/v2\/media?parent=5525"}],"wp:term":[{"taxonomy":"product_brand","embeddable":true,"href":"https:\/\/npmin.org\/fr\/wp-json\/wp\/v2\/product_brand?post=5525"},{"taxonomy":"product_cat","embeddable":true,"href":"https:\/\/npmin.org\/fr\/wp-json\/wp\/v2\/product_cat?post=5525"},{"taxonomy":"product_tag","embeddable":true,"href":"https:\/\/npmin.org\/fr\/wp-json\/wp\/v2\/product_tag?post=5525"}],"curies":[{"name":"wp","href":"https:\/\/api.w.org\/{rel}","templated":true}]}}