{"id":5520,"date":"2023-05-08T18:15:36","date_gmt":"2023-05-08T18:15:36","guid":{"rendered":"https:\/\/npmin.org\/?post_type=product&#038;p=5520"},"modified":"2026-03-02T05:39:54","modified_gmt":"2026-03-01T23:39:54","slug":"5520","status":"publish","type":"product","link":"https:\/\/npmin.org\/fr\/produit\/5520\/","title":{"rendered":"Les le\u00e7ons du Covid (cl\u00e9 USB)"},"content":{"rendered":"<p>&nbsp;<\/p>\n<p>Les le\u00e7ons de la Covid est une s\u00e9rie de 11 pr\u00e9sentations vid\u00e9o (incluant toutes les diapositives PowerPoint et les fichiers PDF) qui abordent les questions suivantes\u00a0: Faut-il tomber malade simplement parce que son entourage est malade\u00a0? Peut-on vivre sans peur en pleine pand\u00e9mie ou \u00e9pid\u00e9mie\u00a0? Pourquoi tombons-nous malades\u00a0? Que faut-il pour \u00eatre en bonne sant\u00e9\u00a0? La cause de la maladie est-elle externe ou interne\u00a0? Quel est le but des \u00e9v\u00e9nements entourant la pand\u00e9mie de Covid\u00a0? Et o\u00f9 cela nous m\u00e8nera-t-il \u00e0 l\u2019avenir\u00a0? Si vous souhaitez des r\u00e9ponses \u00e0 ces questions et \u00e0 bien d\u2019autres, les le\u00e7ons de la Covid sont faites pour vous.<\/p>","protected":false},"excerpt":{"rendered":"<p>\u00ab\u00a0Lessons from Covid\u00a0\u00bb est une pr\u00e9sentation vid\u00e9o en 11 parties sur cl\u00e9 USB, que vous pouvez visionner sur votre ordinateur, votre t\u00e9l\u00e9viseur avec port USB ou toute autre plateforme multim\u00e9dia compatible USB. La pr\u00e9sentation comprend les 11 vid\u00e9os, ainsi que toutes les diapositives PowerPoint et les fichiers PDF, pour que vous puissiez les partager o\u00f9 que vous soyez.<\/p>","protected":false},"featured_media":7699,"template":"","meta":{"_acf_changed":false},"product_brand":[],"product_cat":[39],"product_tag":[40,41,42,43,44,45,46,47],"class_list":{"0":"post-5520","1":"product","2":"type-product","3":"status-publish","4":"has-post-thumbnail","6":"product_cat-videos","7":"product_tag-flash-drive","8":"product_tag-high-definition","9":"product_tag-infection","10":"product_tag-lessons-from-covid","11":"product_tag-pandemic","12":"product_tag-powerpoint","13":"product_tag-sickness","14":"product_tag-video","16":"first","17":"instock","18":"purchasable","19":"product-type-simple"},"acf":[],"_links":{"self":[{"href":"https:\/\/npmin.org\/fr\/wp-json\/wp\/v2\/product\/5520","targetHints":{"allow":["GET"]}}],"collection":[{"href":"https:\/\/npmin.org\/fr\/wp-json\/wp\/v2\/product"}],"about":[{"href":"https:\/\/npmin.org\/fr\/wp-json\/wp\/v2\/types\/product"}],"wp:featuredmedia":[{"embeddable":true,"href":"https:\/\/npmin.org\/fr\/wp-json\/wp\/v2\/media\/7699"}],"wp:attachment":[{"href":"https:\/\/npmin.org\/fr\/wp-json\/wp\/v2\/media?parent=5520"}],"wp:term":[{"taxonomy":"product_brand","embeddable":true,"href":"https:\/\/npmin.org\/fr\/wp-json\/wp\/v2\/product_brand?post=5520"},{"taxonomy":"product_cat","embeddable":true,"href":"https:\/\/npmin.org\/fr\/wp-json\/wp\/v2\/product_cat?post=5520"},{"taxonomy":"product_tag","embeddable":true,"href":"https:\/\/npmin.org\/fr\/wp-json\/wp\/v2\/product_tag?post=5520"}],"curies":[{"name":"wp","href":"https:\/\/api.w.org\/{rel}","templated":true}]}}