{"id":4353,"date":"2023-01-17T05:01:48","date_gmt":"2023-01-17T05:01:48","guid":{"rendered":"https:\/\/npmin.org\/?post_type=product&#038;p=4353"},"modified":"2026-03-02T06:10:44","modified_gmt":"2026-03-02T00:10:44","slug":"winning-the-battle","status":"publish","type":"product","link":"https:\/\/npmin.org\/fr\/produit\/winning-the-battle\/","title":{"rendered":"Gagner la bataille contre l&#039;ob\u00e9sit\u00e9, le cholest\u00e9rol, le diab\u00e8te et l&#039;hypertension"},"content":{"rendered":"<p>Winning the Battle est une approche simple pour vous aider \u00e0 vaincre l&#039;ob\u00e9sit\u00e9, l&#039;hypercholest\u00e9rol\u00e9mie, le diab\u00e8te de type 2 et l&#039;hypertension art\u00e9rielle \u00e0 domicile. Peu d&#039;informations sont partag\u00e9es sur la physiopathologie de chaque maladie. L&#039;approche se concentre plut\u00f4t sur les solutions possibles, en abordant chaque probl\u00e8me par des \u00e9tapes simples permettant de l&#039;inverser. Cette approche est le fruit de nombreuses ann\u00e9es d&#039;exp\u00e9rience aupr\u00e8s de patients en centre de bien-\u00eatre et de leur accompagnement pour inverser la tendance.<\/p>","protected":false},"excerpt":{"rendered":"<p>Winning the Battle est une approche simple pour vous aider \u00e0 vaincre l&#039;ob\u00e9sit\u00e9, l&#039;hypercholest\u00e9rol\u00e9mie, le diab\u00e8te de type 2 et l&#039;hypertension art\u00e9rielle \u00e0 domicile. Peu d&#039;informations sont partag\u00e9es sur la physiopathologie de chaque maladie. L&#039;approche se concentre plut\u00f4t sur les solutions possibles, en abordant chaque probl\u00e8me par des \u00e9tapes simples permettant de l&#039;inverser. Cette approche est le fruit de nombreuses ann\u00e9es d&#039;exp\u00e9rience aupr\u00e8s de patients en centre de bien-\u00eatre et de leur accompagnement pour inverser la tendance.<\/p>","protected":false},"featured_media":4354,"template":"","meta":{"_acf_changed":false},"product_brand":[],"product_cat":[38],"product_tag":[],"class_list":{"0":"post-4353","1":"product","2":"type-product","3":"status-publish","4":"has-post-thumbnail","6":"product_cat-books","8":"first","9":"outofstock","10":"purchasable","11":"product-type-simple"},"acf":[],"_links":{"self":[{"href":"https:\/\/npmin.org\/fr\/wp-json\/wp\/v2\/product\/4353","targetHints":{"allow":["GET"]}}],"collection":[{"href":"https:\/\/npmin.org\/fr\/wp-json\/wp\/v2\/product"}],"about":[{"href":"https:\/\/npmin.org\/fr\/wp-json\/wp\/v2\/types\/product"}],"wp:featuredmedia":[{"embeddable":true,"href":"https:\/\/npmin.org\/fr\/wp-json\/wp\/v2\/media\/4354"}],"wp:attachment":[{"href":"https:\/\/npmin.org\/fr\/wp-json\/wp\/v2\/media?parent=4353"}],"wp:term":[{"taxonomy":"product_brand","embeddable":true,"href":"https:\/\/npmin.org\/fr\/wp-json\/wp\/v2\/product_brand?post=4353"},{"taxonomy":"product_cat","embeddable":true,"href":"https:\/\/npmin.org\/fr\/wp-json\/wp\/v2\/product_cat?post=4353"},{"taxonomy":"product_tag","embeddable":true,"href":"https:\/\/npmin.org\/fr\/wp-json\/wp\/v2\/product_tag?post=4353"}],"curies":[{"name":"wp","href":"https:\/\/api.w.org\/{rel}","templated":true}]}}